{"id":121,"date":"2016-10-05T10:17:54","date_gmt":"2016-10-05T10:17:54","guid":{"rendered":"http:\/\/localhost\/flash-new\/?page_id=121"},"modified":"2024-02-06T18:48:21","modified_gmt":"2024-02-06T17:48:21","slug":"about","status":"publish","type":"page","link":"https:\/\/ratmed.org\/index.php\/about\/","title":{"rendered":"O nas:"},"content":{"rendered":"<p>Polskie Towarzystwo Ratownictwa Medycznego (PTRM) zosta\u0142o utworzone w\u00a02020 roku. Towarzystwo dzia\u0142a na podstawie ustawy z dnia 7 kwietnia 1989 r. o stowarzyszeniach i posiada osobowo\u015b\u0107 prawn\u0105.<\/p>\n<p>PTRM ma charakter towarzystwa naukowego, w zakresie nauk medycznych, nauk o zdrowiu, nauk humanistycznych i nauk ekonomicznych w tym nauk o zarz\u0105dzaniu oraz towarzystwa zawodowego zwi\u0105zanego z kszta\u0142ceniem i wykonywaniem zawodu ratownika medycznego.<\/p>\n<p>Zapraszamy wszystkich Przyjaci\u00f3\u0142, Kole\u017canki i Koleg\u00f3w, Znajomych, ca\u0142\u0105 Bra\u0107 Ratownicz\u0105 do wsp\u00f3\u0142pracy i zach\u0119camy do wst\u0105pienia w szeregi Cz\u0142onk\u00f3w Polskiego Towarzystwa Ratownik\u00f3w Medycznych i zaanga\u017cowania si\u0119 w prace Towarzystwa na rzecz rozwoju zawodu ratownika medycznego.<\/p>\n<p>Pomimo, \u017ce jeste\u015bmy kolejnym stowarzyszeniem, wyr\u00f3\u017cnia Nas to, \u017ce jeste\u015bmy grup\u0105 do\u015bwiadczonych os\u00f3b. Wsp\u00f3lnie ze swoimi cz\u0142onkami podejmujemy dzia\u0142ania dla dobra ca\u0142ego \u015brodowiska ratownik\u00f3w medycznych.<\/p>\n<p>Dzia\u0142alno\u015b\u0107 PTRM ma na celu integracj\u0119 \u015brodowiska ratownik\u00f3w medycznych, podj\u0119cie szeroko rozumianej wsp\u00f3\u0142pracy pomi\u0119dzy r\u00f3\u017cnymi gremiami naukowymi w dziedzinie nauk medycznych czy nauk o zdrowiu, jak r\u00f3wnie\u017c umo\u017cliwienie grupie zawodowej ratownik\u00f3w medycznych rozwoju zawodowego oraz naukowego.<\/p>\n<p>Obserwujemy, \u017ce obecnie \u015brodowisko ratownik\u00f3w medycznych nie jest wystarczaj\u0105co reprezentowane zar\u00f3wno w samym \u015brodowisku medycznym jak r\u00f3wnie\u017c w trakcie procesu legislacyjnego. Mo\u017cemy wsp\u00f3lnie to zmieni\u0107.<\/p>\n<p>Towarzystwo ma charakter og\u00f3lnopolski. Nie jest organizacj\u0105 zwi\u0105zkow\u0105, st\u0105d podejmowane dzia\u0142ania nie b\u0119d\u0105 ogranicza\u0142y si\u0119 tylko do aspekt\u00f3w bezpiecze\u0144stwa wykonywania zawodu ale do okre\u015blania sposobu post\u0119powania, rekomendowania procedur, podejmowania dzia\u0142a\u0144 szkoleniowych.<\/p>\n<p><strong>Cz\u0142onkiem Towarzystwa mo\u017ce zosta\u0107 ka\u017cdy ratownik medyczny<\/strong>!<\/p>\n<p style=\"text-align: right;\"><strong>Z wyrazami szacunku<\/strong><\/p>\n<p style=\"text-align: right;\"><strong>Zarz\u0105d G\u0142\u00f3wny PTRM<\/strong><\/p>\n<p><span style=\"font-size: 14pt; color: #ff0000;\"><strong> <img loading=\"lazy\" decoding=\"async\" class=\"wp-image-1526 size-large aligncenter\" src=\"https:\/\/ratmed.org\/wp-content\/uploads\/2020\/01\/Logo-strony-PTRM-2-1024x154.png\" alt=\"\" width=\"780\" height=\"117\" srcset=\"https:\/\/ratmed.org\/wp-content\/uploads\/2020\/01\/Logo-strony-PTRM-2-1024x154.png 1024w, https:\/\/ratmed.org\/wp-content\/uploads\/2020\/01\/Logo-strony-PTRM-2-300x45.png 300w, https:\/\/ratmed.org\/wp-content\/uploads\/2020\/01\/Logo-strony-PTRM-2-768x115.png 768w, https:\/\/ratmed.org\/wp-content\/uploads\/2020\/01\/Logo-strony-PTRM-2.png 1333w\" sizes=\"auto, (max-width: 780px) 100vw, 780px\" \/><\/strong><\/span><\/p>\n<p style=\"text-align: center;\">\n","protected":false},"excerpt":{"rendered":"<p>Polskie Towarzystwo Ratownictwa Medycznego (PTRM) zosta\u0142o utworzone w\u00a02020 roku. Towarzystwo dzia\u0142a na podstawie ustawy z dnia 7 kwietnia 1989 r. [&hellip;]<\/p>\n","protected":false},"author":1,"featured_media":0,"parent":0,"menu_order":0,"comment_status":"closed","ping_status":"closed","template":"","meta":{"footnotes":"","_links_to":"","_links_to_target":""},"class_list":["post-121","page","type-page","status-publish","hentry"],"yoast_head":"<!-- This site is optimized with the Yoast SEO plugin v27.4 - https:\/\/yoast.com\/product\/yoast-seo-wordpress\/ -->\n<title>O nas: -<\/title>\n<meta name=\"robots\" content=\"index, follow, max-snippet:-1, max-image-preview:large, max-video-preview:-1\" \/>\n<link rel=\"canonical\" href=\"https:\/\/ratmed.org\/index.php\/about\/\" \/>\n<meta property=\"og:locale\" content=\"pl_PL\" \/>\n<meta property=\"og:type\" content=\"article\" \/>\n<meta property=\"og:title\" content=\"O nas: -\" \/>\n<meta property=\"og:description\" content=\"Polskie Towarzystwo Ratownictwa Medycznego (PTRM) zosta\u0142o utworzone w\u00a02020 roku. Towarzystwo dzia\u0142a na podstawie ustawy z dnia 7 kwietnia 1989 r. [&hellip;]\" \/>\n<meta property=\"og:url\" content=\"https:\/\/ratmed.org\/index.php\/about\/\" \/>\n<meta property=\"article:modified_time\" content=\"2024-02-06T17:48:21+00:00\" \/>\n<meta property=\"og:image\" content=\"https:\/\/ratmed.org\/wp-content\/uploads\/2020\/01\/Logo-strony-PTRM-2-1024x154.png\" \/>\n<meta name=\"twitter:card\" content=\"summary_large_image\" \/>\n<meta name=\"twitter:label1\" content=\"Szacowany czas czytania\" \/>\n\t<meta name=\"twitter:data1\" content=\"2 minuty\" \/>\n<script type=\"application\/ld+json\" class=\"yoast-schema-graph\">{\"@context\":\"https:\\\/\\\/schema.org\",\"@graph\":[{\"@type\":\"WebPage\",\"@id\":\"https:\\\/\\\/ratmed.org\\\/index.php\\\/about\\\/\",\"url\":\"https:\\\/\\\/ratmed.org\\\/index.php\\\/about\\\/\",\"name\":\"O nas: -\",\"isPartOf\":{\"@id\":\"https:\\\/\\\/ratmed.org\\\/#website\"},\"primaryImageOfPage\":{\"@id\":\"https:\\\/\\\/ratmed.org\\\/index.php\\\/about\\\/#primaryimage\"},\"image\":{\"@id\":\"https:\\\/\\\/ratmed.org\\\/index.php\\\/about\\\/#primaryimage\"},\"thumbnailUrl\":\"https:\\\/\\\/ratmed.org\\\/wp-content\\\/uploads\\\/2020\\\/01\\\/Logo-strony-PTRM-2-1024x154.png\",\"datePublished\":\"2016-10-05T10:17:54+00:00\",\"dateModified\":\"2024-02-06T17:48:21+00:00\",\"breadcrumb\":{\"@id\":\"https:\\\/\\\/ratmed.org\\\/index.php\\\/about\\\/#breadcrumb\"},\"inLanguage\":\"pl-PL\",\"potentialAction\":[{\"@type\":\"ReadAction\",\"target\":[\"https:\\\/\\\/ratmed.org\\\/index.php\\\/about\\\/\"]}]},{\"@type\":\"ImageObject\",\"inLanguage\":\"pl-PL\",\"@id\":\"https:\\\/\\\/ratmed.org\\\/index.php\\\/about\\\/#primaryimage\",\"url\":\"https:\\\/\\\/ratmed.org\\\/wp-content\\\/uploads\\\/2020\\\/01\\\/Logo-strony-PTRM-2.png\",\"contentUrl\":\"https:\\\/\\\/ratmed.org\\\/wp-content\\\/uploads\\\/2020\\\/01\\\/Logo-strony-PTRM-2.png\",\"width\":1333,\"height\":200},{\"@type\":\"BreadcrumbList\",\"@id\":\"https:\\\/\\\/ratmed.org\\\/index.php\\\/about\\\/#breadcrumb\",\"itemListElement\":[{\"@type\":\"ListItem\",\"position\":1,\"name\":\"Strona g\u0142\u00f3wna\",\"item\":\"https:\\\/\\\/ratmed.org\\\/\"},{\"@type\":\"ListItem\",\"position\":2,\"name\":\"O nas:\"}]},{\"@type\":\"WebSite\",\"@id\":\"https:\\\/\\\/ratmed.org\\\/#website\",\"url\":\"https:\\\/\\\/ratmed.org\\\/\",\"name\":\"\",\"description\":\"Polskie Towarzystwo Ratownik\u00f3w Medycznych\",\"potentialAction\":[{\"@type\":\"SearchAction\",\"target\":{\"@type\":\"EntryPoint\",\"urlTemplate\":\"https:\\\/\\\/ratmed.org\\\/?s={search_term_string}\"},\"query-input\":{\"@type\":\"PropertyValueSpecification\",\"valueRequired\":true,\"valueName\":\"search_term_string\"}}],\"inLanguage\":\"pl-PL\"}]}<\/script>\n<!-- \/ Yoast SEO plugin. -->","yoast_head_json":{"title":"O nas: -","robots":{"index":"index","follow":"follow","max-snippet":"max-snippet:-1","max-image-preview":"max-image-preview:large","max-video-preview":"max-video-preview:-1"},"canonical":"https:\/\/ratmed.org\/index.php\/about\/","og_locale":"pl_PL","og_type":"article","og_title":"O nas: -","og_description":"Polskie Towarzystwo Ratownictwa Medycznego (PTRM) zosta\u0142o utworzone w\u00a02020 roku. Towarzystwo dzia\u0142a na podstawie ustawy z dnia 7 kwietnia 1989 r. [&hellip;]","og_url":"https:\/\/ratmed.org\/index.php\/about\/","article_modified_time":"2024-02-06T17:48:21+00:00","og_image":[{"url":"https:\/\/ratmed.org\/wp-content\/uploads\/2020\/01\/Logo-strony-PTRM-2-1024x154.png","type":"","width":"","height":""}],"twitter_card":"summary_large_image","twitter_misc":{"Szacowany czas czytania":"2 minuty"},"schema":{"@context":"https:\/\/schema.org","@graph":[{"@type":"WebPage","@id":"https:\/\/ratmed.org\/index.php\/about\/","url":"https:\/\/ratmed.org\/index.php\/about\/","name":"O nas: -","isPartOf":{"@id":"https:\/\/ratmed.org\/#website"},"primaryImageOfPage":{"@id":"https:\/\/ratmed.org\/index.php\/about\/#primaryimage"},"image":{"@id":"https:\/\/ratmed.org\/index.php\/about\/#primaryimage"},"thumbnailUrl":"https:\/\/ratmed.org\/wp-content\/uploads\/2020\/01\/Logo-strony-PTRM-2-1024x154.png","datePublished":"2016-10-05T10:17:54+00:00","dateModified":"2024-02-06T17:48:21+00:00","breadcrumb":{"@id":"https:\/\/ratmed.org\/index.php\/about\/#breadcrumb"},"inLanguage":"pl-PL","potentialAction":[{"@type":"ReadAction","target":["https:\/\/ratmed.org\/index.php\/about\/"]}]},{"@type":"ImageObject","inLanguage":"pl-PL","@id":"https:\/\/ratmed.org\/index.php\/about\/#primaryimage","url":"https:\/\/ratmed.org\/wp-content\/uploads\/2020\/01\/Logo-strony-PTRM-2.png","contentUrl":"https:\/\/ratmed.org\/wp-content\/uploads\/2020\/01\/Logo-strony-PTRM-2.png","width":1333,"height":200},{"@type":"BreadcrumbList","@id":"https:\/\/ratmed.org\/index.php\/about\/#breadcrumb","itemListElement":[{"@type":"ListItem","position":1,"name":"Strona g\u0142\u00f3wna","item":"https:\/\/ratmed.org\/"},{"@type":"ListItem","position":2,"name":"O nas:"}]},{"@type":"WebSite","@id":"https:\/\/ratmed.org\/#website","url":"https:\/\/ratmed.org\/","name":"","description":"Polskie Towarzystwo Ratownik\u00f3w Medycznych","potentialAction":[{"@type":"SearchAction","target":{"@type":"EntryPoint","urlTemplate":"https:\/\/ratmed.org\/?s={search_term_string}"},"query-input":{"@type":"PropertyValueSpecification","valueRequired":true,"valueName":"search_term_string"}}],"inLanguage":"pl-PL"}]}},"_links":{"self":[{"href":"https:\/\/ratmed.org\/index.php\/wp-json\/wp\/v2\/pages\/121","targetHints":{"allow":["GET"]}}],"collection":[{"href":"https:\/\/ratmed.org\/index.php\/wp-json\/wp\/v2\/pages"}],"about":[{"href":"https:\/\/ratmed.org\/index.php\/wp-json\/wp\/v2\/types\/page"}],"author":[{"embeddable":true,"href":"https:\/\/ratmed.org\/index.php\/wp-json\/wp\/v2\/users\/1"}],"replies":[{"embeddable":true,"href":"https:\/\/ratmed.org\/index.php\/wp-json\/wp\/v2\/comments?post=121"}],"version-history":[{"count":32,"href":"https:\/\/ratmed.org\/index.php\/wp-json\/wp\/v2\/pages\/121\/revisions"}],"predecessor-version":[{"id":3597,"href":"https:\/\/ratmed.org\/index.php\/wp-json\/wp\/v2\/pages\/121\/revisions\/3597"}],"wp:attachment":[{"href":"https:\/\/ratmed.org\/index.php\/wp-json\/wp\/v2\/media?parent=121"}],"curies":[{"name":"wp","href":"https:\/\/api.w.org\/{rel}","templated":true}]}}