{"id":1687,"date":"2020-04-29T19:03:01","date_gmt":"2020-04-29T18:03:01","guid":{"rendered":"https:\/\/ratmed.org\/?page_id=1687"},"modified":"2026-02-04T07:30:13","modified_gmt":"2026-02-04T06:30:13","slug":"polskie-towarzystwo-ratownikow-medycznych","status":"publish","type":"page","link":"https:\/\/ratmed.org\/","title":{"rendered":"Polskie Towarzystwo Ratownik\u00f3w Medycznych"},"content":{"rendered":"<div id=\"pl-1687\"  class=\"panel-layout\" ><div id=\"pg-1687-0\"  class=\"panel-grid panel-no-style\" ><div id=\"pgc-1687-0-0\"  class=\"panel-grid-cell\" ><div id=\"panel-1687-0-0-0\" class=\"so-panel widget widget_themegrill_flash_image tg-widget tg-image-widget panel-first-child panel-last-child\" data-index=\"0\" >\t<a href=\"https:\/\/konferencja-ptrm.pl\/\"><img decoding=\"async\" src=\"https:\/\/ratmed.org\/wp-content\/uploads\/2026\/02\/VIII-3.png\" \/><\/a>\n<\/div><\/div><\/div><div id=\"pg-1687-1\"  class=\"panel-grid panel-no-style\" ><div id=\"pgc-1687-1-0\"  class=\"panel-grid-cell panel-grid-cell-empty\" ><\/div><div id=\"pgc-1687-1-1\"  class=\"panel-grid-cell panel-grid-cell-empty panel-grid-cell-mobile-last\" ><\/div><div id=\"pgc-1687-1-2\"  class=\"panel-grid-cell panel-grid-cell-empty\" ><\/div><\/div><div id=\"pg-1687-2\"  class=\"panel-grid panel-no-style\" ><div id=\"pgc-1687-2-0\"  class=\"panel-grid-cell\" ><div id=\"panel-1687-2-0-0\" class=\"so-panel widget widget_themegrill_flash_heading tg-widget section-title-wrapper panel-first-child\" data-index=\"1\" ><\/div><div id=\"panel-1687-2-0-1\" class=\"so-panel widget widget_themegrill_flash_heading tg-widget section-title-wrapper\" data-index=\"2\" >\t<h3 class=\"section-title\">Aktualno\u015bci<\/h3>\n<\/div><div id=\"panel-1687-2-0-2\" class=\"so-panel widget widget_themegrill_flash_blog tg-widget blog-section\" data-index=\"3\" >\n<div class=\"blog-wrapper tg-column-wrapper tg-blog-widget-layout-2\">\n\t\t<div class=\"tg-blog-widget tg-column-3\">\n\t\t\t\t<div class=\"post-image image-none\">\n\t\t\t\t\t\t<span class=\"entry-date\">\n\t\t\t\t<i class=\"fa fa-clock-o\"><\/i><a href=\"https:\/\/ratmed.org\/index.php\/2026\/02\/17\/objelismy-patronatem-xiv-konferencje-asocjacji-intensywnej-terapii-kardiologicznej-polskiego-towarzystwa-kardiologicznego\/\" rel=\"bookmark\">17\/02\/2026<\/a>\n\t\t\t<\/span>\n\t\t\t\t\t<\/div>\n\t\t<div class=\"blog-content\">\n\t\t\t<h3 class=\"entry-title\"><a href=\"https:\/\/ratmed.org\/index.php\/2026\/02\/17\/objelismy-patronatem-xiv-konferencje-asocjacji-intensywnej-terapii-kardiologicznej-polskiego-towarzystwa-kardiologicznego\/\">Obj\u0119li\u015bmy patronatem XIV Konferencj\u0119 Asocjacji Intensywnej Terapii Kardiologicznej Polskiego Towarzystwa Kardiologicznego<\/a><\/h3>\n\t\t\t\t\t\t<div class=\"entry-summary\">\n\t\t\t\t<p>Mam wielk\u0105 przyjemno\u015b\u0107 poinformowa\u0107, \u017ce obj\u0119li\u015bmy patronatem XIV Konferencj\u0119 Asocjacji Intensywnej Terapii Kardiologicznej Polskiego Towarzystwa Kardiologicznego. Poni\u017cej umieszczamy not\u0119 prasow\u0105: [&hellip;]<\/p>\n\t\t\t<\/div>\n\t\t\t\t\t\t<div class=\"read-more-container\">\n\t\t\t\t<span class=\"entry-author\">\n\t\t\t\t\t<i class=\"fa fa-user\"><\/i><a class=\"url fn n\" href=\"https:\/\/ratmed.org\/index.php\/author\/admin8617\/\">szafir6<\/a>\n\t\t\t\t<\/span>\n\t\t\t\t<div class=\"read-more\">\n\t\t\t\t\t<a href=\"https:\/\/ratmed.org\/index.php\/2026\/02\/17\/objelismy-patronatem-xiv-konferencje-asocjacji-intensywnej-terapii-kardiologicznej-polskiego-towarzystwa-kardiologicznego\/\">Read More<\/a>\n\t\t\t\t<\/div>\n\t\t\t<\/div>\n\t\t\t\t\t<\/div>\n\t<\/div>\n\t\t<div class=\"tg-blog-widget tg-column-3\">\n\t\t\t\t<div class=\"post-image image-none\">\n\t\t\t\t\t\t<span class=\"entry-date\">\n\t\t\t\t<i class=\"fa fa-clock-o\"><\/i><a href=\"https:\/\/ratmed.org\/index.php\/2026\/02\/17\/ptrm-objelo-patronatem-ii-podlaskie-forum-anestezjologiczne\/\" rel=\"bookmark\">17\/02\/2026<\/a>\n\t\t\t<\/span>\n\t\t\t\t\t<\/div>\n\t\t<div class=\"blog-content\">\n\t\t\t<h3 class=\"entry-title\"><a href=\"https:\/\/ratmed.org\/index.php\/2026\/02\/17\/ptrm-objelo-patronatem-ii-podlaskie-forum-anestezjologiczne\/\">PTRM obj\u0119\u0142o patronatem II Podlaskie Forum Anestezjologiczne<\/a><\/h3>\n\t\t\t\t\t\t<div class=\"entry-summary\">\n\t\t\t\t<p>Z wielk\u0105 przyjemno\u015bci\u0105 informujemy, \u017ce obj\u0119li\u015bmy patronatem II Podlaskie Forum Anestezjologiczne. Umieszczamy link do wydarzenia : https:\/\/www.anestezjologicznabialowieza.pl\/<\/p>\n\t\t\t<\/div>\n\t\t\t\t\t\t<div class=\"read-more-container\">\n\t\t\t\t<span class=\"entry-author\">\n\t\t\t\t\t<i class=\"fa fa-user\"><\/i><a class=\"url fn n\" href=\"https:\/\/ratmed.org\/index.php\/author\/admin8617\/\">szafir6<\/a>\n\t\t\t\t<\/span>\n\t\t\t\t<div class=\"read-more\">\n\t\t\t\t\t<a href=\"https:\/\/ratmed.org\/index.php\/2026\/02\/17\/ptrm-objelo-patronatem-ii-podlaskie-forum-anestezjologiczne\/\">Read More<\/a>\n\t\t\t\t<\/div>\n\t\t\t<\/div>\n\t\t\t\t\t<\/div>\n\t<\/div>\n\t\t<div class=\"tg-blog-widget tg-column-3\">\n\t\t\t\t<div class=\"post-image image-none\">\n\t\t\t\t\t\t<span class=\"entry-date\">\n\t\t\t\t<i class=\"fa fa-clock-o\"><\/i><a href=\"https:\/\/ratmed.org\/index.php\/2026\/02\/04\/wspieraj-tych-ktorzy-ratuja-przekaz-1-5-dla-ptrm\/\" rel=\"bookmark\">04\/02\/2026<\/a>\n\t\t\t<\/span>\n\t\t\t\t\t<\/div>\n\t\t<div class=\"blog-content\">\n\t\t\t<h3 class=\"entry-title\"><a href=\"https:\/\/ratmed.org\/index.php\/2026\/02\/04\/wspieraj-tych-ktorzy-ratuja-przekaz-1-5-dla-ptrm\/\">Wspieraj tych, kt\u00f3rzy ratuj\u0105 &#8211; przeka\u017c 1\/5% dla PTRM<\/a><\/h3>\n\t\t\t\t\t\t<div class=\"entry-summary\">\n\t\t\t\t<p><\/p>\n\t\t\t<\/div>\n\t\t\t\t\t\t<div class=\"read-more-container\">\n\t\t\t\t<span class=\"entry-author\">\n\t\t\t\t\t<i class=\"fa fa-user\"><\/i><a class=\"url fn n\" href=\"https:\/\/ratmed.org\/index.php\/author\/admin8617\/\">szafir6<\/a>\n\t\t\t\t<\/span>\n\t\t\t\t<div class=\"read-more\">\n\t\t\t\t\t<a href=\"https:\/\/ratmed.org\/index.php\/2026\/02\/04\/wspieraj-tych-ktorzy-ratuja-przekaz-1-5-dla-ptrm\/\">Read More<\/a>\n\t\t\t\t<\/div>\n\t\t\t<\/div>\n\t\t\t\t\t<\/div>\n\t<\/div>\n\t<\/div><!-- .blog-wrapper -->\n<\/div><div id=\"panel-1687-2-0-3\" class=\"so-panel widget widget_themegrill_flash_heading tg-widget section-title-wrapper\" data-index=\"4\" ><\/div><div id=\"panel-1687-2-0-4\" class=\"so-panel widget widget_themegrill_flash_heading tg-widget section-title-wrapper panel-last-child\" data-index=\"5\" >\t<div class=\"section-description\">Pozosta\u0142e wiadomo\u015bci znajduj\u0105 si\u0119 w zak\u0142adce Aktualno\u015bci<\/div>\n<\/div><\/div><\/div><div id=\"pg-1687-3\"  class=\"panel-grid panel-no-style\" ><div id=\"pgc-1687-3-0\"  class=\"panel-grid-cell panel-grid-cell-empty\" ><\/div><div id=\"pgc-1687-3-1\"  class=\"panel-grid-cell panel-grid-cell-empty panel-grid-cell-mobile-last\" ><\/div><div id=\"pgc-1687-3-2\"  class=\"panel-grid-cell panel-grid-cell-empty\" ><\/div><\/div><\/div>","protected":false},"excerpt":{"rendered":"<p>Aktualno\u015bci 17\/02\/2026 Obj\u0119li\u015bmy patronatem XIV Konferencj\u0119 Asocjacji Intensywnej Terapii Kardiologicznej Polskiego Towarzystwa Kardiologicznego Mam wielk\u0105 przyjemno\u015b\u0107 poinformowa\u0107, \u017ce obj\u0119li\u015bmy patronatem [&hellip;]<\/p>\n","protected":false},"author":1,"featured_media":0,"parent":0,"menu_order":0,"comment_status":"closed","ping_status":"closed","template":"page-templates\/pagebuilder.php","meta":{"footnotes":"","_links_to":"","_links_to_target":""},"class_list":["post-1687","page","type-page","status-publish","hentry"],"yoast_head":"<!-- This site is optimized with the Yoast SEO plugin v27.4 - https:\/\/yoast.com\/product\/yoast-seo-wordpress\/ -->\n<title>Polskie Towarzystwo Ratownik\u00f3w Medycznych -<\/title>\n<meta name=\"robots\" content=\"index, follow, max-snippet:-1, max-image-preview:large, max-video-preview:-1\" \/>\n<link rel=\"canonical\" href=\"https:\/\/ratmed.org\/\" \/>\n<meta property=\"og:locale\" content=\"pl_PL\" \/>\n<meta property=\"og:type\" content=\"article\" \/>\n<meta property=\"og:title\" content=\"Polskie Towarzystwo Ratownik\u00f3w Medycznych -\" \/>\n<meta property=\"og:description\" content=\"Aktualno\u015bci 17\/02\/2026 Obj\u0119li\u015bmy patronatem XIV Konferencj\u0119 Asocjacji Intensywnej Terapii Kardiologicznej Polskiego Towarzystwa Kardiologicznego Mam wielk\u0105 przyjemno\u015b\u0107 poinformowa\u0107, \u017ce obj\u0119li\u015bmy patronatem [&hellip;]\" \/>\n<meta property=\"og:url\" content=\"https:\/\/ratmed.org\/\" \/>\n<meta property=\"article:modified_time\" content=\"2026-02-04T06:30:13+00:00\" \/>\n<meta name=\"twitter:card\" content=\"summary_large_image\" \/>\n<meta name=\"twitter:label1\" content=\"Szacowany czas czytania\" \/>\n\t<meta name=\"twitter:data1\" content=\"2 minuty\" \/>\n<script type=\"application\/ld+json\" class=\"yoast-schema-graph\">{\"@context\":\"https:\\\/\\\/schema.org\",\"@graph\":[{\"@type\":\"WebPage\",\"@id\":\"https:\\\/\\\/ratmed.org\\\/\",\"url\":\"https:\\\/\\\/ratmed.org\\\/\",\"name\":\"Polskie Towarzystwo Ratownik\u00f3w Medycznych -\",\"isPartOf\":{\"@id\":\"https:\\\/\\\/ratmed.org\\\/#website\"},\"datePublished\":\"2020-04-29T18:03:01+00:00\",\"dateModified\":\"2026-02-04T06:30:13+00:00\",\"breadcrumb\":{\"@id\":\"https:\\\/\\\/ratmed.org\\\/#breadcrumb\"},\"inLanguage\":\"pl-PL\",\"potentialAction\":[{\"@type\":\"ReadAction\",\"target\":[\"https:\\\/\\\/ratmed.org\\\/\"]}]},{\"@type\":\"BreadcrumbList\",\"@id\":\"https:\\\/\\\/ratmed.org\\\/#breadcrumb\",\"itemListElement\":[{\"@type\":\"ListItem\",\"position\":1,\"name\":\"Strona g\u0142\u00f3wna\",\"item\":\"https:\\\/\\\/ratmed.org\\\/\"},{\"@type\":\"ListItem\",\"position\":2,\"name\":\"Polskie Towarzystwo Ratownik\u00f3w Medycznych\"}]},{\"@type\":\"WebSite\",\"@id\":\"https:\\\/\\\/ratmed.org\\\/#website\",\"url\":\"https:\\\/\\\/ratmed.org\\\/\",\"name\":\"\",\"description\":\"Polskie Towarzystwo Ratownik\u00f3w Medycznych\",\"potentialAction\":[{\"@type\":\"SearchAction\",\"target\":{\"@type\":\"EntryPoint\",\"urlTemplate\":\"https:\\\/\\\/ratmed.org\\\/?s={search_term_string}\"},\"query-input\":{\"@type\":\"PropertyValueSpecification\",\"valueRequired\":true,\"valueName\":\"search_term_string\"}}],\"inLanguage\":\"pl-PL\"}]}<\/script>\n<!-- \/ Yoast SEO plugin. -->","yoast_head_json":{"title":"Polskie Towarzystwo Ratownik\u00f3w Medycznych -","robots":{"index":"index","follow":"follow","max-snippet":"max-snippet:-1","max-image-preview":"max-image-preview:large","max-video-preview":"max-video-preview:-1"},"canonical":"https:\/\/ratmed.org\/","og_locale":"pl_PL","og_type":"article","og_title":"Polskie Towarzystwo Ratownik\u00f3w Medycznych -","og_description":"Aktualno\u015bci 17\/02\/2026 Obj\u0119li\u015bmy patronatem XIV Konferencj\u0119 Asocjacji Intensywnej Terapii Kardiologicznej Polskiego Towarzystwa Kardiologicznego Mam wielk\u0105 przyjemno\u015b\u0107 poinformowa\u0107, \u017ce obj\u0119li\u015bmy patronatem [&hellip;]","og_url":"https:\/\/ratmed.org\/","article_modified_time":"2026-02-04T06:30:13+00:00","twitter_card":"summary_large_image","twitter_misc":{"Szacowany czas czytania":"2 minuty"},"schema":{"@context":"https:\/\/schema.org","@graph":[{"@type":"WebPage","@id":"https:\/\/ratmed.org\/","url":"https:\/\/ratmed.org\/","name":"Polskie Towarzystwo Ratownik\u00f3w Medycznych -","isPartOf":{"@id":"https:\/\/ratmed.org\/#website"},"datePublished":"2020-04-29T18:03:01+00:00","dateModified":"2026-02-04T06:30:13+00:00","breadcrumb":{"@id":"https:\/\/ratmed.org\/#breadcrumb"},"inLanguage":"pl-PL","potentialAction":[{"@type":"ReadAction","target":["https:\/\/ratmed.org\/"]}]},{"@type":"BreadcrumbList","@id":"https:\/\/ratmed.org\/#breadcrumb","itemListElement":[{"@type":"ListItem","position":1,"name":"Strona g\u0142\u00f3wna","item":"https:\/\/ratmed.org\/"},{"@type":"ListItem","position":2,"name":"Polskie Towarzystwo Ratownik\u00f3w Medycznych"}]},{"@type":"WebSite","@id":"https:\/\/ratmed.org\/#website","url":"https:\/\/ratmed.org\/","name":"","description":"Polskie Towarzystwo Ratownik\u00f3w Medycznych","potentialAction":[{"@type":"SearchAction","target":{"@type":"EntryPoint","urlTemplate":"https:\/\/ratmed.org\/?s={search_term_string}"},"query-input":{"@type":"PropertyValueSpecification","valueRequired":true,"valueName":"search_term_string"}}],"inLanguage":"pl-PL"}]}},"_links":{"self":[{"href":"https:\/\/ratmed.org\/index.php\/wp-json\/wp\/v2\/pages\/1687","targetHints":{"allow":["GET"]}}],"collection":[{"href":"https:\/\/ratmed.org\/index.php\/wp-json\/wp\/v2\/pages"}],"about":[{"href":"https:\/\/ratmed.org\/index.php\/wp-json\/wp\/v2\/types\/page"}],"author":[{"embeddable":true,"href":"https:\/\/ratmed.org\/index.php\/wp-json\/wp\/v2\/users\/1"}],"replies":[{"embeddable":true,"href":"https:\/\/ratmed.org\/index.php\/wp-json\/wp\/v2\/comments?post=1687"}],"version-history":[{"count":222,"href":"https:\/\/ratmed.org\/index.php\/wp-json\/wp\/v2\/pages\/1687\/revisions"}],"predecessor-version":[{"id":4247,"href":"https:\/\/ratmed.org\/index.php\/wp-json\/wp\/v2\/pages\/1687\/revisions\/4247"}],"wp:attachment":[{"href":"https:\/\/ratmed.org\/index.php\/wp-json\/wp\/v2\/media?parent=1687"}],"curies":[{"name":"wp","href":"https:\/\/api.w.org\/{rel}","templated":true}]}}