{"id":2627,"date":"2023-07-30T22:03:17","date_gmt":"2023-07-30T21:03:17","guid":{"rendered":"https:\/\/ratmed.org\/?page_id=2627"},"modified":"2023-09-08T16:47:31","modified_gmt":"2023-09-08T15:47:31","slug":"komisja-rewizyjna-ptrm","status":"publish","type":"page","link":"https:\/\/ratmed.org\/index.php\/about-2\/komisja-rewizyjna-ptrm\/","title":{"rendered":"Komisja Rewizyjna PTRM"},"content":{"rendered":"\n\n<p><img loading=\"lazy\" decoding=\"async\" class=\"size-full wp-image-590 aligncenter\" src=\"https:\/\/ratmed.org\/wp-content\/uploads\/2018\/01\/Mecin-L-\u2014-kopia.jpg\" alt=\"\" width=\"150\" height=\"166\" \/><\/p>\n<p style=\"text-align: center;\"><em><strong>Marcin Lubczy\u0144ski<\/strong><\/em><br \/>Przewodnicz\u0105cy<\/p>\n<p><span style=\"font-style: inherit; font-weight: inherit;\"><strong style=\"font-style: inherit;\">Wykszta\u0142cenie:<\/strong><strong><br \/><\/strong>Pa\u0144stwowa Wy\u017csza Szko\u0142a Zawodowa w Nysie \u2013 licencjat z ratownictwa medycznego<\/span><\/p>\n<p><span style=\"font-style: inherit; font-weight: inherit;\"><strong style=\"font-style: inherit;\">Do\u015bwiadczenie zawodowe:<\/strong><\/span><br \/><span style=\"font-style: inherit; font-weight: inherit;\">Ratownik medyczny \u2013 kierowca ZRM w ZOZ Nysa<\/span><\/p>\n<p><img loading=\"lazy\" decoding=\"async\" class=\"aligncenter wp-image-2628 size-medium\" src=\"https:\/\/ratmed.org\/wp-content\/uploads\/2023\/07\/2023-07-30-Radoslaw-Ples-zdjecie-na-strone-225x300.jpg\" alt=\"\" width=\"225\" height=\"300\" srcset=\"https:\/\/ratmed.org\/wp-content\/uploads\/2023\/07\/2023-07-30-Radoslaw-Ples-zdjecie-na-strone-225x300.jpg 225w, https:\/\/ratmed.org\/wp-content\/uploads\/2023\/07\/2023-07-30-Radoslaw-Ples-zdjecie-na-strone-768x1024.jpg 768w, https:\/\/ratmed.org\/wp-content\/uploads\/2023\/07\/2023-07-30-Radoslaw-Ples-zdjecie-na-strone-1152x1536.jpg 1152w, https:\/\/ratmed.org\/wp-content\/uploads\/2023\/07\/2023-07-30-Radoslaw-Ples-zdjecie-na-strone-1536x2048.jpg 1536w, https:\/\/ratmed.org\/wp-content\/uploads\/2023\/07\/2023-07-30-Radoslaw-Ples-zdjecie-na-strone-scaled.jpg 1920w\" sizes=\"auto, (max-width: 225px) 100vw, 225px\" \/><\/p>\n<p style=\"text-align: center;\"><span style=\"font-style: inherit; font-weight: inherit;\"><strong style=\"font-style: inherit;\">Rados\u0142aw Ples<br \/><\/strong>Cz\u0142onek<\/span><\/p>\n<p><strong style=\"font-style: inherit;\">Wykszta\u0142cenie:<\/strong><strong><br \/><\/strong>Zesp\u00f3\u0142 Szk\u00f3\u0142 Medycznych im. dr. Hanny Hirszweldowej we Wroc\u0142awiu \u2013 licencjat z ratownictwa medycznego<\/p>\n<p><span style=\"font-style: inherit; font-weight: inherit;\"><strong style=\"font-style: inherit;\">Do\u015bwiadczenie zawodowe:<\/strong><\/span><br \/><span style=\"font-style: inherit; font-weight: inherit;\">Ratownik medyczny \u2013 kierowca ZRM w ZOZ K\u0142odzko<\/span><\/p>\n<p style=\"text-align: center;\"><strong style=\"font-style: inherit;\"><span style=\"font-style: inherit; font-weight: inherit;\"><\/span><\/strong><\/p>\n<p><strong>\u00a0 \u00a0 \u00a0 \u00a0 \u00a0 \u00a0 \u00a0 \u00a0 \u00a0 \u00a0 \u00a0 \u00a0 \u00a0 \u00a0 \u00a0 \u00a0 \u00a0 \u00a0 \u00a0 \u00a0 \u00a0 \u00a0 \u00a0 \u00a0 \u00a0 \u00a0 \u00a0 \u00a0 \u00a0 \u00a0 \u00a0 \u00a0 \u00a0 \u00a0 \u00a0 \u00a0 \u00a0 \u00a0 \u00a0 \u00a0 \u00a0 \u00a0 \u00a0 \u00a0 \u00a0 \u00a0 \u00a0<\/strong><img alt=\"\" \/><strong><!-- \/wp:post-content --><\/strong><\/p>\n<p><strong><!-- wp:image --><\/strong><\/p>\n<p style=\"text-align: center;\"><strong style=\"font-style: inherit;\"><span style=\"font-style: inherit; font-weight: inherit;\"><img loading=\"lazy\" decoding=\"async\" class=\"aligncenter\" src=\"https:\/\/ratmed.org\/wp-content\/uploads\/2023\/09\/2023-09-08-Zdjecie-Pawel-Kubica-nr-013.jpg\" alt=\"Obrazek posiada pusty atrybut alt; plik o nazwie 2023-09-08-Zdjecie-Pawel-Kubica-nr-013.jpg\" width=\"226\" height=\"277\" \/><br \/>Pawe\u0142 Kubica<br \/><\/span><\/strong><span style=\"font-style: inherit; font-weight: inherit;\">Cz\u0142onek<\/span><\/p>\n<p><span style=\"font-style: inherit; font-weight: inherit;\"><strong style=\"font-style: inherit;\">Wykszta\u0142cenie:<\/strong><strong><br \/><\/strong>Szko\u0142a policealna w Zabrzu<br \/><\/span><\/p>\n<p><span style=\"font-style: inherit; font-weight: inherit;\"><strong style=\"font-style: inherit;\">Do\u015bwiadczenie zawodowe:<br \/><\/strong><\/span>Rejonowe Pogotowie Ratunkowe w Sosnowcu &#8211; ratownik medyczny<br \/>Wojew\u00f3dzkie Pogotowie Ratunkowe w Katowicach &#8211; ratownik medyczny<br \/>Szpital Murcki sp. z o. o. &#8211; ratownik medyczny<\/p>\n<p>\u00a0<\/p>","protected":false},"excerpt":{"rendered":"<p>Marcin Lubczy\u0144skiPrzewodnicz\u0105cy Wykszta\u0142cenie:Pa\u0144stwowa Wy\u017csza Szko\u0142a Zawodowa w Nysie \u2013 licencjat z ratownictwa medycznego Do\u015bwiadczenie zawodowe:Ratownik medyczny \u2013 kierowca ZRM w [&hellip;]<\/p>\n","protected":false},"author":1,"featured_media":0,"parent":1237,"menu_order":2,"comment_status":"closed","ping_status":"closed","template":"","meta":{"footnotes":"","_links_to":"","_links_to_target":""},"class_list":["post-2627","page","type-page","status-publish","hentry"],"yoast_head":"<!-- This site is optimized with the Yoast SEO plugin v27.5 - https:\/\/yoast.com\/product\/yoast-seo-wordpress\/ -->\n<title>Komisja Rewizyjna PTRM -<\/title>\n<meta name=\"robots\" content=\"index, follow, max-snippet:-1, max-image-preview:large, max-video-preview:-1\" \/>\n<link rel=\"canonical\" href=\"https:\/\/ratmed.org\/index.php\/about-2\/komisja-rewizyjna-ptrm\/\" \/>\n<meta property=\"og:locale\" content=\"pl_PL\" \/>\n<meta property=\"og:type\" content=\"article\" \/>\n<meta property=\"og:title\" content=\"Komisja Rewizyjna PTRM -\" \/>\n<meta property=\"og:description\" content=\"Marcin Lubczy\u0144skiPrzewodnicz\u0105cy Wykszta\u0142cenie:Pa\u0144stwowa Wy\u017csza Szko\u0142a Zawodowa w Nysie \u2013 licencjat z ratownictwa medycznego Do\u015bwiadczenie zawodowe:Ratownik medyczny \u2013 kierowca ZRM w [&hellip;]\" \/>\n<meta property=\"og:url\" content=\"https:\/\/ratmed.org\/index.php\/about-2\/komisja-rewizyjna-ptrm\/\" \/>\n<meta property=\"article:modified_time\" content=\"2023-09-08T15:47:31+00:00\" \/>\n<meta property=\"og:image\" content=\"https:\/\/ratmed.org\/wp-content\/uploads\/2023\/07\/2023-07-30-Radoslaw-Ples-zdjecie-na-strone-225x300.jpg\" \/>\n<meta name=\"twitter:card\" content=\"summary_large_image\" \/>\n<meta name=\"twitter:label1\" content=\"Szacowany czas czytania\" \/>\n\t<meta name=\"twitter:data1\" content=\"3 minuty\" \/>\n<script type=\"application\/ld+json\" class=\"yoast-schema-graph\">{\"@context\":\"https:\\\/\\\/schema.org\",\"@graph\":[{\"@type\":\"WebPage\",\"@id\":\"https:\\\/\\\/ratmed.org\\\/index.php\\\/about-2\\\/komisja-rewizyjna-ptrm\\\/\",\"url\":\"https:\\\/\\\/ratmed.org\\\/index.php\\\/about-2\\\/komisja-rewizyjna-ptrm\\\/\",\"name\":\"Komisja Rewizyjna PTRM -\",\"isPartOf\":{\"@id\":\"https:\\\/\\\/ratmed.org\\\/#website\"},\"primaryImageOfPage\":{\"@id\":\"https:\\\/\\\/ratmed.org\\\/index.php\\\/about-2\\\/komisja-rewizyjna-ptrm\\\/#primaryimage\"},\"image\":{\"@id\":\"https:\\\/\\\/ratmed.org\\\/index.php\\\/about-2\\\/komisja-rewizyjna-ptrm\\\/#primaryimage\"},\"thumbnailUrl\":\"https:\\\/\\\/ratmed.org\\\/wp-content\\\/uploads\\\/2023\\\/07\\\/2023-07-30-Radoslaw-Ples-zdjecie-na-strone-225x300.jpg\",\"datePublished\":\"2023-07-30T21:03:17+00:00\",\"dateModified\":\"2023-09-08T15:47:31+00:00\",\"breadcrumb\":{\"@id\":\"https:\\\/\\\/ratmed.org\\\/index.php\\\/about-2\\\/komisja-rewizyjna-ptrm\\\/#breadcrumb\"},\"inLanguage\":\"pl-PL\",\"potentialAction\":[{\"@type\":\"ReadAction\",\"target\":[\"https:\\\/\\\/ratmed.org\\\/index.php\\\/about-2\\\/komisja-rewizyjna-ptrm\\\/\"]}]},{\"@type\":\"ImageObject\",\"inLanguage\":\"pl-PL\",\"@id\":\"https:\\\/\\\/ratmed.org\\\/index.php\\\/about-2\\\/komisja-rewizyjna-ptrm\\\/#primaryimage\",\"url\":\"https:\\\/\\\/ratmed.org\\\/wp-content\\\/uploads\\\/2023\\\/07\\\/2023-07-30-Radoslaw-Ples-zdjecie-na-strone-scaled.jpg\",\"contentUrl\":\"https:\\\/\\\/ratmed.org\\\/wp-content\\\/uploads\\\/2023\\\/07\\\/2023-07-30-Radoslaw-Ples-zdjecie-na-strone-scaled.jpg\",\"width\":1920,\"height\":2560},{\"@type\":\"BreadcrumbList\",\"@id\":\"https:\\\/\\\/ratmed.org\\\/index.php\\\/about-2\\\/komisja-rewizyjna-ptrm\\\/#breadcrumb\",\"itemListElement\":[{\"@type\":\"ListItem\",\"position\":1,\"name\":\"Strona g\u0142\u00f3wna\",\"item\":\"https:\\\/\\\/ratmed.org\\\/\"},{\"@type\":\"ListItem\",\"position\":2,\"name\":\"Struktura\",\"item\":\"https:\\\/\\\/ratmed.org\\\/index.php\\\/about-2\\\/\"},{\"@type\":\"ListItem\",\"position\":3,\"name\":\"Komisja Rewizyjna PTRM\"}]},{\"@type\":\"WebSite\",\"@id\":\"https:\\\/\\\/ratmed.org\\\/#website\",\"url\":\"https:\\\/\\\/ratmed.org\\\/\",\"name\":\"\",\"description\":\"Polskie Towarzystwo Ratownik\u00f3w Medycznych\",\"potentialAction\":[{\"@type\":\"SearchAction\",\"target\":{\"@type\":\"EntryPoint\",\"urlTemplate\":\"https:\\\/\\\/ratmed.org\\\/?s={search_term_string}\"},\"query-input\":{\"@type\":\"PropertyValueSpecification\",\"valueRequired\":true,\"valueName\":\"search_term_string\"}}],\"inLanguage\":\"pl-PL\"}]}<\/script>\n<!-- \/ Yoast SEO plugin. -->","yoast_head_json":{"title":"Komisja Rewizyjna PTRM -","robots":{"index":"index","follow":"follow","max-snippet":"max-snippet:-1","max-image-preview":"max-image-preview:large","max-video-preview":"max-video-preview:-1"},"canonical":"https:\/\/ratmed.org\/index.php\/about-2\/komisja-rewizyjna-ptrm\/","og_locale":"pl_PL","og_type":"article","og_title":"Komisja Rewizyjna PTRM -","og_description":"Marcin Lubczy\u0144skiPrzewodnicz\u0105cy Wykszta\u0142cenie:Pa\u0144stwowa Wy\u017csza Szko\u0142a Zawodowa w Nysie \u2013 licencjat z ratownictwa medycznego Do\u015bwiadczenie zawodowe:Ratownik medyczny \u2013 kierowca ZRM w [&hellip;]","og_url":"https:\/\/ratmed.org\/index.php\/about-2\/komisja-rewizyjna-ptrm\/","article_modified_time":"2023-09-08T15:47:31+00:00","og_image":[{"url":"https:\/\/ratmed.org\/wp-content\/uploads\/2023\/07\/2023-07-30-Radoslaw-Ples-zdjecie-na-strone-225x300.jpg","type":"","width":"","height":""}],"twitter_card":"summary_large_image","twitter_misc":{"Szacowany czas czytania":"3 minuty"},"schema":{"@context":"https:\/\/schema.org","@graph":[{"@type":"WebPage","@id":"https:\/\/ratmed.org\/index.php\/about-2\/komisja-rewizyjna-ptrm\/","url":"https:\/\/ratmed.org\/index.php\/about-2\/komisja-rewizyjna-ptrm\/","name":"Komisja Rewizyjna PTRM -","isPartOf":{"@id":"https:\/\/ratmed.org\/#website"},"primaryImageOfPage":{"@id":"https:\/\/ratmed.org\/index.php\/about-2\/komisja-rewizyjna-ptrm\/#primaryimage"},"image":{"@id":"https:\/\/ratmed.org\/index.php\/about-2\/komisja-rewizyjna-ptrm\/#primaryimage"},"thumbnailUrl":"https:\/\/ratmed.org\/wp-content\/uploads\/2023\/07\/2023-07-30-Radoslaw-Ples-zdjecie-na-strone-225x300.jpg","datePublished":"2023-07-30T21:03:17+00:00","dateModified":"2023-09-08T15:47:31+00:00","breadcrumb":{"@id":"https:\/\/ratmed.org\/index.php\/about-2\/komisja-rewizyjna-ptrm\/#breadcrumb"},"inLanguage":"pl-PL","potentialAction":[{"@type":"ReadAction","target":["https:\/\/ratmed.org\/index.php\/about-2\/komisja-rewizyjna-ptrm\/"]}]},{"@type":"ImageObject","inLanguage":"pl-PL","@id":"https:\/\/ratmed.org\/index.php\/about-2\/komisja-rewizyjna-ptrm\/#primaryimage","url":"https:\/\/ratmed.org\/wp-content\/uploads\/2023\/07\/2023-07-30-Radoslaw-Ples-zdjecie-na-strone-scaled.jpg","contentUrl":"https:\/\/ratmed.org\/wp-content\/uploads\/2023\/07\/2023-07-30-Radoslaw-Ples-zdjecie-na-strone-scaled.jpg","width":1920,"height":2560},{"@type":"BreadcrumbList","@id":"https:\/\/ratmed.org\/index.php\/about-2\/komisja-rewizyjna-ptrm\/#breadcrumb","itemListElement":[{"@type":"ListItem","position":1,"name":"Strona g\u0142\u00f3wna","item":"https:\/\/ratmed.org\/"},{"@type":"ListItem","position":2,"name":"Struktura","item":"https:\/\/ratmed.org\/index.php\/about-2\/"},{"@type":"ListItem","position":3,"name":"Komisja Rewizyjna PTRM"}]},{"@type":"WebSite","@id":"https:\/\/ratmed.org\/#website","url":"https:\/\/ratmed.org\/","name":"","description":"Polskie Towarzystwo Ratownik\u00f3w Medycznych","potentialAction":[{"@type":"SearchAction","target":{"@type":"EntryPoint","urlTemplate":"https:\/\/ratmed.org\/?s={search_term_string}"},"query-input":{"@type":"PropertyValueSpecification","valueRequired":true,"valueName":"search_term_string"}}],"inLanguage":"pl-PL"}]}},"_links":{"self":[{"href":"https:\/\/ratmed.org\/index.php\/wp-json\/wp\/v2\/pages\/2627","targetHints":{"allow":["GET"]}}],"collection":[{"href":"https:\/\/ratmed.org\/index.php\/wp-json\/wp\/v2\/pages"}],"about":[{"href":"https:\/\/ratmed.org\/index.php\/wp-json\/wp\/v2\/types\/page"}],"author":[{"embeddable":true,"href":"https:\/\/ratmed.org\/index.php\/wp-json\/wp\/v2\/users\/1"}],"replies":[{"embeddable":true,"href":"https:\/\/ratmed.org\/index.php\/wp-json\/wp\/v2\/comments?post=2627"}],"version-history":[{"count":8,"href":"https:\/\/ratmed.org\/index.php\/wp-json\/wp\/v2\/pages\/2627\/revisions"}],"predecessor-version":[{"id":2925,"href":"https:\/\/ratmed.org\/index.php\/wp-json\/wp\/v2\/pages\/2627\/revisions\/2925"}],"up":[{"embeddable":true,"href":"https:\/\/ratmed.org\/index.php\/wp-json\/wp\/v2\/pages\/1237"}],"wp:attachment":[{"href":"https:\/\/ratmed.org\/index.php\/wp-json\/wp\/v2\/media?parent=2627"}],"curies":[{"name":"wp","href":"https:\/\/api.w.org\/{rel}","templated":true}]}}