{"id":2695,"date":"2023-08-04T17:54:30","date_gmt":"2023-08-04T16:54:30","guid":{"rendered":"https:\/\/ratmed.org\/?page_id=2695"},"modified":"2023-08-04T17:57:02","modified_gmt":"2023-08-04T16:57:02","slug":"odznaczenie-ptrm","status":"publish","type":"page","link":"https:\/\/ratmed.org\/index.php\/about\/odznaczenie-ptrm\/","title":{"rendered":"Odznaczenie PTRM"},"content":{"rendered":"<p>Polskie Towarzystwo Ratownik\u00f3w Medycznych corocznie przyznaje odznaczenie \u2013 <strong>KRZY\u017b ZAS\u0141UGI <\/strong>\u201e<strong>BONUM PRO ALIIS<\/strong>\u201d (DOBRY DLA INNYCH). Odznaczenie to jest szczeg\u00f3lnym wyr\u00f3\u017cnieniem dla ratownika medycznego.<\/p>\n<p>Odznaczenie \u2013 <strong>KRZY\u017b ZAS\u0141UGI <\/strong>\u201e<strong>BONUM PRO ALIIS<\/strong>\u201d, przyznawane jest ratownikowi medycznemu przy okazji ustawowego \u015bwi\u0119ta \u201e<em>Dzie\u0144 Ratownika Medycznego<\/em>\u201d, kt\u00f3re przypada na dzie\u0144 8 wrze\u015bnia. W szczeg\u00f3lnych sytuacjach, odznaczenie mo\u017ce by\u0107 przyznane ratownikowi medycznemu w innym terminie.<\/p>\n","protected":false},"excerpt":{"rendered":"<p>Polskie Towarzystwo Ratownik\u00f3w Medycznych corocznie przyznaje odznaczenie \u2013 KRZY\u017b ZAS\u0141UGI \u201eBONUM PRO ALIIS\u201d (DOBRY DLA INNYCH). Odznaczenie to jest szczeg\u00f3lnym [&hellip;]<\/p>\n","protected":false},"author":1,"featured_media":0,"parent":121,"menu_order":7,"comment_status":"closed","ping_status":"closed","template":"","meta":{"footnotes":"","_links_to":"","_links_to_target":""},"class_list":["post-2695","page","type-page","status-publish","hentry"],"yoast_head":"<!-- This site is optimized with the Yoast SEO plugin v27.5 - https:\/\/yoast.com\/product\/yoast-seo-wordpress\/ -->\n<title>Odznaczenie PTRM -<\/title>\n<meta name=\"robots\" content=\"index, follow, max-snippet:-1, max-image-preview:large, max-video-preview:-1\" \/>\n<link rel=\"canonical\" href=\"https:\/\/ratmed.org\/index.php\/about\/odznaczenie-ptrm\/\" \/>\n<meta property=\"og:locale\" content=\"pl_PL\" \/>\n<meta property=\"og:type\" content=\"article\" \/>\n<meta property=\"og:title\" content=\"Odznaczenie PTRM -\" \/>\n<meta property=\"og:description\" content=\"Polskie Towarzystwo Ratownik\u00f3w Medycznych corocznie przyznaje odznaczenie \u2013 KRZY\u017b ZAS\u0141UGI \u201eBONUM PRO ALIIS\u201d (DOBRY DLA INNYCH). Odznaczenie to jest szczeg\u00f3lnym [&hellip;]\" \/>\n<meta property=\"og:url\" content=\"https:\/\/ratmed.org\/index.php\/about\/odznaczenie-ptrm\/\" \/>\n<meta property=\"article:modified_time\" content=\"2023-08-04T16:57:02+00:00\" \/>\n<meta name=\"twitter:card\" content=\"summary_large_image\" \/>\n<meta name=\"twitter:label1\" content=\"Szacowany czas czytania\" \/>\n\t<meta name=\"twitter:data1\" content=\"1 minuta\" \/>\n<script type=\"application\/ld+json\" class=\"yoast-schema-graph\">{\"@context\":\"https:\\\/\\\/schema.org\",\"@graph\":[{\"@type\":\"WebPage\",\"@id\":\"https:\\\/\\\/ratmed.org\\\/index.php\\\/about\\\/odznaczenie-ptrm\\\/\",\"url\":\"https:\\\/\\\/ratmed.org\\\/index.php\\\/about\\\/odznaczenie-ptrm\\\/\",\"name\":\"Odznaczenie PTRM -\",\"isPartOf\":{\"@id\":\"https:\\\/\\\/ratmed.org\\\/#website\"},\"datePublished\":\"2023-08-04T16:54:30+00:00\",\"dateModified\":\"2023-08-04T16:57:02+00:00\",\"breadcrumb\":{\"@id\":\"https:\\\/\\\/ratmed.org\\\/index.php\\\/about\\\/odznaczenie-ptrm\\\/#breadcrumb\"},\"inLanguage\":\"pl-PL\",\"potentialAction\":[{\"@type\":\"ReadAction\",\"target\":[\"https:\\\/\\\/ratmed.org\\\/index.php\\\/about\\\/odznaczenie-ptrm\\\/\"]}]},{\"@type\":\"BreadcrumbList\",\"@id\":\"https:\\\/\\\/ratmed.org\\\/index.php\\\/about\\\/odznaczenie-ptrm\\\/#breadcrumb\",\"itemListElement\":[{\"@type\":\"ListItem\",\"position\":1,\"name\":\"Strona g\u0142\u00f3wna\",\"item\":\"https:\\\/\\\/ratmed.org\\\/\"},{\"@type\":\"ListItem\",\"position\":2,\"name\":\"O nas:\",\"item\":\"https:\\\/\\\/ratmed.org\\\/index.php\\\/about\\\/\"},{\"@type\":\"ListItem\",\"position\":3,\"name\":\"Odznaczenie PTRM\"}]},{\"@type\":\"WebSite\",\"@id\":\"https:\\\/\\\/ratmed.org\\\/#website\",\"url\":\"https:\\\/\\\/ratmed.org\\\/\",\"name\":\"\",\"description\":\"Polskie Towarzystwo Ratownik\u00f3w Medycznych\",\"potentialAction\":[{\"@type\":\"SearchAction\",\"target\":{\"@type\":\"EntryPoint\",\"urlTemplate\":\"https:\\\/\\\/ratmed.org\\\/?s={search_term_string}\"},\"query-input\":{\"@type\":\"PropertyValueSpecification\",\"valueRequired\":true,\"valueName\":\"search_term_string\"}}],\"inLanguage\":\"pl-PL\"}]}<\/script>\n<!-- \/ Yoast SEO plugin. -->","yoast_head_json":{"title":"Odznaczenie PTRM -","robots":{"index":"index","follow":"follow","max-snippet":"max-snippet:-1","max-image-preview":"max-image-preview:large","max-video-preview":"max-video-preview:-1"},"canonical":"https:\/\/ratmed.org\/index.php\/about\/odznaczenie-ptrm\/","og_locale":"pl_PL","og_type":"article","og_title":"Odznaczenie PTRM -","og_description":"Polskie Towarzystwo Ratownik\u00f3w Medycznych corocznie przyznaje odznaczenie \u2013 KRZY\u017b ZAS\u0141UGI \u201eBONUM PRO ALIIS\u201d (DOBRY DLA INNYCH). Odznaczenie to jest szczeg\u00f3lnym [&hellip;]","og_url":"https:\/\/ratmed.org\/index.php\/about\/odznaczenie-ptrm\/","article_modified_time":"2023-08-04T16:57:02+00:00","twitter_card":"summary_large_image","twitter_misc":{"Szacowany czas czytania":"1 minuta"},"schema":{"@context":"https:\/\/schema.org","@graph":[{"@type":"WebPage","@id":"https:\/\/ratmed.org\/index.php\/about\/odznaczenie-ptrm\/","url":"https:\/\/ratmed.org\/index.php\/about\/odznaczenie-ptrm\/","name":"Odznaczenie PTRM -","isPartOf":{"@id":"https:\/\/ratmed.org\/#website"},"datePublished":"2023-08-04T16:54:30+00:00","dateModified":"2023-08-04T16:57:02+00:00","breadcrumb":{"@id":"https:\/\/ratmed.org\/index.php\/about\/odznaczenie-ptrm\/#breadcrumb"},"inLanguage":"pl-PL","potentialAction":[{"@type":"ReadAction","target":["https:\/\/ratmed.org\/index.php\/about\/odznaczenie-ptrm\/"]}]},{"@type":"BreadcrumbList","@id":"https:\/\/ratmed.org\/index.php\/about\/odznaczenie-ptrm\/#breadcrumb","itemListElement":[{"@type":"ListItem","position":1,"name":"Strona g\u0142\u00f3wna","item":"https:\/\/ratmed.org\/"},{"@type":"ListItem","position":2,"name":"O nas:","item":"https:\/\/ratmed.org\/index.php\/about\/"},{"@type":"ListItem","position":3,"name":"Odznaczenie PTRM"}]},{"@type":"WebSite","@id":"https:\/\/ratmed.org\/#website","url":"https:\/\/ratmed.org\/","name":"","description":"Polskie Towarzystwo Ratownik\u00f3w Medycznych","potentialAction":[{"@type":"SearchAction","target":{"@type":"EntryPoint","urlTemplate":"https:\/\/ratmed.org\/?s={search_term_string}"},"query-input":{"@type":"PropertyValueSpecification","valueRequired":true,"valueName":"search_term_string"}}],"inLanguage":"pl-PL"}]}},"_links":{"self":[{"href":"https:\/\/ratmed.org\/index.php\/wp-json\/wp\/v2\/pages\/2695","targetHints":{"allow":["GET"]}}],"collection":[{"href":"https:\/\/ratmed.org\/index.php\/wp-json\/wp\/v2\/pages"}],"about":[{"href":"https:\/\/ratmed.org\/index.php\/wp-json\/wp\/v2\/types\/page"}],"author":[{"embeddable":true,"href":"https:\/\/ratmed.org\/index.php\/wp-json\/wp\/v2\/users\/1"}],"replies":[{"embeddable":true,"href":"https:\/\/ratmed.org\/index.php\/wp-json\/wp\/v2\/comments?post=2695"}],"version-history":[{"count":1,"href":"https:\/\/ratmed.org\/index.php\/wp-json\/wp\/v2\/pages\/2695\/revisions"}],"predecessor-version":[{"id":2696,"href":"https:\/\/ratmed.org\/index.php\/wp-json\/wp\/v2\/pages\/2695\/revisions\/2696"}],"up":[{"embeddable":true,"href":"https:\/\/ratmed.org\/index.php\/wp-json\/wp\/v2\/pages\/121"}],"wp:attachment":[{"href":"https:\/\/ratmed.org\/index.php\/wp-json\/wp\/v2\/media?parent=2695"}],"curies":[{"name":"wp","href":"https:\/\/api.w.org\/{rel}","templated":true}]}}