{"id":2702,"date":"2023-08-04T18:05:10","date_gmt":"2023-08-04T17:05:10","guid":{"rendered":"https:\/\/ratmed.org\/?page_id=2702"},"modified":"2024-03-13T11:26:49","modified_gmt":"2024-03-13T10:26:49","slug":"zasady-wnioskowania","status":"publish","type":"page","link":"https:\/\/ratmed.org\/index.php\/about\/odznaczenie-ptrm\/zasady-wnioskowania\/","title":{"rendered":"Zasady wnioskowania"},"content":{"rendered":"<p>Odznaczenie \u2013 <strong>KRZY\u017b ZAS\u0141UGI <\/strong>\u201e<strong>BONUM PRO ALIIS<\/strong>\u201d ma charakter honorowy i mo\u017ce by\u0107 przyznane ratownikowi medycznemu, kt\u00f3ry opr\u00f3cz spe\u0142nienia kryteri\u00f3w okre\u015blonych ww. Regulaminie, swoj\u0105 postaw\u0105 nie narusza norm etycznych.<\/p>\n<p>O przyznaniu ratownikowi medycznemu odznaczenia, decyduje Zarz\u0105d G\u0142\u00f3wny Polskiego Towarzystwa Ratownik\u00f3w Medycznych, na wniosek Kapitu\u0142y Odznaczenia <strong>KRZY\u017bA ZAS\u0141UGI<\/strong> \u201e<strong>BONUM PRO ALIIS<\/strong>\u201d.<\/p>\n<p>Odznaczenie przyznaje si\u0119 w poni\u017cszych kategoriach:<\/p>\n<ul>\n<li>Edukacja, dydaktyka i profilaktyka zdrowia,<\/li>\n<li>Szczeg\u00f3lne zas\u0142ugi na rzecz zawodu ratownika medycznego,<\/li>\n<li>Heroiczna postawa wobec pacjenta lub poszkodowanego,<\/li>\n<li>Autorytet dla \u015brodowiska ratownik\u00f3w medycznych,<\/li>\n<li>Po\u015bmiertnie, za wyr\u00f3\u017cniaj\u0105ce wykonywanie zawodu ratownika medycznego.<\/li>\n<\/ul>\n<p>Ratownik medyczny, mo\u017ce otrzyma\u0107 odznaczenie tylko jeden raz, w ka\u017cdej z kategorii.<\/p>\n<p>Wniosek o przyznanie ww. odznaczenia sk\u0142ada si\u0119 na r\u0119ce ww. Kapitu\u0142y za pomoc\u0105 formularza stanowi\u0105cego za\u0142\u0105cznik do ww. regulaminu. Wniosek musi zosta\u0107 dok\u0142adnie wype\u0142niony wraz<br \/>\nz uzasadnieniem, oraz podpisanymi informacjami o przetwarzaniu danych osobowych.<\/p>\n<p><strong>Wnioski o przyznanie odznaczenia sk\u0142ada si\u0119 w terminie do 30 kwietnia danego roku<\/strong> (liczy si\u0119 data wp\u0142ywu wniosku do PTRM), drog\u0105 pocztow\u0105 na adres Polskiego Towarzystwa Ratownik\u00f3w medycznych:<\/p>\n<ul>\n<li>Magnolii 4, 43-100 Tychy,<\/li>\n<\/ul>\n<p>lub elektroniczn\u0105 za po\u015brednictwem e-maila na adres:<\/p>\n<ul>\n<li><a href=\"mailto:kapitula@ratmed.org\"><strong>kapitula@ratmed.org<\/strong><\/a><\/li>\n<\/ul>\n<p>O przyznaniu ratownikowi medycznemu ww. odznaczenia, decyduje Zarz\u0105d G\u0142\u00f3wny Polskiego Towarzystwa Ratownik\u00f3w Medycznych, na wniosek Kapitu\u0142y Odznaczenia <strong>KRZY\u017bA ZAS\u0141UGI<\/strong> \u201e<strong>BONUM PRO ALIIS<\/strong>\u201d.<\/p>\n<p><a href=\"https:\/\/ratmed.org\/wp-content\/uploads\/2024\/03\/2024-03-05-Regulamin-Odznaczenia-PTRM.pdf\"><img loading=\"lazy\" decoding=\"async\" class=\"alignnone size-full wp-image-3716\" src=\"https:\/\/ratmed.org\/wp-content\/uploads\/2024\/03\/2024-03-13-Przycisk-do-pobrania-reguaminu-odznaczenia.jpg\" alt=\"\" width=\"246\" height=\"418\" srcset=\"https:\/\/ratmed.org\/wp-content\/uploads\/2024\/03\/2024-03-13-Przycisk-do-pobrania-reguaminu-odznaczenia.jpg 246w, https:\/\/ratmed.org\/wp-content\/uploads\/2024\/03\/2024-03-13-Przycisk-do-pobrania-reguaminu-odznaczenia-177x300.jpg 177w\" sizes=\"auto, (max-width: 246px) 100vw, 246px\" \/><\/a><\/p>\n","protected":false},"excerpt":{"rendered":"<p>Odznaczenie \u2013 KRZY\u017b ZAS\u0141UGI \u201eBONUM PRO ALIIS\u201d ma charakter honorowy i mo\u017ce by\u0107 przyznane ratownikowi medycznemu, kt\u00f3ry opr\u00f3cz spe\u0142nienia kryteri\u00f3w [&hellip;]<\/p>\n","protected":false},"author":1,"featured_media":0,"parent":2695,"menu_order":2,"comment_status":"closed","ping_status":"closed","template":"","meta":{"footnotes":"","_links_to":"","_links_to_target":""},"class_list":["post-2702","page","type-page","status-publish","hentry"],"yoast_head":"<!-- This site is optimized with the Yoast SEO plugin v27.5 - https:\/\/yoast.com\/product\/yoast-seo-wordpress\/ -->\n<title>Zasady wnioskowania -<\/title>\n<meta name=\"robots\" content=\"index, follow, max-snippet:-1, max-image-preview:large, max-video-preview:-1\" \/>\n<link rel=\"canonical\" href=\"https:\/\/ratmed.org\/index.php\/about\/odznaczenie-ptrm\/zasady-wnioskowania\/\" \/>\n<meta property=\"og:locale\" content=\"pl_PL\" \/>\n<meta property=\"og:type\" content=\"article\" \/>\n<meta property=\"og:title\" content=\"Zasady wnioskowania -\" \/>\n<meta property=\"og:description\" content=\"Odznaczenie \u2013 KRZY\u017b ZAS\u0141UGI \u201eBONUM PRO ALIIS\u201d ma charakter honorowy i mo\u017ce by\u0107 przyznane ratownikowi medycznemu, kt\u00f3ry opr\u00f3cz spe\u0142nienia kryteri\u00f3w [&hellip;]\" \/>\n<meta property=\"og:url\" content=\"https:\/\/ratmed.org\/index.php\/about\/odznaczenie-ptrm\/zasady-wnioskowania\/\" \/>\n<meta property=\"article:modified_time\" content=\"2024-03-13T10:26:49+00:00\" \/>\n<meta property=\"og:image\" content=\"https:\/\/ratmed.org\/wp-content\/uploads\/2024\/03\/2024-03-13-Przycisk-do-pobrania-reguaminu-odznaczenia.jpg\" \/>\n<meta name=\"twitter:card\" content=\"summary_large_image\" \/>\n<meta name=\"twitter:label1\" content=\"Szacowany czas czytania\" \/>\n\t<meta name=\"twitter:data1\" content=\"2 minuty\" \/>\n<script type=\"application\/ld+json\" class=\"yoast-schema-graph\">{\"@context\":\"https:\\\/\\\/schema.org\",\"@graph\":[{\"@type\":\"WebPage\",\"@id\":\"https:\\\/\\\/ratmed.org\\\/index.php\\\/about\\\/odznaczenie-ptrm\\\/zasady-wnioskowania\\\/\",\"url\":\"https:\\\/\\\/ratmed.org\\\/index.php\\\/about\\\/odznaczenie-ptrm\\\/zasady-wnioskowania\\\/\",\"name\":\"Zasady wnioskowania -\",\"isPartOf\":{\"@id\":\"https:\\\/\\\/ratmed.org\\\/#website\"},\"primaryImageOfPage\":{\"@id\":\"https:\\\/\\\/ratmed.org\\\/index.php\\\/about\\\/odznaczenie-ptrm\\\/zasady-wnioskowania\\\/#primaryimage\"},\"image\":{\"@id\":\"https:\\\/\\\/ratmed.org\\\/index.php\\\/about\\\/odznaczenie-ptrm\\\/zasady-wnioskowania\\\/#primaryimage\"},\"thumbnailUrl\":\"https:\\\/\\\/ratmed.org\\\/wp-content\\\/uploads\\\/2024\\\/03\\\/2024-03-13-Przycisk-do-pobrania-reguaminu-odznaczenia.jpg\",\"datePublished\":\"2023-08-04T17:05:10+00:00\",\"dateModified\":\"2024-03-13T10:26:49+00:00\",\"breadcrumb\":{\"@id\":\"https:\\\/\\\/ratmed.org\\\/index.php\\\/about\\\/odznaczenie-ptrm\\\/zasady-wnioskowania\\\/#breadcrumb\"},\"inLanguage\":\"pl-PL\",\"potentialAction\":[{\"@type\":\"ReadAction\",\"target\":[\"https:\\\/\\\/ratmed.org\\\/index.php\\\/about\\\/odznaczenie-ptrm\\\/zasady-wnioskowania\\\/\"]}]},{\"@type\":\"ImageObject\",\"inLanguage\":\"pl-PL\",\"@id\":\"https:\\\/\\\/ratmed.org\\\/index.php\\\/about\\\/odznaczenie-ptrm\\\/zasady-wnioskowania\\\/#primaryimage\",\"url\":\"https:\\\/\\\/ratmed.org\\\/wp-content\\\/uploads\\\/2024\\\/03\\\/2024-03-13-Przycisk-do-pobrania-reguaminu-odznaczenia.jpg\",\"contentUrl\":\"https:\\\/\\\/ratmed.org\\\/wp-content\\\/uploads\\\/2024\\\/03\\\/2024-03-13-Przycisk-do-pobrania-reguaminu-odznaczenia.jpg\",\"width\":246,\"height\":418},{\"@type\":\"BreadcrumbList\",\"@id\":\"https:\\\/\\\/ratmed.org\\\/index.php\\\/about\\\/odznaczenie-ptrm\\\/zasady-wnioskowania\\\/#breadcrumb\",\"itemListElement\":[{\"@type\":\"ListItem\",\"position\":1,\"name\":\"Strona g\u0142\u00f3wna\",\"item\":\"https:\\\/\\\/ratmed.org\\\/\"},{\"@type\":\"ListItem\",\"position\":2,\"name\":\"O nas:\",\"item\":\"https:\\\/\\\/ratmed.org\\\/index.php\\\/about\\\/\"},{\"@type\":\"ListItem\",\"position\":3,\"name\":\"Odznaczenie PTRM\",\"item\":\"https:\\\/\\\/ratmed.org\\\/index.php\\\/about\\\/odznaczenie-ptrm\\\/\"},{\"@type\":\"ListItem\",\"position\":4,\"name\":\"Zasady wnioskowania\"}]},{\"@type\":\"WebSite\",\"@id\":\"https:\\\/\\\/ratmed.org\\\/#website\",\"url\":\"https:\\\/\\\/ratmed.org\\\/\",\"name\":\"\",\"description\":\"Polskie Towarzystwo Ratownik\u00f3w Medycznych\",\"potentialAction\":[{\"@type\":\"SearchAction\",\"target\":{\"@type\":\"EntryPoint\",\"urlTemplate\":\"https:\\\/\\\/ratmed.org\\\/?s={search_term_string}\"},\"query-input\":{\"@type\":\"PropertyValueSpecification\",\"valueRequired\":true,\"valueName\":\"search_term_string\"}}],\"inLanguage\":\"pl-PL\"}]}<\/script>\n<!-- \/ Yoast SEO plugin. -->","yoast_head_json":{"title":"Zasady wnioskowania -","robots":{"index":"index","follow":"follow","max-snippet":"max-snippet:-1","max-image-preview":"max-image-preview:large","max-video-preview":"max-video-preview:-1"},"canonical":"https:\/\/ratmed.org\/index.php\/about\/odznaczenie-ptrm\/zasady-wnioskowania\/","og_locale":"pl_PL","og_type":"article","og_title":"Zasady wnioskowania -","og_description":"Odznaczenie \u2013 KRZY\u017b ZAS\u0141UGI \u201eBONUM PRO ALIIS\u201d ma charakter honorowy i mo\u017ce by\u0107 przyznane ratownikowi medycznemu, kt\u00f3ry opr\u00f3cz spe\u0142nienia kryteri\u00f3w [&hellip;]","og_url":"https:\/\/ratmed.org\/index.php\/about\/odznaczenie-ptrm\/zasady-wnioskowania\/","article_modified_time":"2024-03-13T10:26:49+00:00","og_image":[{"url":"https:\/\/ratmed.org\/wp-content\/uploads\/2024\/03\/2024-03-13-Przycisk-do-pobrania-reguaminu-odznaczenia.jpg","type":"","width":"","height":""}],"twitter_card":"summary_large_image","twitter_misc":{"Szacowany czas czytania":"2 minuty"},"schema":{"@context":"https:\/\/schema.org","@graph":[{"@type":"WebPage","@id":"https:\/\/ratmed.org\/index.php\/about\/odznaczenie-ptrm\/zasady-wnioskowania\/","url":"https:\/\/ratmed.org\/index.php\/about\/odznaczenie-ptrm\/zasady-wnioskowania\/","name":"Zasady wnioskowania -","isPartOf":{"@id":"https:\/\/ratmed.org\/#website"},"primaryImageOfPage":{"@id":"https:\/\/ratmed.org\/index.php\/about\/odznaczenie-ptrm\/zasady-wnioskowania\/#primaryimage"},"image":{"@id":"https:\/\/ratmed.org\/index.php\/about\/odznaczenie-ptrm\/zasady-wnioskowania\/#primaryimage"},"thumbnailUrl":"https:\/\/ratmed.org\/wp-content\/uploads\/2024\/03\/2024-03-13-Przycisk-do-pobrania-reguaminu-odznaczenia.jpg","datePublished":"2023-08-04T17:05:10+00:00","dateModified":"2024-03-13T10:26:49+00:00","breadcrumb":{"@id":"https:\/\/ratmed.org\/index.php\/about\/odznaczenie-ptrm\/zasady-wnioskowania\/#breadcrumb"},"inLanguage":"pl-PL","potentialAction":[{"@type":"ReadAction","target":["https:\/\/ratmed.org\/index.php\/about\/odznaczenie-ptrm\/zasady-wnioskowania\/"]}]},{"@type":"ImageObject","inLanguage":"pl-PL","@id":"https:\/\/ratmed.org\/index.php\/about\/odznaczenie-ptrm\/zasady-wnioskowania\/#primaryimage","url":"https:\/\/ratmed.org\/wp-content\/uploads\/2024\/03\/2024-03-13-Przycisk-do-pobrania-reguaminu-odznaczenia.jpg","contentUrl":"https:\/\/ratmed.org\/wp-content\/uploads\/2024\/03\/2024-03-13-Przycisk-do-pobrania-reguaminu-odznaczenia.jpg","width":246,"height":418},{"@type":"BreadcrumbList","@id":"https:\/\/ratmed.org\/index.php\/about\/odznaczenie-ptrm\/zasady-wnioskowania\/#breadcrumb","itemListElement":[{"@type":"ListItem","position":1,"name":"Strona g\u0142\u00f3wna","item":"https:\/\/ratmed.org\/"},{"@type":"ListItem","position":2,"name":"O nas:","item":"https:\/\/ratmed.org\/index.php\/about\/"},{"@type":"ListItem","position":3,"name":"Odznaczenie PTRM","item":"https:\/\/ratmed.org\/index.php\/about\/odznaczenie-ptrm\/"},{"@type":"ListItem","position":4,"name":"Zasady wnioskowania"}]},{"@type":"WebSite","@id":"https:\/\/ratmed.org\/#website","url":"https:\/\/ratmed.org\/","name":"","description":"Polskie Towarzystwo Ratownik\u00f3w Medycznych","potentialAction":[{"@type":"SearchAction","target":{"@type":"EntryPoint","urlTemplate":"https:\/\/ratmed.org\/?s={search_term_string}"},"query-input":{"@type":"PropertyValueSpecification","valueRequired":true,"valueName":"search_term_string"}}],"inLanguage":"pl-PL"}]}},"_links":{"self":[{"href":"https:\/\/ratmed.org\/index.php\/wp-json\/wp\/v2\/pages\/2702","targetHints":{"allow":["GET"]}}],"collection":[{"href":"https:\/\/ratmed.org\/index.php\/wp-json\/wp\/v2\/pages"}],"about":[{"href":"https:\/\/ratmed.org\/index.php\/wp-json\/wp\/v2\/types\/page"}],"author":[{"embeddable":true,"href":"https:\/\/ratmed.org\/index.php\/wp-json\/wp\/v2\/users\/1"}],"replies":[{"embeddable":true,"href":"https:\/\/ratmed.org\/index.php\/wp-json\/wp\/v2\/comments?post=2702"}],"version-history":[{"count":4,"href":"https:\/\/ratmed.org\/index.php\/wp-json\/wp\/v2\/pages\/2702\/revisions"}],"predecessor-version":[{"id":3723,"href":"https:\/\/ratmed.org\/index.php\/wp-json\/wp\/v2\/pages\/2702\/revisions\/3723"}],"up":[{"embeddable":true,"href":"https:\/\/ratmed.org\/index.php\/wp-json\/wp\/v2\/pages\/2695"}],"wp:attachment":[{"href":"https:\/\/ratmed.org\/index.php\/wp-json\/wp\/v2\/media?parent=2702"}],"curies":[{"name":"wp","href":"https:\/\/api.w.org\/{rel}","templated":true}]}}