{"id":2720,"date":"2023-08-09T10:10:12","date_gmt":"2023-08-09T09:10:12","guid":{"rendered":"https:\/\/ratmed.org\/?page_id=2720"},"modified":"2023-08-09T10:10:12","modified_gmt":"2023-08-09T09:10:12","slug":"informacje-ogolne","status":"publish","type":"page","link":"https:\/\/ratmed.org\/index.php\/czlonkostwo\/informacje-ogolne\/","title":{"rendered":"Informacje og\u00f3lne"},"content":{"rendered":"<p><strong>DLACZEGO WARTO NALE\u017bE\u0106 DO POLSKIEGO TOWARZYSTWA RATOWNIK\u00d3W MEDYCZNYCH ?<\/strong><\/p>\n<p>Cele dzia\u0142alno\u015bci Polskiego Towarzystwa Ratownik\u00f3w Medycznych okre\u015bla Statut w artykule 10. Mo\u017cna je tak\u017ce opisywa\u0107 wskazuj\u0105c na korzy\u015bci, jakie dzia\u0142alno\u015b\u0107 ta przynosi swoim cz\u0142onkom indywidualnie i ca\u0142emu \u015brodowisku ratownik\u00f3w medycznych.<\/p>\n<p>&nbsp;<\/p>\n<p><strong>KORZY\u015aCI INDYWIDUALNE<\/strong>:<\/p>\n<ul>\n<li>Wsparcie w podejmowaniu dzia\u0142alno\u015bci naukowej<\/li>\n<li>Merytoryczne wsparcie w przypadku potrzeby odwo\u0142ania si\u0119 do wytycznych i standard\u00f3w post\u0119powania w zawodzie ratownika medycznego<\/li>\n<li>Wsparcie w przypadku konieczno\u015bci interpretacji obowi\u0105zuj\u0105cych akt\u00f3w prawnych dotycz\u0105cych ratownika medycznego<\/li>\n<li>Ulgowe op\u0142aty przy uczestniczeniu w szkoleniach, konferencjach i Sympozjach organizowanych przez Towarzystwo<\/li>\n<li>Rozstrzyganie spor\u00f3w mi\u0119dzy cz\u0142onkami Towarzystwa<\/li>\n<li>Promowanie i pomoc w nawi\u0105zywaniu kontakt\u00f3w oraz wsp\u00f3\u0142pracy z instytucjami<br \/>\ni organizacjami zwi\u0105zanymi z medycyn\u0105 ratunkow\u0105 i ratownictwem medycznym w kraju i na \u015bwiecie<\/li>\n<\/ul>\n<p>&nbsp;<\/p>\n<p><strong>KORZY\u015aCI \u015aRODOWISKA<\/strong>:<\/p>\n<ul>\n<li>Konsolidacja \u015brodowiska ratownik\u00f3w medycznych<\/li>\n<li>Czuwanie nad pracami legislacyjnymi dotycz\u0105cymi zawodu ratownika medycznego (ustawa o zawodzie ratownika medycznego i samorz\u0105dzie, rozporz\u0105dzenia do ustaw kt\u00f3re dotycz\u0105 ratownika medycznego<\/li>\n<li>Czuwanie nad etyk\u0105 zawodow\u0105<\/li>\n<li>Tworzenie wytycznych i standard\u00f3w post\u0119powania dla ratownik\u00f3w medycznych<\/li>\n<li>Reprezentowanie ratownik\u00f3w medycznych w Polsce i na \u015bwiecie,<\/li>\n<li>Mo\u017cliwo\u015b\u0107 integracji psycholog\u00f3w z r\u00f3\u017cnych \u015brodowisk i wymiana do\u015bwiadcze\u0144 zawodowych<\/li>\n<\/ul>\n<p>&nbsp;<\/p>\n<p><strong>Cz\u0142onkowie Towarzystwa dziel\u0105 si\u0119 na<\/strong>:<\/p>\n<ul>\n<li>Zwyczajnych<\/li>\n<li>Honorowych<\/li>\n<li>Wspieraj\u0105cych<\/li>\n<li>Rezydent\u00f3w<\/li>\n<\/ul>\n<p>&nbsp;<\/p>\n<p><strong>JAK ZOSTA\u0106 CZ\u0141ONKIEM POLSKIEGO TOWARZYSTWA RATOWNIK\u00d3W MEDYCZNYCH<\/strong><\/p>\n<ul>\n<li>Cz\u0142onkiem Zwyczajnym PTRM mo\u017ce by\u0107 ka\u017cdy obywatel polski, kt\u00f3ry posiada tytu\u0142 zawodowy ratownika medycznego.<\/li>\n<li>Warunkiem ubiegania si\u0119 o cz\u0142onkostwo jest z\u0142o\u017cenie pisemnej deklaracji cz\u0142onkostwa w PTRM. Deklaracja cz\u0142onkostwa w PTRM jest dost\u0119pna na ko\u0144cu artyku\u0142u.<\/li>\n<li>Na deklaracji cz\u0142onkowskiej w cz\u0119\u015bci dotycz\u0105cej rekomendacji, nale\u017cy uzyska\u0107 podpisy dw\u00f3ch cz\u0142onk\u00f3w zwyczajnych PTRM wprowadzaj\u0105cych do Towarzystwa, kt\u00f3rzy maj\u0105 uregulowane sk\u0142adki.<\/li>\n<li>Wype\u0142nion\u0105 i podpisan\u0105 deklaracj\u0119 cz\u0142onkowsk\u0105 nale\u017cy przes\u0142a\u0107 listownie do siedziby PTRM na adres: ul. Magnolii 4, 43-100 Tychy.<\/li>\n<li>Cz\u0142onka Zwyczajnego przyjmuje w drodze uchwa\u0142y Zarz\u0105d G\u0142\u00f3wny Towarzystwa na podstawie z\u0142o\u017conej pisemnej deklaracji cz\u0142onkostwa w PTRM.<\/li>\n<li>Przedstawiciel Zarz\u0105du G\u0142\u00f3wnego PTRM zawiadamia kandydata o przyj\u0119ciu w szeregi cz\u0142onk\u00f3w PTRM oraz wysoko\u015bci i sposobie regulowania sk\u0142adek.<\/li>\n<li>Nie nale\u017cy wp\u0142aca\u0107 sk\u0142adek przed uzyskaniem potwierdzenia o przyj\u0119ciu do PTRM.<\/li>\n<\/ul>\n<p>&nbsp;<\/p>\n<p><strong>Cz\u0142onkostwo honorowe<\/strong> mo\u017ce nada\u0107 Zarz\u0105d G\u0142\u00f3wny Towarzystwa osobom szczeg\u00f3lnie zas\u0142u\u017conym dla Towarzystwa lub w dziedzinie medycyny ratunkowej, systemie ratownictwa medycznego lub ochronie zdrowia, na wniosek Komisji Opiniodawczej ds. Cz\u0142onk\u00f3w Honorowych Towarzystwa na podstawie jej regulaminu.<\/p>\n<p><strong>Cz\u0142onkiem Wspieraj\u0105cym<\/strong> mo\u017ce zosta\u0107 osoba fizyczna albo osoba prawna inna ni\u017c spe\u0142niaj\u0105ca wymagania dla Cz\u0142onka Zwyczajnego, na jej wniosek, kt\u00f3ra wniesie roczn\u0105 sk\u0142adk\u0119 cz\u0142onkowsk\u0105 na zasadach i w wysoko\u015bci uchwalonej przez Zarz\u0105d G\u0142\u00f3wny Towarzystwa oraz uzyska\u0142a wcze\u015bniej pozytywn\u0105 opini\u0119 Zarz\u0105du G\u0142\u00f3wnego Towarzystwa wydan\u0105 w drodze uchwa\u0142y.<\/p>\n<p><strong>Cz\u0142onkiem Rezydentem<\/strong> mo\u017ce by\u0107 obywatel polski, kt\u00f3ry spe\u0142nia wymogi zapisu art. 13 ustawy z dnia 8 wrze\u015bnia 2006 r. o Pa\u0144stwowym Ratownictwie Medycznym.<\/p>\n<p>Zarz\u0105d G\u0142\u00f3wny Towarzystwa ma prawo odm\u00f3wi\u0107 zatwierdzenia kandydatury Cz\u0142onka z wa\u017cnych powod\u00f3w, o kt\u00f3rych nale\u017cy powiadomi\u0107 kandydata.<\/p>\n<p>Dodatkowo <strong>Sympatykiem Towarzystwa<\/strong> mo\u017ce zosta\u0107 osoba fizyczna, kt\u00f3ra zapozna\u0142a si\u0119 z tre\u015bci\u0105 Statutu Towarzystwa i popiera jego dzia\u0142alno\u015b\u0107.<\/p>\n<p>&nbsp;<\/p>\n<p><span style=\"text-decoration: underline;\">Do pobrania<\/span>:<\/p>\n<p><a href=\"https:\/\/ratmed.org\/wp-content\/uploads\/2023\/08\/Zal.-nr-1-do-statutu-PTRM-Deklaracja-Czlonka-Zwyczajnego-PTRM-do-podpisu-tradycyjnego.pdf\"><strong>Deklaracja Cz\u0142onka Zwyczajnego PTRM do podpisu tradycyjnego<\/strong><\/a><\/p>\n<p><a href=\"https:\/\/ratmed.org\/wp-content\/uploads\/2023\/08\/Zal.-nr-1a-do-statutu-PTRM-Deklaracja-Czlonka-Zwyczajnego-PTRM-do-podpisu-elektronicznego-1.docx\"><strong>Deklaracja Cz\u0142onka Zwyczajnego PTRM do podpisu elektronicznego<\/strong><\/a><\/p>\n<p><a href=\"https:\/\/ratmed.org\/wp-content\/uploads\/2023\/08\/Deklaracja-Czlonka-Rezydenta-PTRM.pdf\"><strong>Deklaracja Cz\u0142onka Rezydenta PTRM<\/strong><\/a><\/p>\n<p><a href=\"https:\/\/ratmed.org\/wp-content\/uploads\/2023\/08\/Deklaracja-Czlonka-Sympatyka-PTRM.pdf\"><strong>Deklaracja Sympatyka PTRM<\/strong><\/a><\/p>\n<p>&nbsp;<\/p>\n","protected":false},"excerpt":{"rendered":"<p>DLACZEGO WARTO NALE\u017bE\u0106 DO POLSKIEGO TOWARZYSTWA RATOWNIK\u00d3W MEDYCZNYCH ? Cele dzia\u0142alno\u015bci Polskiego Towarzystwa Ratownik\u00f3w Medycznych okre\u015bla Statut w artykule 10. [&hellip;]<\/p>\n","protected":false},"author":1,"featured_media":0,"parent":2717,"menu_order":1,"comment_status":"closed","ping_status":"closed","template":"","meta":{"footnotes":"","_links_to":"","_links_to_target":""},"class_list":["post-2720","page","type-page","status-publish","hentry"],"yoast_head":"<!-- This site is optimized with the Yoast SEO plugin v27.4 - https:\/\/yoast.com\/product\/yoast-seo-wordpress\/ -->\n<title>Informacje og\u00f3lne -<\/title>\n<meta name=\"robots\" content=\"index, follow, max-snippet:-1, max-image-preview:large, max-video-preview:-1\" \/>\n<link rel=\"canonical\" href=\"https:\/\/ratmed.org\/index.php\/czlonkostwo\/informacje-ogolne\/\" \/>\n<meta property=\"og:locale\" content=\"pl_PL\" \/>\n<meta property=\"og:type\" content=\"article\" \/>\n<meta property=\"og:title\" content=\"Informacje og\u00f3lne -\" \/>\n<meta property=\"og:description\" content=\"DLACZEGO WARTO NALE\u017bE\u0106 DO POLSKIEGO TOWARZYSTWA RATOWNIK\u00d3W MEDYCZNYCH ? Cele dzia\u0142alno\u015bci Polskiego Towarzystwa Ratownik\u00f3w Medycznych okre\u015bla Statut w artykule 10. [&hellip;]\" \/>\n<meta property=\"og:url\" content=\"https:\/\/ratmed.org\/index.php\/czlonkostwo\/informacje-ogolne\/\" \/>\n<meta name=\"twitter:card\" content=\"summary_large_image\" \/>\n<meta name=\"twitter:label1\" content=\"Szacowany czas czytania\" \/>\n\t<meta name=\"twitter:data1\" content=\"3 minuty\" \/>\n<script type=\"application\/ld+json\" class=\"yoast-schema-graph\">{\"@context\":\"https:\\\/\\\/schema.org\",\"@graph\":[{\"@type\":\"WebPage\",\"@id\":\"https:\\\/\\\/ratmed.org\\\/index.php\\\/czlonkostwo\\\/informacje-ogolne\\\/\",\"url\":\"https:\\\/\\\/ratmed.org\\\/index.php\\\/czlonkostwo\\\/informacje-ogolne\\\/\",\"name\":\"Informacje og\u00f3lne -\",\"isPartOf\":{\"@id\":\"https:\\\/\\\/ratmed.org\\\/#website\"},\"datePublished\":\"2023-08-09T09:10:12+00:00\",\"breadcrumb\":{\"@id\":\"https:\\\/\\\/ratmed.org\\\/index.php\\\/czlonkostwo\\\/informacje-ogolne\\\/#breadcrumb\"},\"inLanguage\":\"pl-PL\",\"potentialAction\":[{\"@type\":\"ReadAction\",\"target\":[\"https:\\\/\\\/ratmed.org\\\/index.php\\\/czlonkostwo\\\/informacje-ogolne\\\/\"]}]},{\"@type\":\"BreadcrumbList\",\"@id\":\"https:\\\/\\\/ratmed.org\\\/index.php\\\/czlonkostwo\\\/informacje-ogolne\\\/#breadcrumb\",\"itemListElement\":[{\"@type\":\"ListItem\",\"position\":1,\"name\":\"Strona g\u0142\u00f3wna\",\"item\":\"https:\\\/\\\/ratmed.org\\\/\"},{\"@type\":\"ListItem\",\"position\":2,\"name\":\"Cz\u0142onkostwo\",\"item\":\"https:\\\/\\\/ratmed.org\\\/index.php\\\/czlonkostwo\\\/\"},{\"@type\":\"ListItem\",\"position\":3,\"name\":\"Informacje og\u00f3lne\"}]},{\"@type\":\"WebSite\",\"@id\":\"https:\\\/\\\/ratmed.org\\\/#website\",\"url\":\"https:\\\/\\\/ratmed.org\\\/\",\"name\":\"\",\"description\":\"Polskie Towarzystwo Ratownik\u00f3w Medycznych\",\"potentialAction\":[{\"@type\":\"SearchAction\",\"target\":{\"@type\":\"EntryPoint\",\"urlTemplate\":\"https:\\\/\\\/ratmed.org\\\/?s={search_term_string}\"},\"query-input\":{\"@type\":\"PropertyValueSpecification\",\"valueRequired\":true,\"valueName\":\"search_term_string\"}}],\"inLanguage\":\"pl-PL\"}]}<\/script>\n<!-- \/ Yoast SEO plugin. -->","yoast_head_json":{"title":"Informacje og\u00f3lne -","robots":{"index":"index","follow":"follow","max-snippet":"max-snippet:-1","max-image-preview":"max-image-preview:large","max-video-preview":"max-video-preview:-1"},"canonical":"https:\/\/ratmed.org\/index.php\/czlonkostwo\/informacje-ogolne\/","og_locale":"pl_PL","og_type":"article","og_title":"Informacje og\u00f3lne -","og_description":"DLACZEGO WARTO NALE\u017bE\u0106 DO POLSKIEGO TOWARZYSTWA RATOWNIK\u00d3W MEDYCZNYCH ? Cele dzia\u0142alno\u015bci Polskiego Towarzystwa Ratownik\u00f3w Medycznych okre\u015bla Statut w artykule 10. [&hellip;]","og_url":"https:\/\/ratmed.org\/index.php\/czlonkostwo\/informacje-ogolne\/","twitter_card":"summary_large_image","twitter_misc":{"Szacowany czas czytania":"3 minuty"},"schema":{"@context":"https:\/\/schema.org","@graph":[{"@type":"WebPage","@id":"https:\/\/ratmed.org\/index.php\/czlonkostwo\/informacje-ogolne\/","url":"https:\/\/ratmed.org\/index.php\/czlonkostwo\/informacje-ogolne\/","name":"Informacje og\u00f3lne -","isPartOf":{"@id":"https:\/\/ratmed.org\/#website"},"datePublished":"2023-08-09T09:10:12+00:00","breadcrumb":{"@id":"https:\/\/ratmed.org\/index.php\/czlonkostwo\/informacje-ogolne\/#breadcrumb"},"inLanguage":"pl-PL","potentialAction":[{"@type":"ReadAction","target":["https:\/\/ratmed.org\/index.php\/czlonkostwo\/informacje-ogolne\/"]}]},{"@type":"BreadcrumbList","@id":"https:\/\/ratmed.org\/index.php\/czlonkostwo\/informacje-ogolne\/#breadcrumb","itemListElement":[{"@type":"ListItem","position":1,"name":"Strona g\u0142\u00f3wna","item":"https:\/\/ratmed.org\/"},{"@type":"ListItem","position":2,"name":"Cz\u0142onkostwo","item":"https:\/\/ratmed.org\/index.php\/czlonkostwo\/"},{"@type":"ListItem","position":3,"name":"Informacje og\u00f3lne"}]},{"@type":"WebSite","@id":"https:\/\/ratmed.org\/#website","url":"https:\/\/ratmed.org\/","name":"","description":"Polskie Towarzystwo Ratownik\u00f3w Medycznych","potentialAction":[{"@type":"SearchAction","target":{"@type":"EntryPoint","urlTemplate":"https:\/\/ratmed.org\/?s={search_term_string}"},"query-input":{"@type":"PropertyValueSpecification","valueRequired":true,"valueName":"search_term_string"}}],"inLanguage":"pl-PL"}]}},"_links":{"self":[{"href":"https:\/\/ratmed.org\/index.php\/wp-json\/wp\/v2\/pages\/2720","targetHints":{"allow":["GET"]}}],"collection":[{"href":"https:\/\/ratmed.org\/index.php\/wp-json\/wp\/v2\/pages"}],"about":[{"href":"https:\/\/ratmed.org\/index.php\/wp-json\/wp\/v2\/types\/page"}],"author":[{"embeddable":true,"href":"https:\/\/ratmed.org\/index.php\/wp-json\/wp\/v2\/users\/1"}],"replies":[{"embeddable":true,"href":"https:\/\/ratmed.org\/index.php\/wp-json\/wp\/v2\/comments?post=2720"}],"version-history":[{"count":4,"href":"https:\/\/ratmed.org\/index.php\/wp-json\/wp\/v2\/pages\/2720\/revisions"}],"predecessor-version":[{"id":2729,"href":"https:\/\/ratmed.org\/index.php\/wp-json\/wp\/v2\/pages\/2720\/revisions\/2729"}],"up":[{"embeddable":true,"href":"https:\/\/ratmed.org\/index.php\/wp-json\/wp\/v2\/pages\/2717"}],"wp:attachment":[{"href":"https:\/\/ratmed.org\/index.php\/wp-json\/wp\/v2\/media?parent=2720"}],"curies":[{"name":"wp","href":"https:\/\/api.w.org\/{rel}","templated":true}]}}