{"id":2736,"date":"2023-08-09T17:16:04","date_gmt":"2023-08-09T16:16:04","guid":{"rendered":"https:\/\/ratmed.org\/?page_id=2736"},"modified":"2023-08-09T21:04:52","modified_gmt":"2023-08-09T20:04:52","slug":"struktura","status":"publish","type":"page","link":"https:\/\/ratmed.org\/index.php\/about\/struktura\/","title":{"rendered":"Struktura"},"content":{"rendered":"<p><strong>W\u0142adzami Polskiego Towarzystwa Ratownik\u00f3w Medycznych s\u0105<\/strong>:<\/p>\n<ul style=\"list-style-type: circle;\">\n<li><a href=\"https:\/\/ratmed.org\/index.php\/about\/wladze-ptrm\/walne-zebranie-czlonkow-towarzystwa\/\">Walne Zebranie Cz\u0142onk\u00f3w Towarzystwa<\/a><\/li>\n<li><a href=\"https:\/\/ratmed.org\/index.php\/about-2\/zarzad-glowny-ptrm\/\">Zarz\u0105d G\u0142\u00f3wny Towarzystwa<\/a><\/li>\n<li><a href=\"https:\/\/ratmed.org\/index.php\/about-2\/komisja-rewizyjna-ptrm\/\">Komisja Rewizyjna<\/a><\/li>\n<li>S\u0105d Kole\u017ce\u0144ski<\/li>\n<\/ul>\n<p><span style=\"color: #ffffff;\">a<\/span><\/p>\n<p><strong>W sk\u0142ad Zarz\u0105du G\u0142\u00f3wnego Polskiego Towarzystwa Ratownik\u00f3w Medycznych wchodzi<\/strong>:<\/p>\n<ul style=\"list-style-type: circle;\">\n<li>Prezes \u2013\u00a0zostaje nim Prezes Elekt poprzedniej kadencji<\/li>\n<li>Prezes Elekt<\/li>\n<li>Past Prezes \u2013 ust\u0119puj\u0105cy Prezes<\/li>\n<li>Sekretarz<\/li>\n<li>Skarbnik<\/li>\n<li>Cz\u0142onkowie Zarz\u0105du<\/li>\n<li>Rzecznik Etyki Zawodowej Ratownik\u00f3w Medycznych \u2013 z g\u0142osem doradczym<\/li>\n<li>Krajowy Ekspert do spraw ratownictwa medycznego \u2013 z g\u0142osem doradczym<\/li>\n<li>Cz\u0142onek Honorowy \u2013 z g\u0142osem doradczym<\/li>\n<li>Przewodnicz\u0105cy Sekcji<\/li>\n<\/ul>\n<p><span style=\"color: #ffffff;\">a<\/span><\/p>\n<p><strong>W sk\u0142ad Prezydium Polskiego Towarzystwa Ratownik\u00f3w Medycznych wchodzi<\/strong>:<\/p>\n<ul style=\"list-style-type: circle;\">\n<li>Prezes<\/li>\n<li>Prezes Elekt<\/li>\n<li>Past Prezes<\/li>\n<li>Sekretarz<\/li>\n<li>Skarbnik<\/li>\n<\/ul>\n<p><span style=\"color: #ffffff;\">a<\/span><\/p>\n<p><strong>W sk\u0142ad Polskiego Towarzystwa Ratownik\u00f3w Medycznych dodatkowo wchodz\u0105<\/strong>:<\/p>\n<ul style=\"list-style-type: circle;\">\n<li>Komisja opiniodawcza ds. cz\u0142onk\u00f3w honorowych (Komisja sta\u0142a)<\/li>\n<li>Rada Naukowa Towarzystwa<\/li>\n<li>Polski Korpus Ratownictwa Medycznego<\/li>\n<li>Rzecznik prasowy Towarzystwa<\/li>\n<\/ul>\n","protected":false},"excerpt":{"rendered":"<p>W\u0142adzami Polskiego Towarzystwa Ratownik\u00f3w Medycznych s\u0105: Walne Zebranie Cz\u0142onk\u00f3w Towarzystwa Zarz\u0105d G\u0142\u00f3wny Towarzystwa Komisja Rewizyjna S\u0105d Kole\u017ce\u0144ski a W sk\u0142ad [&hellip;]<\/p>\n","protected":false},"author":1,"featured_media":0,"parent":121,"menu_order":2,"comment_status":"closed","ping_status":"closed","template":"","meta":{"footnotes":"","_links_to":"","_links_to_target":""},"class_list":["post-2736","page","type-page","status-publish","hentry"],"yoast_head":"<!-- This site is optimized with the Yoast SEO plugin v27.5 - https:\/\/yoast.com\/product\/yoast-seo-wordpress\/ -->\n<title>Struktura -<\/title>\n<meta name=\"robots\" content=\"index, follow, max-snippet:-1, max-image-preview:large, max-video-preview:-1\" \/>\n<link rel=\"canonical\" href=\"https:\/\/ratmed.org\/index.php\/about\/struktura\/\" \/>\n<meta property=\"og:locale\" content=\"pl_PL\" \/>\n<meta property=\"og:type\" content=\"article\" \/>\n<meta property=\"og:title\" content=\"Struktura -\" \/>\n<meta property=\"og:description\" content=\"W\u0142adzami Polskiego Towarzystwa Ratownik\u00f3w Medycznych s\u0105: Walne Zebranie Cz\u0142onk\u00f3w Towarzystwa Zarz\u0105d G\u0142\u00f3wny Towarzystwa Komisja Rewizyjna S\u0105d Kole\u017ce\u0144ski a W sk\u0142ad [&hellip;]\" \/>\n<meta property=\"og:url\" content=\"https:\/\/ratmed.org\/index.php\/about\/struktura\/\" \/>\n<meta property=\"article:modified_time\" content=\"2023-08-09T20:04:52+00:00\" \/>\n<meta name=\"twitter:card\" content=\"summary_large_image\" \/>\n<meta name=\"twitter:label1\" content=\"Szacowany czas czytania\" \/>\n\t<meta name=\"twitter:data1\" content=\"1 minuta\" \/>\n<script type=\"application\/ld+json\" class=\"yoast-schema-graph\">{\"@context\":\"https:\\\/\\\/schema.org\",\"@graph\":[{\"@type\":\"WebPage\",\"@id\":\"https:\\\/\\\/ratmed.org\\\/index.php\\\/about\\\/struktura\\\/\",\"url\":\"https:\\\/\\\/ratmed.org\\\/index.php\\\/about\\\/struktura\\\/\",\"name\":\"Struktura -\",\"isPartOf\":{\"@id\":\"https:\\\/\\\/ratmed.org\\\/#website\"},\"datePublished\":\"2023-08-09T16:16:04+00:00\",\"dateModified\":\"2023-08-09T20:04:52+00:00\",\"breadcrumb\":{\"@id\":\"https:\\\/\\\/ratmed.org\\\/index.php\\\/about\\\/struktura\\\/#breadcrumb\"},\"inLanguage\":\"pl-PL\",\"potentialAction\":[{\"@type\":\"ReadAction\",\"target\":[\"https:\\\/\\\/ratmed.org\\\/index.php\\\/about\\\/struktura\\\/\"]}]},{\"@type\":\"BreadcrumbList\",\"@id\":\"https:\\\/\\\/ratmed.org\\\/index.php\\\/about\\\/struktura\\\/#breadcrumb\",\"itemListElement\":[{\"@type\":\"ListItem\",\"position\":1,\"name\":\"Strona g\u0142\u00f3wna\",\"item\":\"https:\\\/\\\/ratmed.org\\\/\"},{\"@type\":\"ListItem\",\"position\":2,\"name\":\"O nas:\",\"item\":\"https:\\\/\\\/ratmed.org\\\/index.php\\\/about\\\/\"},{\"@type\":\"ListItem\",\"position\":3,\"name\":\"Struktura\"}]},{\"@type\":\"WebSite\",\"@id\":\"https:\\\/\\\/ratmed.org\\\/#website\",\"url\":\"https:\\\/\\\/ratmed.org\\\/\",\"name\":\"\",\"description\":\"Polskie Towarzystwo Ratownik\u00f3w Medycznych\",\"potentialAction\":[{\"@type\":\"SearchAction\",\"target\":{\"@type\":\"EntryPoint\",\"urlTemplate\":\"https:\\\/\\\/ratmed.org\\\/?s={search_term_string}\"},\"query-input\":{\"@type\":\"PropertyValueSpecification\",\"valueRequired\":true,\"valueName\":\"search_term_string\"}}],\"inLanguage\":\"pl-PL\"}]}<\/script>\n<!-- \/ Yoast SEO plugin. -->","yoast_head_json":{"title":"Struktura -","robots":{"index":"index","follow":"follow","max-snippet":"max-snippet:-1","max-image-preview":"max-image-preview:large","max-video-preview":"max-video-preview:-1"},"canonical":"https:\/\/ratmed.org\/index.php\/about\/struktura\/","og_locale":"pl_PL","og_type":"article","og_title":"Struktura -","og_description":"W\u0142adzami Polskiego Towarzystwa Ratownik\u00f3w Medycznych s\u0105: Walne Zebranie Cz\u0142onk\u00f3w Towarzystwa Zarz\u0105d G\u0142\u00f3wny Towarzystwa Komisja Rewizyjna S\u0105d Kole\u017ce\u0144ski a W sk\u0142ad [&hellip;]","og_url":"https:\/\/ratmed.org\/index.php\/about\/struktura\/","article_modified_time":"2023-08-09T20:04:52+00:00","twitter_card":"summary_large_image","twitter_misc":{"Szacowany czas czytania":"1 minuta"},"schema":{"@context":"https:\/\/schema.org","@graph":[{"@type":"WebPage","@id":"https:\/\/ratmed.org\/index.php\/about\/struktura\/","url":"https:\/\/ratmed.org\/index.php\/about\/struktura\/","name":"Struktura -","isPartOf":{"@id":"https:\/\/ratmed.org\/#website"},"datePublished":"2023-08-09T16:16:04+00:00","dateModified":"2023-08-09T20:04:52+00:00","breadcrumb":{"@id":"https:\/\/ratmed.org\/index.php\/about\/struktura\/#breadcrumb"},"inLanguage":"pl-PL","potentialAction":[{"@type":"ReadAction","target":["https:\/\/ratmed.org\/index.php\/about\/struktura\/"]}]},{"@type":"BreadcrumbList","@id":"https:\/\/ratmed.org\/index.php\/about\/struktura\/#breadcrumb","itemListElement":[{"@type":"ListItem","position":1,"name":"Strona g\u0142\u00f3wna","item":"https:\/\/ratmed.org\/"},{"@type":"ListItem","position":2,"name":"O nas:","item":"https:\/\/ratmed.org\/index.php\/about\/"},{"@type":"ListItem","position":3,"name":"Struktura"}]},{"@type":"WebSite","@id":"https:\/\/ratmed.org\/#website","url":"https:\/\/ratmed.org\/","name":"","description":"Polskie Towarzystwo Ratownik\u00f3w Medycznych","potentialAction":[{"@type":"SearchAction","target":{"@type":"EntryPoint","urlTemplate":"https:\/\/ratmed.org\/?s={search_term_string}"},"query-input":{"@type":"PropertyValueSpecification","valueRequired":true,"valueName":"search_term_string"}}],"inLanguage":"pl-PL"}]}},"_links":{"self":[{"href":"https:\/\/ratmed.org\/index.php\/wp-json\/wp\/v2\/pages\/2736","targetHints":{"allow":["GET"]}}],"collection":[{"href":"https:\/\/ratmed.org\/index.php\/wp-json\/wp\/v2\/pages"}],"about":[{"href":"https:\/\/ratmed.org\/index.php\/wp-json\/wp\/v2\/types\/page"}],"author":[{"embeddable":true,"href":"https:\/\/ratmed.org\/index.php\/wp-json\/wp\/v2\/users\/1"}],"replies":[{"embeddable":true,"href":"https:\/\/ratmed.org\/index.php\/wp-json\/wp\/v2\/comments?post=2736"}],"version-history":[{"count":11,"href":"https:\/\/ratmed.org\/index.php\/wp-json\/wp\/v2\/pages\/2736\/revisions"}],"predecessor-version":[{"id":2770,"href":"https:\/\/ratmed.org\/index.php\/wp-json\/wp\/v2\/pages\/2736\/revisions\/2770"}],"up":[{"embeddable":true,"href":"https:\/\/ratmed.org\/index.php\/wp-json\/wp\/v2\/pages\/121"}],"wp:attachment":[{"href":"https:\/\/ratmed.org\/index.php\/wp-json\/wp\/v2\/media?parent=2736"}],"curies":[{"name":"wp","href":"https:\/\/api.w.org\/{rel}","templated":true}]}}