{"id":2763,"date":"2023-08-09T20:50:18","date_gmt":"2023-08-09T19:50:18","guid":{"rendered":"https:\/\/ratmed.org\/?page_id=2763"},"modified":"2023-08-09T20:50:18","modified_gmt":"2023-08-09T19:50:18","slug":"misja-ptrm","status":"publish","type":"page","link":"https:\/\/ratmed.org\/index.php\/about\/misja-ptrm\/","title":{"rendered":"Misja PTRM"},"content":{"rendered":"<p><strong>Nasza misja to:<\/strong><\/p>\n<ul>\n<li>Podejmowanie dzia\u0142a\u0144 zmierzaj\u0105cych do konsolidacji \u015brodowiska ratownik\u00f3w medycznych i ratownik\u00f3w<\/li>\n<li>Podejmowanie dzia\u0142a\u0144 naukowych w zakresie nauk medycznych, nauk o zdrowiu, nauk humanistycznych i nauk ekonomicznych w tym nauk o zarz\u0105dzaniu oraz nauk prawnych<\/li>\n<li>Opiniowanie program\u00f3w nauczania przed i podyplomowego z zakresu kszta\u0142cenia w zawodzie ratownik medyczny oraz innych zawod\u00f3w medycznych, w kt\u00f3rych zastosowanie maj\u0105 dziedziny nauk medycznych, nauk o zdrowiu, nauk humanistycznych i nauk ekonomicznych w tym nauk o zarz\u0105dzaniu oraz nauk prawnych<\/li>\n<li>Reprezentowanie polskich ratownik\u00f3w medycznych i ratownik\u00f3w oraz cz\u0142onk\u00f3w Towarzystwa w kraju i za granic\u0105<\/li>\n<li>Promowanie i pomoc w nawi\u0105zywaniu kontakt\u00f3w oraz wsp\u00f3\u0142pracy z instytucjami i organizacjami zwi\u0105zanymi z medycyn\u0105 ratunkow\u0105 i ratownictwem medycznym w kraju i na \u015bwiecie<\/li>\n<li>Wspieranie ratownik\u00f3w medycznych i ratownik\u00f3w w podejmowaniu pracy naukowej<\/li>\n<li>Propagowanie dorobku naukowego w tym upowszechnianie najnowszych osi\u0105gni\u0119\u0107 naukowych z zakresu medycyny ratunkowej i ratownictwa medycznego<\/li>\n<li>Podejmowanie dzia\u0142a\u0144 w zakresie zdrowia publicznego<\/li>\n<li>Branie czynnego udzia\u0142u w organizacji systemu ratownictwa medycznego w Polsce i na \u015bwiecie oraz wsp\u00f3\u0142udzia\u0142 w powo\u0142ywaniu przedstawicieli zawodu ratownika medycznego do gremi\u00f3w zwi\u0105zanych z wykonywaniem tego zawodu<\/li>\n<li>Udzia\u0142 w opracowywaniu akt\u00f3w prawnych zwi\u0105zanych z organizacj\u0105 ochrony zdrowia w Polsce, a w szczeg\u00f3lno\u015bci zwi\u0105zanych z zawodem ratownika medycznego oraz systemem ratownictwa medycznego<\/li>\n<li>Podejmowanie dzia\u0142a\u0144 edukacyjnych w zakresie udzielania pierwszej pomocy i kwalifikowanej pierwszej pomocy, oraz kszta\u0142cenia przed i podyplomowego w zawodzie ratownik medyczny oraz wykonywaniu medycznych czynno\u015bci ratunkowych<\/li>\n<li>Wspieranie i promowanie oraz propagowanie wydarze\u0144 i podmiot\u00f3w dzia\u0142aj\u0105cych lub wspieraj\u0105cych promocj\u0119 zdrowia<\/li>\n<li>Podejmowanie dzia\u0142a\u0144 zwi\u0105zanych z udzielaniem \u015bwiadcze\u0144 medycznych oraz medycznych czynno\u015bci ratunkowych<\/li>\n<li>Umo\u017cliwianie wymiany do\u015bwiadcze\u0144 i\u00a0informacji na temat medycyny ratunkowej oraz ratownictwa medycznego<\/li>\n<li>S\u0142u\u017cenie jako p\u0142aszczyzna wsp\u00f3\u0142pracy ratownik\u00f3w medycznych ze specjalistami r\u00f3\u017cnych dyscyplin medycznych<\/li>\n<li>inspirowanie ratownik\u00f3w medycznych do sta\u0142ego podnoszenia kwalifikacji zawodowych<\/li>\n<\/ul>\n<p>&nbsp;<\/p>\n<p><strong>Towarzystwo realizuje swoj\u0105 misj\u0119 mi\u0119dzy innymi poprzez:<\/strong><\/p>\n<ul>\n<li>Wsp\u00f3\u0142prac\u0119 ze swoimi cz\u0142onkami<\/li>\n<li>Organizowanie zebra\u0144, posiedze\u0144 i zjazd\u00f3w naukowych<\/li>\n<li>Prowadzenie dzia\u0142alno\u015bci edukacyjnej i dydaktycznej<\/li>\n<li>Wydawanie opinii w zakresie nauk medycznych, nauk o zdrowiu, nauk humanistycznych i nauk ekonomicznych w tym nauk o zarz\u0105dzaniu maj\u0105cych zastosowanie w zawodzie ratownika medycznego i innych zawodach medycznych, szczeg\u00f3lnie w tych w kt\u00f3rych zastosowanie ma medycyna ratunkowa jak r\u00f3wnie\u017c maj\u0105cych zastosowanie w systemie ratownictwa medycznego<\/li>\n<li>Szerok\u0105 wsp\u00f3\u0142prac\u0119 z w\u0142adzami pa\u0144stwowymi, samorz\u0105dowymi, organizacjami zawodowymi i pozarz\u0105dowymi w tym stowarzyszeniami i zwi\u0105zkami zawodowymi w celu dbania o dobro swoich cz\u0142onk\u00f3w<\/li>\n<li>Opiniowanie projekt\u00f3w akt\u00f3w prawnych i branie udzia\u0142u w gremiach wyznaczonych do opracowywania i uzgadniania tych akt\u00f3w<\/li>\n<li>Opracowywanie i wydawanie przez Rad\u0119 Naukow\u0105 Polskiego Towarzystwa Ratownik\u00f3w Medycznych opinii, rekomendacji oraz patronat\u00f3w nad publikacjami naukowymi, podr\u0119cznikami, monografiami, literatur\u0105 zawodow\u0105 oraz organizowanymi konferencjami, sympozjami, zjazdami, zebraniami naukowymi itp.<\/li>\n<li>Tworzenie w swoich strukturach sekcji i komisji tematycznych<\/li>\n<li>Promowanie i reklamowanie wydarze\u0144 i podmiot\u00f3w, kt\u00f3re s\u0105 zaanga\u017cowane lub deklaruj\u0105 wsparcie dzia\u0142a\u0144 dla promocji zdrowia lub wsparcie dla \u015brodowiska medycznego<\/li>\n<li>Podejmowanie i prowadzenie bada\u0144 naukowych<\/li>\n<li>Realizacj\u0119 profesjonalnych dzia\u0142a\u0144 w obszarze ratownictwa medycznego, medycyny ratunkowej, promocji zdrowia i pedagogiki<\/li>\n<li>Prowadzenie dzia\u0142alno\u015bci gospodarczej zgodnej ze Statutem<\/li>\n<li>Udzielanie \u015bwiadcze\u0144 medycznych oraz medycznych czynno\u015bci ratunkowych<\/li>\n<li>Organizowanie punkt\u00f3w pomocy medycznej stacjonarnej i mobilnej, organizowanie szpitala polowego<\/li>\n<\/ul>\n","protected":false},"excerpt":{"rendered":"<p>Nasza misja to: Podejmowanie dzia\u0142a\u0144 zmierzaj\u0105cych do konsolidacji \u015brodowiska ratownik\u00f3w medycznych i ratownik\u00f3w Podejmowanie dzia\u0142a\u0144 naukowych w zakresie nauk medycznych, [&hellip;]<\/p>\n","protected":false},"author":1,"featured_media":0,"parent":121,"menu_order":1,"comment_status":"closed","ping_status":"closed","template":"","meta":{"footnotes":"","_links_to":"","_links_to_target":""},"class_list":["post-2763","page","type-page","status-publish","hentry"],"yoast_head":"<!-- This site is optimized with the Yoast SEO plugin v27.4 - https:\/\/yoast.com\/product\/yoast-seo-wordpress\/ -->\n<title>Misja PTRM -<\/title>\n<meta name=\"robots\" content=\"index, follow, max-snippet:-1, max-image-preview:large, max-video-preview:-1\" \/>\n<link rel=\"canonical\" href=\"https:\/\/ratmed.org\/index.php\/about\/misja-ptrm\/\" \/>\n<meta property=\"og:locale\" content=\"pl_PL\" \/>\n<meta property=\"og:type\" content=\"article\" \/>\n<meta property=\"og:title\" content=\"Misja PTRM -\" \/>\n<meta property=\"og:description\" content=\"Nasza misja to: Podejmowanie dzia\u0142a\u0144 zmierzaj\u0105cych do konsolidacji \u015brodowiska ratownik\u00f3w medycznych i ratownik\u00f3w Podejmowanie dzia\u0142a\u0144 naukowych w zakresie nauk medycznych, [&hellip;]\" \/>\n<meta property=\"og:url\" content=\"https:\/\/ratmed.org\/index.php\/about\/misja-ptrm\/\" \/>\n<meta name=\"twitter:card\" content=\"summary_large_image\" \/>\n<meta name=\"twitter:label1\" content=\"Szacowany czas czytania\" \/>\n\t<meta name=\"twitter:data1\" content=\"3 minuty\" \/>\n<script type=\"application\/ld+json\" class=\"yoast-schema-graph\">{\"@context\":\"https:\\\/\\\/schema.org\",\"@graph\":[{\"@type\":\"WebPage\",\"@id\":\"https:\\\/\\\/ratmed.org\\\/index.php\\\/about\\\/misja-ptrm\\\/\",\"url\":\"https:\\\/\\\/ratmed.org\\\/index.php\\\/about\\\/misja-ptrm\\\/\",\"name\":\"Misja PTRM -\",\"isPartOf\":{\"@id\":\"https:\\\/\\\/ratmed.org\\\/#website\"},\"datePublished\":\"2023-08-09T19:50:18+00:00\",\"breadcrumb\":{\"@id\":\"https:\\\/\\\/ratmed.org\\\/index.php\\\/about\\\/misja-ptrm\\\/#breadcrumb\"},\"inLanguage\":\"pl-PL\",\"potentialAction\":[{\"@type\":\"ReadAction\",\"target\":[\"https:\\\/\\\/ratmed.org\\\/index.php\\\/about\\\/misja-ptrm\\\/\"]}]},{\"@type\":\"BreadcrumbList\",\"@id\":\"https:\\\/\\\/ratmed.org\\\/index.php\\\/about\\\/misja-ptrm\\\/#breadcrumb\",\"itemListElement\":[{\"@type\":\"ListItem\",\"position\":1,\"name\":\"Strona g\u0142\u00f3wna\",\"item\":\"https:\\\/\\\/ratmed.org\\\/\"},{\"@type\":\"ListItem\",\"position\":2,\"name\":\"O nas:\",\"item\":\"https:\\\/\\\/ratmed.org\\\/index.php\\\/about\\\/\"},{\"@type\":\"ListItem\",\"position\":3,\"name\":\"Misja PTRM\"}]},{\"@type\":\"WebSite\",\"@id\":\"https:\\\/\\\/ratmed.org\\\/#website\",\"url\":\"https:\\\/\\\/ratmed.org\\\/\",\"name\":\"\",\"description\":\"Polskie Towarzystwo Ratownik\u00f3w Medycznych\",\"potentialAction\":[{\"@type\":\"SearchAction\",\"target\":{\"@type\":\"EntryPoint\",\"urlTemplate\":\"https:\\\/\\\/ratmed.org\\\/?s={search_term_string}\"},\"query-input\":{\"@type\":\"PropertyValueSpecification\",\"valueRequired\":true,\"valueName\":\"search_term_string\"}}],\"inLanguage\":\"pl-PL\"}]}<\/script>\n<!-- \/ Yoast SEO plugin. -->","yoast_head_json":{"title":"Misja PTRM -","robots":{"index":"index","follow":"follow","max-snippet":"max-snippet:-1","max-image-preview":"max-image-preview:large","max-video-preview":"max-video-preview:-1"},"canonical":"https:\/\/ratmed.org\/index.php\/about\/misja-ptrm\/","og_locale":"pl_PL","og_type":"article","og_title":"Misja PTRM -","og_description":"Nasza misja to: Podejmowanie dzia\u0142a\u0144 zmierzaj\u0105cych do konsolidacji \u015brodowiska ratownik\u00f3w medycznych i ratownik\u00f3w Podejmowanie dzia\u0142a\u0144 naukowych w zakresie nauk medycznych, [&hellip;]","og_url":"https:\/\/ratmed.org\/index.php\/about\/misja-ptrm\/","twitter_card":"summary_large_image","twitter_misc":{"Szacowany czas czytania":"3 minuty"},"schema":{"@context":"https:\/\/schema.org","@graph":[{"@type":"WebPage","@id":"https:\/\/ratmed.org\/index.php\/about\/misja-ptrm\/","url":"https:\/\/ratmed.org\/index.php\/about\/misja-ptrm\/","name":"Misja PTRM -","isPartOf":{"@id":"https:\/\/ratmed.org\/#website"},"datePublished":"2023-08-09T19:50:18+00:00","breadcrumb":{"@id":"https:\/\/ratmed.org\/index.php\/about\/misja-ptrm\/#breadcrumb"},"inLanguage":"pl-PL","potentialAction":[{"@type":"ReadAction","target":["https:\/\/ratmed.org\/index.php\/about\/misja-ptrm\/"]}]},{"@type":"BreadcrumbList","@id":"https:\/\/ratmed.org\/index.php\/about\/misja-ptrm\/#breadcrumb","itemListElement":[{"@type":"ListItem","position":1,"name":"Strona g\u0142\u00f3wna","item":"https:\/\/ratmed.org\/"},{"@type":"ListItem","position":2,"name":"O nas:","item":"https:\/\/ratmed.org\/index.php\/about\/"},{"@type":"ListItem","position":3,"name":"Misja PTRM"}]},{"@type":"WebSite","@id":"https:\/\/ratmed.org\/#website","url":"https:\/\/ratmed.org\/","name":"","description":"Polskie Towarzystwo Ratownik\u00f3w Medycznych","potentialAction":[{"@type":"SearchAction","target":{"@type":"EntryPoint","urlTemplate":"https:\/\/ratmed.org\/?s={search_term_string}"},"query-input":{"@type":"PropertyValueSpecification","valueRequired":true,"valueName":"search_term_string"}}],"inLanguage":"pl-PL"}]}},"_links":{"self":[{"href":"https:\/\/ratmed.org\/index.php\/wp-json\/wp\/v2\/pages\/2763","targetHints":{"allow":["GET"]}}],"collection":[{"href":"https:\/\/ratmed.org\/index.php\/wp-json\/wp\/v2\/pages"}],"about":[{"href":"https:\/\/ratmed.org\/index.php\/wp-json\/wp\/v2\/types\/page"}],"author":[{"embeddable":true,"href":"https:\/\/ratmed.org\/index.php\/wp-json\/wp\/v2\/users\/1"}],"replies":[{"embeddable":true,"href":"https:\/\/ratmed.org\/index.php\/wp-json\/wp\/v2\/comments?post=2763"}],"version-history":[{"count":1,"href":"https:\/\/ratmed.org\/index.php\/wp-json\/wp\/v2\/pages\/2763\/revisions"}],"predecessor-version":[{"id":2764,"href":"https:\/\/ratmed.org\/index.php\/wp-json\/wp\/v2\/pages\/2763\/revisions\/2764"}],"up":[{"embeddable":true,"href":"https:\/\/ratmed.org\/index.php\/wp-json\/wp\/v2\/pages\/121"}],"wp:attachment":[{"href":"https:\/\/ratmed.org\/index.php\/wp-json\/wp\/v2\/media?parent=2763"}],"curies":[{"name":"wp","href":"https:\/\/api.w.org\/{rel}","templated":true}]}}