{"id":2766,"date":"2023-08-09T21:03:54","date_gmt":"2023-08-09T20:03:54","guid":{"rendered":"https:\/\/ratmed.org\/?page_id=2766"},"modified":"2023-08-09T21:03:54","modified_gmt":"2023-08-09T20:03:54","slug":"walne-zebranie-czlonkow-towarzystwa","status":"publish","type":"page","link":"https:\/\/ratmed.org\/index.php\/about\/wladze-ptrm\/walne-zebranie-czlonkow-towarzystwa\/","title":{"rendered":"Walne Zebranie Cz\u0142onk\u00f3w Towarzystwa"},"content":{"rendered":"<p>Najwy\u017csz\u0105 w\u0142adz\u0105 Polskiego Towarzystwa Ratownik\u00f3w Medycznych jest Walne Zebranie Cz\u0142onk\u00f3w Towarzystwa zwo\u0142ywane zgodnie z zapisami Statutu.<\/p>\n<p><strong>Do uprawnie\u0144 zwyczajnego Walnego Zebrania Cz\u0142onk\u00f3w Towarzystwa nale\u017cy<\/strong>:<\/p>\n<ul>\n<li>Przyjmowanie uchwa\u0142 dotycz\u0105cych dzia\u0142alno\u015bci merytorycznej i naukowej Towarzystwa<\/li>\n<li>Przyjmowanie uchwa\u0142 dotycz\u0105cych dzia\u0142alno\u015bci finansowej Towarzystwa i przyjmowania sprawozda\u0144 finansowych oraz udzielania absolutorium ust\u0119puj\u0105cemu Zarz\u0105dowi G\u0142\u00f3wnemu Towarzystwa, na wniosek Komisji Rewizyjnej<\/li>\n<li>Wyb\u00f3r Prezesa Elekta<\/li>\n<li>Wyb\u00f3r Cz\u0142onk\u00f3w Zarz\u0105du G\u0142\u00f3wnego Towarzystwa oraz Komisji Rewizyjnej i S\u0105du Kole\u017ce\u0144skiego<\/li>\n<li>Wyb\u00f3r Rzecznika Etyki Zawodowej Ratownik\u00f3w Medycznych<\/li>\n<li>Wyb\u00f3r Krajowego Eksperta do spraw ratownictwa medycznego<\/li>\n<li>Podejmowanie uchwa\u0142 o zatwierdzeniu lub zmianie statutu i rozwi\u0105zaniu si\u0119 Towarzystwa<\/li>\n<li>Podejmowanie innych uchwa\u0142 zwi\u0105zanych z dzia\u0142alno\u015bci\u0105 Towarzystwa na wniosek Zarz\u0105du G\u0142\u00f3wnego Towarzystwa lub cz\u0142onk\u00f3w Walnego Zebrania Cz\u0142onk\u00f3w Towarzystwa<\/li>\n<li>Rozpatrywanie odwo\u0142a\u0144 od orzeczenia S\u0105du Kole\u017ce\u0144skiego.<\/li>\n<\/ul>\n<p>Walnego Zebrania Cz\u0142onk\u00f3w Towarzystwa uchwa\u0142y podejmuje zwyk\u0142\u0105 wi\u0119kszo\u015bci\u0105 g\u0142os\u00f3w. G\u0142osowanie tajne podczas posiedzenia Walnego Zebrania dotyczy wyboru i odwo\u0142ania os\u00f3b kandyduj\u0105cych na stanowiska do W\u0142adz Towarzystwa i Rzecznika Etyki Zawodowej Ratownik\u00f3w Medycznych oraz Krajowego Eksperta do spraw ratownictwa medycznego. W pozosta\u0142ych sprawach g\u0142osowania s\u0105 jawne.<\/p>\n<p>W Walnym Zebraniu Cz\u0142onk\u00f3w Towarzystwa z g\u0142osem doradczym mog\u0105 bra\u0107 udzia\u0142 wszyscy uprawnieni Cz\u0142onkowie Zwyczajni i Cz\u0142onkowie Honorowi.<\/p>\n<p>Walne Zebranie Cz\u0142onk\u00f3w Towarzystwa powinno odbywa\u0107 si\u0119 co najmniej raz w roku. O terminie, miejscu i planowanym porz\u0105dku obrad Zwyczajnego Walnego Zebrania Cz\u0142onk\u00f3w Towarzystwa, Zarz\u0105d G\u0142\u00f3wny Towarzystwa powiadamia cz\u0142onk\u00f3w \u2013 za pomoc\u0105 informacji zamieszczonej na stronie internetowej Towarzystwa, co najmniej na 30 dni przed terminem Zwyczajnego Walnego Zebrania Cz\u0142onk\u00f3w Towarzystwa.<\/p>\n<p>W szczeg\u00f3lnych przypadkach Zwyczajne Walne Zebranie Cz\u0142onk\u00f3w Towarzystwa mo\u017ce odby\u0107 si\u0119 korespondencyjnie, za po\u015brednictwem korespondencji elektronicznej (e-mail). Zasady g\u0142osowania korespondencyjnego Zwyczajnego Walnego Zebrania Cz\u0142onk\u00f3w okre\u015bla regulamin, kt\u00f3ry musi by\u0107 przyj\u0119ty przez Walne Zebranie Cz\u0142onk\u00f3w.<\/p>\n<p><strong>Nadzwyczajne Walne Zebranie Cz\u0142onk\u00f3w Towarzystwa mo\u017ce by\u0107 zwo\u0142ane na wniosek<\/strong>:<\/p>\n<ul>\n<li>Zarz\u0105du G\u0142\u00f3wnego Towarzystwa, przedstawiony w formie uchwa\u0142y<\/li>\n<li>Komisji Rewizyjnej \u2013 na podstawie jej uchwa\u0142y, przekazanej Zarz\u0105dowi G\u0142\u00f3wnemu Towarzystwa, kt\u00f3ry ma obowi\u0105zek realizacji tej uchwa\u0142y<\/li>\n<\/ul>\n<p>Nadzwyczajne Walne Zebranie Cz\u0142onk\u00f3w Towarzystwa jest zwo\u0142ywane przez Zarz\u0105d G\u0142\u00f3wny Towarzystwa w terminie do trzech miesi\u0119cy od daty zg\u0142oszenia wniosku i obraduje nad sprawami, dla kt\u00f3rych zosta\u0142o zwo\u0142ane.<\/p>\n<p>O terminie, miejscu i planowanym porz\u0105dku obrad Nadzwyczajnego Walnego Zebrania Cz\u0142onk\u00f3w Towarzystwa, Zarz\u0105d G\u0142\u00f3wny Towarzystwa powiadamia cz\u0142onk\u00f3w \u2013 za pomoc\u0105 informacji zamieszczonej na stronie internetowej Towarzystwa, co najmniej na 14 dni przed terminem Nadzwyczajnego Walnego Zebrania Cz\u0142onk\u00f3w Towarzystwa.<\/p>\n<p>W szczeg\u00f3lnych przypadkach Nadzwyczajne Walne Zebranie Cz\u0142onk\u00f3w Towarzystwa mo\u017ce odby\u0107 si\u0119 korespondencyjnie, za po\u015brednictwem korespondencji elektronicznej (e-mail). Zasady g\u0142osowania korespondencyjnego Nadzwyczajnego Walnego Zebrania Cz\u0142onk\u00f3w, okre\u015bla regulamin, kt\u00f3ry musi by\u0107 przyj\u0119ty przez Walne Zebranie Cz\u0142onk\u00f3w.<\/p>\n","protected":false},"excerpt":{"rendered":"<p>Najwy\u017csz\u0105 w\u0142adz\u0105 Polskiego Towarzystwa Ratownik\u00f3w Medycznych jest Walne Zebranie Cz\u0142onk\u00f3w Towarzystwa zwo\u0142ywane zgodnie z zapisami Statutu. Do uprawnie\u0144 zwyczajnego Walnego [&hellip;]<\/p>\n","protected":false},"author":1,"featured_media":0,"parent":2758,"menu_order":1,"comment_status":"closed","ping_status":"closed","template":"","meta":{"footnotes":"","_links_to":"","_links_to_target":""},"class_list":["post-2766","page","type-page","status-publish","hentry"],"yoast_head":"<!-- This site is optimized with the Yoast SEO plugin v27.5 - https:\/\/yoast.com\/product\/yoast-seo-wordpress\/ -->\n<title>Walne Zebranie Cz\u0142onk\u00f3w Towarzystwa -<\/title>\n<meta name=\"robots\" content=\"index, follow, max-snippet:-1, max-image-preview:large, max-video-preview:-1\" \/>\n<link rel=\"canonical\" href=\"https:\/\/ratmed.org\/index.php\/about\/wladze-ptrm\/walne-zebranie-czlonkow-towarzystwa\/\" \/>\n<meta property=\"og:locale\" content=\"pl_PL\" \/>\n<meta property=\"og:type\" content=\"article\" \/>\n<meta property=\"og:title\" content=\"Walne Zebranie Cz\u0142onk\u00f3w Towarzystwa -\" \/>\n<meta property=\"og:description\" content=\"Najwy\u017csz\u0105 w\u0142adz\u0105 Polskiego Towarzystwa Ratownik\u00f3w Medycznych jest Walne Zebranie Cz\u0142onk\u00f3w Towarzystwa zwo\u0142ywane zgodnie z zapisami Statutu. Do uprawnie\u0144 zwyczajnego Walnego [&hellip;]\" \/>\n<meta property=\"og:url\" content=\"https:\/\/ratmed.org\/index.php\/about\/wladze-ptrm\/walne-zebranie-czlonkow-towarzystwa\/\" \/>\n<meta name=\"twitter:card\" content=\"summary_large_image\" \/>\n<meta name=\"twitter:label1\" content=\"Szacowany czas czytania\" \/>\n\t<meta name=\"twitter:data1\" content=\"3 minuty\" \/>\n<script type=\"application\/ld+json\" class=\"yoast-schema-graph\">{\"@context\":\"https:\\\/\\\/schema.org\",\"@graph\":[{\"@type\":\"WebPage\",\"@id\":\"https:\\\/\\\/ratmed.org\\\/index.php\\\/about\\\/wladze-ptrm\\\/walne-zebranie-czlonkow-towarzystwa\\\/\",\"url\":\"https:\\\/\\\/ratmed.org\\\/index.php\\\/about\\\/wladze-ptrm\\\/walne-zebranie-czlonkow-towarzystwa\\\/\",\"name\":\"Walne Zebranie Cz\u0142onk\u00f3w Towarzystwa -\",\"isPartOf\":{\"@id\":\"https:\\\/\\\/ratmed.org\\\/#website\"},\"datePublished\":\"2023-08-09T20:03:54+00:00\",\"breadcrumb\":{\"@id\":\"https:\\\/\\\/ratmed.org\\\/index.php\\\/about\\\/wladze-ptrm\\\/walne-zebranie-czlonkow-towarzystwa\\\/#breadcrumb\"},\"inLanguage\":\"pl-PL\",\"potentialAction\":[{\"@type\":\"ReadAction\",\"target\":[\"https:\\\/\\\/ratmed.org\\\/index.php\\\/about\\\/wladze-ptrm\\\/walne-zebranie-czlonkow-towarzystwa\\\/\"]}]},{\"@type\":\"BreadcrumbList\",\"@id\":\"https:\\\/\\\/ratmed.org\\\/index.php\\\/about\\\/wladze-ptrm\\\/walne-zebranie-czlonkow-towarzystwa\\\/#breadcrumb\",\"itemListElement\":[{\"@type\":\"ListItem\",\"position\":1,\"name\":\"Strona g\u0142\u00f3wna\",\"item\":\"https:\\\/\\\/ratmed.org\\\/\"},{\"@type\":\"ListItem\",\"position\":2,\"name\":\"O nas:\",\"item\":\"https:\\\/\\\/ratmed.org\\\/index.php\\\/about\\\/\"},{\"@type\":\"ListItem\",\"position\":3,\"name\":\"W\u0142adze PTRM\",\"item\":\"https:\\\/\\\/ratmed.org\\\/index.php\\\/about\\\/wladze-ptrm\\\/\"},{\"@type\":\"ListItem\",\"position\":4,\"name\":\"Walne Zebranie Cz\u0142onk\u00f3w Towarzystwa\"}]},{\"@type\":\"WebSite\",\"@id\":\"https:\\\/\\\/ratmed.org\\\/#website\",\"url\":\"https:\\\/\\\/ratmed.org\\\/\",\"name\":\"\",\"description\":\"Polskie Towarzystwo Ratownik\u00f3w Medycznych\",\"potentialAction\":[{\"@type\":\"SearchAction\",\"target\":{\"@type\":\"EntryPoint\",\"urlTemplate\":\"https:\\\/\\\/ratmed.org\\\/?s={search_term_string}\"},\"query-input\":{\"@type\":\"PropertyValueSpecification\",\"valueRequired\":true,\"valueName\":\"search_term_string\"}}],\"inLanguage\":\"pl-PL\"}]}<\/script>\n<!-- \/ Yoast SEO plugin. -->","yoast_head_json":{"title":"Walne Zebranie Cz\u0142onk\u00f3w Towarzystwa -","robots":{"index":"index","follow":"follow","max-snippet":"max-snippet:-1","max-image-preview":"max-image-preview:large","max-video-preview":"max-video-preview:-1"},"canonical":"https:\/\/ratmed.org\/index.php\/about\/wladze-ptrm\/walne-zebranie-czlonkow-towarzystwa\/","og_locale":"pl_PL","og_type":"article","og_title":"Walne Zebranie Cz\u0142onk\u00f3w Towarzystwa -","og_description":"Najwy\u017csz\u0105 w\u0142adz\u0105 Polskiego Towarzystwa Ratownik\u00f3w Medycznych jest Walne Zebranie Cz\u0142onk\u00f3w Towarzystwa zwo\u0142ywane zgodnie z zapisami Statutu. Do uprawnie\u0144 zwyczajnego Walnego [&hellip;]","og_url":"https:\/\/ratmed.org\/index.php\/about\/wladze-ptrm\/walne-zebranie-czlonkow-towarzystwa\/","twitter_card":"summary_large_image","twitter_misc":{"Szacowany czas czytania":"3 minuty"},"schema":{"@context":"https:\/\/schema.org","@graph":[{"@type":"WebPage","@id":"https:\/\/ratmed.org\/index.php\/about\/wladze-ptrm\/walne-zebranie-czlonkow-towarzystwa\/","url":"https:\/\/ratmed.org\/index.php\/about\/wladze-ptrm\/walne-zebranie-czlonkow-towarzystwa\/","name":"Walne Zebranie Cz\u0142onk\u00f3w Towarzystwa -","isPartOf":{"@id":"https:\/\/ratmed.org\/#website"},"datePublished":"2023-08-09T20:03:54+00:00","breadcrumb":{"@id":"https:\/\/ratmed.org\/index.php\/about\/wladze-ptrm\/walne-zebranie-czlonkow-towarzystwa\/#breadcrumb"},"inLanguage":"pl-PL","potentialAction":[{"@type":"ReadAction","target":["https:\/\/ratmed.org\/index.php\/about\/wladze-ptrm\/walne-zebranie-czlonkow-towarzystwa\/"]}]},{"@type":"BreadcrumbList","@id":"https:\/\/ratmed.org\/index.php\/about\/wladze-ptrm\/walne-zebranie-czlonkow-towarzystwa\/#breadcrumb","itemListElement":[{"@type":"ListItem","position":1,"name":"Strona g\u0142\u00f3wna","item":"https:\/\/ratmed.org\/"},{"@type":"ListItem","position":2,"name":"O nas:","item":"https:\/\/ratmed.org\/index.php\/about\/"},{"@type":"ListItem","position":3,"name":"W\u0142adze PTRM","item":"https:\/\/ratmed.org\/index.php\/about\/wladze-ptrm\/"},{"@type":"ListItem","position":4,"name":"Walne Zebranie Cz\u0142onk\u00f3w Towarzystwa"}]},{"@type":"WebSite","@id":"https:\/\/ratmed.org\/#website","url":"https:\/\/ratmed.org\/","name":"","description":"Polskie Towarzystwo Ratownik\u00f3w Medycznych","potentialAction":[{"@type":"SearchAction","target":{"@type":"EntryPoint","urlTemplate":"https:\/\/ratmed.org\/?s={search_term_string}"},"query-input":{"@type":"PropertyValueSpecification","valueRequired":true,"valueName":"search_term_string"}}],"inLanguage":"pl-PL"}]}},"_links":{"self":[{"href":"https:\/\/ratmed.org\/index.php\/wp-json\/wp\/v2\/pages\/2766","targetHints":{"allow":["GET"]}}],"collection":[{"href":"https:\/\/ratmed.org\/index.php\/wp-json\/wp\/v2\/pages"}],"about":[{"href":"https:\/\/ratmed.org\/index.php\/wp-json\/wp\/v2\/types\/page"}],"author":[{"embeddable":true,"href":"https:\/\/ratmed.org\/index.php\/wp-json\/wp\/v2\/users\/1"}],"replies":[{"embeddable":true,"href":"https:\/\/ratmed.org\/index.php\/wp-json\/wp\/v2\/comments?post=2766"}],"version-history":[{"count":2,"href":"https:\/\/ratmed.org\/index.php\/wp-json\/wp\/v2\/pages\/2766\/revisions"}],"predecessor-version":[{"id":2768,"href":"https:\/\/ratmed.org\/index.php\/wp-json\/wp\/v2\/pages\/2766\/revisions\/2768"}],"up":[{"embeddable":true,"href":"https:\/\/ratmed.org\/index.php\/wp-json\/wp\/v2\/pages\/2758"}],"wp:attachment":[{"href":"https:\/\/ratmed.org\/index.php\/wp-json\/wp\/v2\/media?parent=2766"}],"curies":[{"name":"wp","href":"https:\/\/api.w.org\/{rel}","templated":true}]}}