{"id":2988,"date":"2023-09-14T11:54:39","date_gmt":"2023-09-14T10:54:39","guid":{"rendered":"https:\/\/ratmed.org\/?page_id=2988"},"modified":"2025-04-30T19:47:18","modified_gmt":"2025-04-30T18:47:18","slug":"kontakt","status":"publish","type":"page","link":"https:\/\/ratmed.org\/index.php\/kontakt\/","title":{"rendered":"Kontakt"},"content":{"rendered":"<p style=\"text-align: center;\"><strong>Polskie Towarzystwo Ratownik\u00f3w Medycznych:<br \/>\n<\/strong><strong>KRS:<\/strong>\u00a00000705588<br \/>\n<strong>NIP:<\/strong>\u00a06462963960<br \/>\n<strong>REGON:<\/strong>\u00a0369011762<br \/>\n<strong>Nr konta:<\/strong> ING Bank \u015al\u0105ski \u2013 40 1050 1399 1000 0090 8051 2453<\/p>\n<p style=\"text-align: center;\"><strong>Adres do korespondencji:<br \/>\n<\/strong>ul. Magnolii 4<br \/>\n43-100 Tychy<br \/>\n<a href=\"mailto:ptrm@ratmed.org\">ptrm@ratmed.org<\/a><\/p>\n<p style=\"text-align: center;\"><strong>Prezes Zarz\u0105du G\u0142\u00f3wnego<br \/>\n<\/strong><em>dr n. o zdr. Jaros\u0142aw Madowicz<\/em><br \/>\ntel: +48 604 464 630<\/p>\n<p style=\"text-align: center;\"><strong>Pierwszy Wiceprezes Zarz\u0105du G\u0142\u00f3wnego<br \/>\n<\/strong><em>mgr Ireneusz Szafraniec<\/em><br \/>\ntel: +48 668 156 655<\/p>\n<p style=\"text-align: center;\"><strong>Drugi Wiceprezes Zarz\u0105du G\u0142\u00f3wnego<br \/>\n<\/strong><em>mgr Andrzej Wojnarowski<\/em><br \/>\ntel: +48 608 084 752<\/p>\n<p style=\"text-align: center;\"><strong>Trzeci Wiceprezes Zarz\u0105du G\u0142\u00f3wnego<br \/>\n<\/strong><em>dr n. med. i n. o zdr. Micha\u0142 Kucap<\/em><br \/>\ntel: +48 513 189 190<\/p>\n<p style=\"text-align: center;\"><strong>Skarbik Zarz\u0105du G\u0142\u00f3wnego<br \/>\n<\/strong><em>Marcin Lubczy\u0144ski<\/em><br \/>\ntel: +48 501 125 453<br \/>\n<a href=\"mailto:kucapmichal@interia.pl\" target=\"_blank\" rel=\"noopener\">finanse@ratmed.org<\/a><\/p>\n<p style=\"text-align: center;\"><strong>Sekretarz Zarz\u0105du G\u0142\u00f3wnego<br \/>\n<\/strong><em>mgr Mateusz Komza<\/em><br \/>\ntel: +48 731 850 882<br \/>\n<a href=\"mailto:kucapmichal@interia.pl\" target=\"_blank\" rel=\"noopener\">sekretarz@ratmed.org<\/a><\/p>\n<p style=\"text-align: center;\"><strong>Krajowy Ekspert ds. ratownictwa medycznego przy PTRM<br \/>\n<\/strong><em>dr n. med. i n. o zdr. Micha\u0142 Kucap<br \/>\ntel: +48 513 189 190<\/em><br \/>\n<a href=\"mailto:kucapmichal@interia.pl\" target=\"_blank\" rel=\"noopener\">krajowy.ekspert@ratmed.org<\/a><\/p>\n<p style=\"text-align: center;\"><strong>Przewodnicz\u0105cy Komitetu Naukowego PTRM<br \/>\n<\/strong><em>dr n. med. Ireneusz Barziej<br \/>\n<\/em>tel: +48 604 680 579<br \/>\n<a href=\"mailto:kucapmichal@interia.pl\" target=\"_blank\" rel=\"noopener\">rada.naukowa@ratmed.org<\/a><\/p>\n<p style=\"text-align: center;\"><strong>Rzecznik Etyki Zawodowej Ratownik\u00f3w Medycznych przy PTRM<br \/>\n<\/strong><em>mgr Micha\u0142 Rupik<br \/>\n<\/em>tel: +48 502 212 522<br \/>\n<a href=\"mailto:kucapmichal@interia.pl\" target=\"_blank\" rel=\"noopener\">rzecznik.etyki@ratmed.org<\/a><\/p>\n<p style=\"text-align: center;\"><strong>Komendant Polskiego Korpusu Ratownictwa Medycznego przy PTRM<br \/>\n<\/strong><em>mgr Andrzej Wojnarowski<\/em><br \/>\ntel: +48 608 084 752<br \/>\n<a href=\"mailto:korpus@ratmed.org\">korpus@ratmed.org<\/a><\/p>\n","protected":false},"excerpt":{"rendered":"<p>Polskie Towarzystwo Ratownik\u00f3w Medycznych: KRS:\u00a00000705588 NIP:\u00a06462963960 REGON:\u00a0369011762 Nr konta: ING Bank \u015al\u0105ski \u2013 40 1050 1399 1000 0090 8051 2453 [&hellip;]<\/p>\n","protected":false},"author":1,"featured_media":0,"parent":0,"menu_order":0,"comment_status":"closed","ping_status":"closed","template":"","meta":{"footnotes":"","_links_to":"","_links_to_target":""},"class_list":["post-2988","page","type-page","status-publish","hentry"],"yoast_head":"<!-- This site is optimized with the Yoast SEO plugin v27.4 - https:\/\/yoast.com\/product\/yoast-seo-wordpress\/ -->\n<title>Kontakt -<\/title>\n<meta name=\"robots\" content=\"index, follow, max-snippet:-1, max-image-preview:large, max-video-preview:-1\" \/>\n<link rel=\"canonical\" href=\"https:\/\/ratmed.org\/index.php\/kontakt\/\" \/>\n<meta property=\"og:locale\" content=\"pl_PL\" \/>\n<meta property=\"og:type\" content=\"article\" \/>\n<meta property=\"og:title\" content=\"Kontakt -\" \/>\n<meta property=\"og:description\" content=\"Polskie Towarzystwo Ratownik\u00f3w Medycznych: KRS:\u00a00000705588 NIP:\u00a06462963960 REGON:\u00a0369011762 Nr konta: ING Bank \u015al\u0105ski \u2013 40 1050 1399 1000 0090 8051 2453 [&hellip;]\" \/>\n<meta property=\"og:url\" content=\"https:\/\/ratmed.org\/index.php\/kontakt\/\" \/>\n<meta property=\"article:modified_time\" content=\"2025-04-30T18:47:18+00:00\" \/>\n<meta name=\"twitter:card\" content=\"summary_large_image\" \/>\n<meta name=\"twitter:label1\" content=\"Szacowany czas czytania\" \/>\n\t<meta name=\"twitter:data1\" content=\"2 minuty\" \/>\n<script type=\"application\/ld+json\" class=\"yoast-schema-graph\">{\"@context\":\"https:\\\/\\\/schema.org\",\"@graph\":[{\"@type\":\"WebPage\",\"@id\":\"https:\\\/\\\/ratmed.org\\\/index.php\\\/kontakt\\\/\",\"url\":\"https:\\\/\\\/ratmed.org\\\/index.php\\\/kontakt\\\/\",\"name\":\"Kontakt -\",\"isPartOf\":{\"@id\":\"https:\\\/\\\/ratmed.org\\\/#website\"},\"datePublished\":\"2023-09-14T10:54:39+00:00\",\"dateModified\":\"2025-04-30T18:47:18+00:00\",\"breadcrumb\":{\"@id\":\"https:\\\/\\\/ratmed.org\\\/index.php\\\/kontakt\\\/#breadcrumb\"},\"inLanguage\":\"pl-PL\",\"potentialAction\":[{\"@type\":\"ReadAction\",\"target\":[\"https:\\\/\\\/ratmed.org\\\/index.php\\\/kontakt\\\/\"]}]},{\"@type\":\"BreadcrumbList\",\"@id\":\"https:\\\/\\\/ratmed.org\\\/index.php\\\/kontakt\\\/#breadcrumb\",\"itemListElement\":[{\"@type\":\"ListItem\",\"position\":1,\"name\":\"Strona g\u0142\u00f3wna\",\"item\":\"https:\\\/\\\/ratmed.org\\\/\"},{\"@type\":\"ListItem\",\"position\":2,\"name\":\"Kontakt\"}]},{\"@type\":\"WebSite\",\"@id\":\"https:\\\/\\\/ratmed.org\\\/#website\",\"url\":\"https:\\\/\\\/ratmed.org\\\/\",\"name\":\"\",\"description\":\"Polskie Towarzystwo Ratownik\u00f3w Medycznych\",\"potentialAction\":[{\"@type\":\"SearchAction\",\"target\":{\"@type\":\"EntryPoint\",\"urlTemplate\":\"https:\\\/\\\/ratmed.org\\\/?s={search_term_string}\"},\"query-input\":{\"@type\":\"PropertyValueSpecification\",\"valueRequired\":true,\"valueName\":\"search_term_string\"}}],\"inLanguage\":\"pl-PL\"}]}<\/script>\n<!-- \/ Yoast SEO plugin. -->","yoast_head_json":{"title":"Kontakt -","robots":{"index":"index","follow":"follow","max-snippet":"max-snippet:-1","max-image-preview":"max-image-preview:large","max-video-preview":"max-video-preview:-1"},"canonical":"https:\/\/ratmed.org\/index.php\/kontakt\/","og_locale":"pl_PL","og_type":"article","og_title":"Kontakt -","og_description":"Polskie Towarzystwo Ratownik\u00f3w Medycznych: KRS:\u00a00000705588 NIP:\u00a06462963960 REGON:\u00a0369011762 Nr konta: ING Bank \u015al\u0105ski \u2013 40 1050 1399 1000 0090 8051 2453 [&hellip;]","og_url":"https:\/\/ratmed.org\/index.php\/kontakt\/","article_modified_time":"2025-04-30T18:47:18+00:00","twitter_card":"summary_large_image","twitter_misc":{"Szacowany czas czytania":"2 minuty"},"schema":{"@context":"https:\/\/schema.org","@graph":[{"@type":"WebPage","@id":"https:\/\/ratmed.org\/index.php\/kontakt\/","url":"https:\/\/ratmed.org\/index.php\/kontakt\/","name":"Kontakt -","isPartOf":{"@id":"https:\/\/ratmed.org\/#website"},"datePublished":"2023-09-14T10:54:39+00:00","dateModified":"2025-04-30T18:47:18+00:00","breadcrumb":{"@id":"https:\/\/ratmed.org\/index.php\/kontakt\/#breadcrumb"},"inLanguage":"pl-PL","potentialAction":[{"@type":"ReadAction","target":["https:\/\/ratmed.org\/index.php\/kontakt\/"]}]},{"@type":"BreadcrumbList","@id":"https:\/\/ratmed.org\/index.php\/kontakt\/#breadcrumb","itemListElement":[{"@type":"ListItem","position":1,"name":"Strona g\u0142\u00f3wna","item":"https:\/\/ratmed.org\/"},{"@type":"ListItem","position":2,"name":"Kontakt"}]},{"@type":"WebSite","@id":"https:\/\/ratmed.org\/#website","url":"https:\/\/ratmed.org\/","name":"","description":"Polskie Towarzystwo Ratownik\u00f3w Medycznych","potentialAction":[{"@type":"SearchAction","target":{"@type":"EntryPoint","urlTemplate":"https:\/\/ratmed.org\/?s={search_term_string}"},"query-input":{"@type":"PropertyValueSpecification","valueRequired":true,"valueName":"search_term_string"}}],"inLanguage":"pl-PL"}]}},"_links":{"self":[{"href":"https:\/\/ratmed.org\/index.php\/wp-json\/wp\/v2\/pages\/2988","targetHints":{"allow":["GET"]}}],"collection":[{"href":"https:\/\/ratmed.org\/index.php\/wp-json\/wp\/v2\/pages"}],"about":[{"href":"https:\/\/ratmed.org\/index.php\/wp-json\/wp\/v2\/types\/page"}],"author":[{"embeddable":true,"href":"https:\/\/ratmed.org\/index.php\/wp-json\/wp\/v2\/users\/1"}],"replies":[{"embeddable":true,"href":"https:\/\/ratmed.org\/index.php\/wp-json\/wp\/v2\/comments?post=2988"}],"version-history":[{"count":15,"href":"https:\/\/ratmed.org\/index.php\/wp-json\/wp\/v2\/pages\/2988\/revisions"}],"predecessor-version":[{"id":4178,"href":"https:\/\/ratmed.org\/index.php\/wp-json\/wp\/v2\/pages\/2988\/revisions\/4178"}],"wp:attachment":[{"href":"https:\/\/ratmed.org\/index.php\/wp-json\/wp\/v2\/media?parent=2988"}],"curies":[{"name":"wp","href":"https:\/\/api.w.org\/{rel}","templated":true}]}}