{"id":3311,"date":"2023-12-01T22:28:26","date_gmt":"2023-12-01T21:28:26","guid":{"rendered":"https:\/\/ratmed.org\/?page_id=3311"},"modified":"2024-07-28T06:59:20","modified_gmt":"2024-07-28T05:59:20","slug":"wydarzenia","status":"publish","type":"page","link":"https:\/\/ratmed.org\/index.php\/wydarzenia\/","title":{"rendered":"Wydarzenia cykliczne"},"content":{"rendered":"<p>Polskie Towarzystwo Ratownik\u00f3w Medycznych jest organizatorem:<\/p>\n<ul style=\"list-style-type: disc;\">\n<li><strong>Og\u00f3lnopolskiego Dnia Ratownika Medycznego<\/strong><\/li>\n<li><strong>Og\u00f3lnopolskiego Zjazdu Organizacji Zrzeszaj\u0105cych Ratownik\u00f3w Medycznych<\/strong><\/li>\n<li><strong>\u015al\u0105skich Dni Medycyny Stan\u00f3w Nag\u0142ych<\/strong><\/li>\n<\/ul>\n<p>Na poszczeg\u00f3lnych podstronach opisujemy ww. wydarzenia oraz zamieszczamy podsumowanie dla ka\u017cdego z wydarze\u0144 wraz z fotorelacj\u0105.<\/p>\n","protected":false},"excerpt":{"rendered":"<p>Polskie Towarzystwo Ratownik\u00f3w Medycznych jest organizatorem: Og\u00f3lnopolskiego Dnia Ratownika Medycznego Og\u00f3lnopolskiego Zjazdu Organizacji Zrzeszaj\u0105cych Ratownik\u00f3w Medycznych \u015al\u0105skich Dni Medycyny Stan\u00f3w [&hellip;]<\/p>\n","protected":false},"author":1,"featured_media":0,"parent":0,"menu_order":0,"comment_status":"closed","ping_status":"closed","template":"","meta":{"footnotes":"","_links_to":"","_links_to_target":""},"class_list":["post-3311","page","type-page","status-publish","hentry"],"yoast_head":"<!-- This site is optimized with the Yoast SEO plugin v27.4 - https:\/\/yoast.com\/product\/yoast-seo-wordpress\/ -->\n<title>Wydarzenia cykliczne -<\/title>\n<meta name=\"robots\" content=\"index, follow, max-snippet:-1, max-image-preview:large, max-video-preview:-1\" \/>\n<link rel=\"canonical\" href=\"https:\/\/ratmed.org\/index.php\/wydarzenia\/\" \/>\n<meta property=\"og:locale\" content=\"pl_PL\" \/>\n<meta property=\"og:type\" content=\"article\" \/>\n<meta property=\"og:title\" content=\"Wydarzenia cykliczne -\" \/>\n<meta property=\"og:description\" content=\"Polskie Towarzystwo Ratownik\u00f3w Medycznych jest organizatorem: Og\u00f3lnopolskiego Dnia Ratownika Medycznego Og\u00f3lnopolskiego Zjazdu Organizacji Zrzeszaj\u0105cych Ratownik\u00f3w Medycznych \u015al\u0105skich Dni Medycyny Stan\u00f3w [&hellip;]\" \/>\n<meta property=\"og:url\" content=\"https:\/\/ratmed.org\/index.php\/wydarzenia\/\" \/>\n<meta property=\"article:modified_time\" content=\"2024-07-28T05:59:20+00:00\" \/>\n<meta name=\"twitter:card\" content=\"summary_large_image\" \/>\n<meta name=\"twitter:label1\" content=\"Szacowany czas czytania\" \/>\n\t<meta name=\"twitter:data1\" content=\"1 minuta\" \/>\n<script type=\"application\/ld+json\" class=\"yoast-schema-graph\">{\"@context\":\"https:\\\/\\\/schema.org\",\"@graph\":[{\"@type\":\"WebPage\",\"@id\":\"https:\\\/\\\/ratmed.org\\\/index.php\\\/wydarzenia\\\/\",\"url\":\"https:\\\/\\\/ratmed.org\\\/index.php\\\/wydarzenia\\\/\",\"name\":\"Wydarzenia cykliczne -\",\"isPartOf\":{\"@id\":\"https:\\\/\\\/ratmed.org\\\/#website\"},\"datePublished\":\"2023-12-01T21:28:26+00:00\",\"dateModified\":\"2024-07-28T05:59:20+00:00\",\"breadcrumb\":{\"@id\":\"https:\\\/\\\/ratmed.org\\\/index.php\\\/wydarzenia\\\/#breadcrumb\"},\"inLanguage\":\"pl-PL\",\"potentialAction\":[{\"@type\":\"ReadAction\",\"target\":[\"https:\\\/\\\/ratmed.org\\\/index.php\\\/wydarzenia\\\/\"]}]},{\"@type\":\"BreadcrumbList\",\"@id\":\"https:\\\/\\\/ratmed.org\\\/index.php\\\/wydarzenia\\\/#breadcrumb\",\"itemListElement\":[{\"@type\":\"ListItem\",\"position\":1,\"name\":\"Strona g\u0142\u00f3wna\",\"item\":\"https:\\\/\\\/ratmed.org\\\/\"},{\"@type\":\"ListItem\",\"position\":2,\"name\":\"Wydarzenia cykliczne\"}]},{\"@type\":\"WebSite\",\"@id\":\"https:\\\/\\\/ratmed.org\\\/#website\",\"url\":\"https:\\\/\\\/ratmed.org\\\/\",\"name\":\"\",\"description\":\"Polskie Towarzystwo Ratownik\u00f3w Medycznych\",\"potentialAction\":[{\"@type\":\"SearchAction\",\"target\":{\"@type\":\"EntryPoint\",\"urlTemplate\":\"https:\\\/\\\/ratmed.org\\\/?s={search_term_string}\"},\"query-input\":{\"@type\":\"PropertyValueSpecification\",\"valueRequired\":true,\"valueName\":\"search_term_string\"}}],\"inLanguage\":\"pl-PL\"}]}<\/script>\n<!-- \/ Yoast SEO plugin. -->","yoast_head_json":{"title":"Wydarzenia cykliczne -","robots":{"index":"index","follow":"follow","max-snippet":"max-snippet:-1","max-image-preview":"max-image-preview:large","max-video-preview":"max-video-preview:-1"},"canonical":"https:\/\/ratmed.org\/index.php\/wydarzenia\/","og_locale":"pl_PL","og_type":"article","og_title":"Wydarzenia cykliczne -","og_description":"Polskie Towarzystwo Ratownik\u00f3w Medycznych jest organizatorem: Og\u00f3lnopolskiego Dnia Ratownika Medycznego Og\u00f3lnopolskiego Zjazdu Organizacji Zrzeszaj\u0105cych Ratownik\u00f3w Medycznych \u015al\u0105skich Dni Medycyny Stan\u00f3w [&hellip;]","og_url":"https:\/\/ratmed.org\/index.php\/wydarzenia\/","article_modified_time":"2024-07-28T05:59:20+00:00","twitter_card":"summary_large_image","twitter_misc":{"Szacowany czas czytania":"1 minuta"},"schema":{"@context":"https:\/\/schema.org","@graph":[{"@type":"WebPage","@id":"https:\/\/ratmed.org\/index.php\/wydarzenia\/","url":"https:\/\/ratmed.org\/index.php\/wydarzenia\/","name":"Wydarzenia cykliczne -","isPartOf":{"@id":"https:\/\/ratmed.org\/#website"},"datePublished":"2023-12-01T21:28:26+00:00","dateModified":"2024-07-28T05:59:20+00:00","breadcrumb":{"@id":"https:\/\/ratmed.org\/index.php\/wydarzenia\/#breadcrumb"},"inLanguage":"pl-PL","potentialAction":[{"@type":"ReadAction","target":["https:\/\/ratmed.org\/index.php\/wydarzenia\/"]}]},{"@type":"BreadcrumbList","@id":"https:\/\/ratmed.org\/index.php\/wydarzenia\/#breadcrumb","itemListElement":[{"@type":"ListItem","position":1,"name":"Strona g\u0142\u00f3wna","item":"https:\/\/ratmed.org\/"},{"@type":"ListItem","position":2,"name":"Wydarzenia cykliczne"}]},{"@type":"WebSite","@id":"https:\/\/ratmed.org\/#website","url":"https:\/\/ratmed.org\/","name":"","description":"Polskie Towarzystwo Ratownik\u00f3w Medycznych","potentialAction":[{"@type":"SearchAction","target":{"@type":"EntryPoint","urlTemplate":"https:\/\/ratmed.org\/?s={search_term_string}"},"query-input":{"@type":"PropertyValueSpecification","valueRequired":true,"valueName":"search_term_string"}}],"inLanguage":"pl-PL"}]}},"_links":{"self":[{"href":"https:\/\/ratmed.org\/index.php\/wp-json\/wp\/v2\/pages\/3311","targetHints":{"allow":["GET"]}}],"collection":[{"href":"https:\/\/ratmed.org\/index.php\/wp-json\/wp\/v2\/pages"}],"about":[{"href":"https:\/\/ratmed.org\/index.php\/wp-json\/wp\/v2\/types\/page"}],"author":[{"embeddable":true,"href":"https:\/\/ratmed.org\/index.php\/wp-json\/wp\/v2\/users\/1"}],"replies":[{"embeddable":true,"href":"https:\/\/ratmed.org\/index.php\/wp-json\/wp\/v2\/comments?post=3311"}],"version-history":[{"count":7,"href":"https:\/\/ratmed.org\/index.php\/wp-json\/wp\/v2\/pages\/3311\/revisions"}],"predecessor-version":[{"id":3964,"href":"https:\/\/ratmed.org\/index.php\/wp-json\/wp\/v2\/pages\/3311\/revisions\/3964"}],"wp:attachment":[{"href":"https:\/\/ratmed.org\/index.php\/wp-json\/wp\/v2\/media?parent=3311"}],"curies":[{"name":"wp","href":"https:\/\/api.w.org\/{rel}","templated":true}]}}