{"id":3346,"date":"2023-12-04T17:24:55","date_gmt":"2023-12-04T16:24:55","guid":{"rendered":"https:\/\/ratmed.org\/?page_id=3346"},"modified":"2023-12-04T17:24:55","modified_gmt":"2023-12-04T16:24:55","slug":"sztandar-ptrm","status":"publish","type":"page","link":"https:\/\/ratmed.org\/index.php\/about\/sztandar-ptrm\/","title":{"rendered":"Sztandar PTRM"},"content":{"rendered":"<p>Sztandar jest symbolem tradycji, honoru, nauki, etycznego wykonywania zawodu oraz integracji ca\u0142ego \u015brodowiska ratownik\u00f3w medycznych skupionych wok\u00f3\u0142 Polskiego Towarzystwa Ratownik\u00f3w Medycznych. Sztandar jest god\u0142em, najwa\u017cniejszym znakiem wyr\u00f3\u017cniaj\u0105cym Polskie Towarzystwo Ratownik\u00f3w Medycznych.<\/p>\n<p>Przekazanie Sztandaru dla Polskiego Towarzystwa Ratownik\u00f3w Medycznych nast\u0105pi\u0142o w dniu 8 wrze\u015bnia 2023 r. w Tychach podczas obchod\u00f3w I Og\u00f3lnopolskiego Dnia Ratownika Medycznego. Sztandar na r\u0119ce Pana <em><strong>dr n. o zdr. Jaros\u0142awa Madowicza <\/strong><\/em>&#8211; Prezesa Zarz\u0105du G\u0142\u00f3wnego Polskiego Towarzystwa Ratownik\u00f3w Medycznych, przekaza\u0142 Pan <strong><em>prof. dr hab. n. med. Ryszard Gellert<\/em><\/strong> &#8211; Dyrektor Centrum Medycznego Kszta\u0142cenia Podyplomowego.<\/p>\n<p>Do dysponowania sztandarem uprawniony jest Walne Zebranie Cz\u0142onk\u00f3w oraz Zarz\u0105d Polskiego Towarzystwa Ratownik\u00f3w Medycznych.<\/p>\n<p>Sztandar mo\u017ce wyst\u0119powa\u0107 w czasie obchod\u00f3w \u015bwi\u0105t i rocznic pa\u0144stwowych, resortowych oraz okoliczno\u015bciowych uroczysto\u015bci. Winno si\u0119 go prezentowa\u0107 na Walnym Zebraniu Polskiego Towarzystwa Ratownik\u00f3w Medycznych. W ka\u017cdej tego typu uroczysto\u015bci powinno zapewni\u0107 si\u0119 mu nale\u017cn\u0105 cze\u015b\u0107 i szacunek. U\u017cycie sztandaru w stanie z rozwini\u0119tym p\u0142atem zawsze wymaga trzy osobowej asysty pocztu.<\/p>\n<p><img loading=\"lazy\" decoding=\"async\" class=\"size-large wp-image-3349 aligncenter\" src=\"https:\/\/ratmed.org\/wp-content\/uploads\/2023\/12\/2023-12-04-Sztandar-PTRM-czerwona-strona-1024x461.jpg\" alt=\"\" width=\"780\" height=\"351\" srcset=\"https:\/\/ratmed.org\/wp-content\/uploads\/2023\/12\/2023-12-04-Sztandar-PTRM-czerwona-strona-1024x461.jpg 1024w, https:\/\/ratmed.org\/wp-content\/uploads\/2023\/12\/2023-12-04-Sztandar-PTRM-czerwona-strona-300x135.jpg 300w, https:\/\/ratmed.org\/wp-content\/uploads\/2023\/12\/2023-12-04-Sztandar-PTRM-czerwona-strona-768x346.jpg 768w, https:\/\/ratmed.org\/wp-content\/uploads\/2023\/12\/2023-12-04-Sztandar-PTRM-czerwona-strona-1536x691.jpg 1536w, https:\/\/ratmed.org\/wp-content\/uploads\/2023\/12\/2023-12-04-Sztandar-PTRM-czerwona-strona-2048x922.jpg 2048w\" sizes=\"auto, (max-width: 780px) 100vw, 780px\" \/><\/p>\n<p><img loading=\"lazy\" decoding=\"async\" class=\"size-large wp-image-3350 aligncenter\" src=\"https:\/\/ratmed.org\/wp-content\/uploads\/2023\/12\/2023-12-04-Sztandar-PTRM-strona-z-logiem-PTRM-1024x461.jpg\" alt=\"\" width=\"780\" height=\"351\" srcset=\"https:\/\/ratmed.org\/wp-content\/uploads\/2023\/12\/2023-12-04-Sztandar-PTRM-strona-z-logiem-PTRM-1024x461.jpg 1024w, https:\/\/ratmed.org\/wp-content\/uploads\/2023\/12\/2023-12-04-Sztandar-PTRM-strona-z-logiem-PTRM-300x135.jpg 300w, https:\/\/ratmed.org\/wp-content\/uploads\/2023\/12\/2023-12-04-Sztandar-PTRM-strona-z-logiem-PTRM-768x346.jpg 768w, https:\/\/ratmed.org\/wp-content\/uploads\/2023\/12\/2023-12-04-Sztandar-PTRM-strona-z-logiem-PTRM-1536x691.jpg 1536w, https:\/\/ratmed.org\/wp-content\/uploads\/2023\/12\/2023-12-04-Sztandar-PTRM-strona-z-logiem-PTRM-2048x922.jpg 2048w\" sizes=\"auto, (max-width: 780px) 100vw, 780px\" \/><\/p>\n<p><img loading=\"lazy\" decoding=\"async\" class=\"size-large wp-image-3351 aligncenter\" src=\"https:\/\/ratmed.org\/wp-content\/uploads\/2023\/12\/2023-12-04-Sztandar-PTRM-czerwona-strona-stojacy-461x1024.jpg\" alt=\"\" width=\"461\" height=\"1024\" srcset=\"https:\/\/ratmed.org\/wp-content\/uploads\/2023\/12\/2023-12-04-Sztandar-PTRM-czerwona-strona-stojacy-461x1024.jpg 461w, https:\/\/ratmed.org\/wp-content\/uploads\/2023\/12\/2023-12-04-Sztandar-PTRM-czerwona-strona-stojacy-135x300.jpg 135w, https:\/\/ratmed.org\/wp-content\/uploads\/2023\/12\/2023-12-04-Sztandar-PTRM-czerwona-strona-stojacy-768x1707.jpg 768w, https:\/\/ratmed.org\/wp-content\/uploads\/2023\/12\/2023-12-04-Sztandar-PTRM-czerwona-strona-stojacy-691x1536.jpg 691w, https:\/\/ratmed.org\/wp-content\/uploads\/2023\/12\/2023-12-04-Sztandar-PTRM-czerwona-strona-stojacy-922x2048.jpg 922w, https:\/\/ratmed.org\/wp-content\/uploads\/2023\/12\/2023-12-04-Sztandar-PTRM-czerwona-strona-stojacy-scaled.jpg 1152w\" sizes=\"auto, (max-width: 461px) 100vw, 461px\" \/><\/p>\n<p><img loading=\"lazy\" decoding=\"async\" class=\"size-large wp-image-3352 aligncenter\" src=\"https:\/\/ratmed.org\/wp-content\/uploads\/2023\/12\/2023-12-04-Sztandar-PTRM-strona-z-logiem-PTRM-stojacy-461x1024.jpg\" alt=\"\" width=\"461\" height=\"1024\" srcset=\"https:\/\/ratmed.org\/wp-content\/uploads\/2023\/12\/2023-12-04-Sztandar-PTRM-strona-z-logiem-PTRM-stojacy-461x1024.jpg 461w, https:\/\/ratmed.org\/wp-content\/uploads\/2023\/12\/2023-12-04-Sztandar-PTRM-strona-z-logiem-PTRM-stojacy-135x300.jpg 135w, https:\/\/ratmed.org\/wp-content\/uploads\/2023\/12\/2023-12-04-Sztandar-PTRM-strona-z-logiem-PTRM-stojacy-768x1707.jpg 768w, https:\/\/ratmed.org\/wp-content\/uploads\/2023\/12\/2023-12-04-Sztandar-PTRM-strona-z-logiem-PTRM-stojacy-691x1536.jpg 691w, https:\/\/ratmed.org\/wp-content\/uploads\/2023\/12\/2023-12-04-Sztandar-PTRM-strona-z-logiem-PTRM-stojacy-922x2048.jpg 922w, https:\/\/ratmed.org\/wp-content\/uploads\/2023\/12\/2023-12-04-Sztandar-PTRM-strona-z-logiem-PTRM-stojacy-scaled.jpg 1152w\" sizes=\"auto, (max-width: 461px) 100vw, 461px\" \/><\/p>\n<p>&nbsp;<\/p>\n<p>Uchwa\u0142\u0105 Zarz\u0105du G\u0142\u00f3wnego Polskiego Towarzystwa Ratownik\u00f3w Medycznych<strong>\u00a0nr 25\/2023<\/strong> z dnia 7 listopada 2023 r. zosta\u0142 przyj\u0119ty Ceremonia\u0142 Sztandaru.<\/p>\n<p><img loading=\"lazy\" decoding=\"async\" class=\"size-large wp-image-3347 aligncenter\" src=\"https:\/\/ratmed.org\/wp-content\/uploads\/2023\/12\/2023-11-07-Uchwala-25-2023-w-spr.-przyjecia-Ceremonialu-Sztandaru-739x1024.jpg\" alt=\"\" width=\"739\" height=\"1024\" srcset=\"https:\/\/ratmed.org\/wp-content\/uploads\/2023\/12\/2023-11-07-Uchwala-25-2023-w-spr.-przyjecia-Ceremonialu-Sztandaru-739x1024.jpg 739w, https:\/\/ratmed.org\/wp-content\/uploads\/2023\/12\/2023-11-07-Uchwala-25-2023-w-spr.-przyjecia-Ceremonialu-Sztandaru-216x300.jpg 216w, https:\/\/ratmed.org\/wp-content\/uploads\/2023\/12\/2023-11-07-Uchwala-25-2023-w-spr.-przyjecia-Ceremonialu-Sztandaru-768x1064.jpg 768w, https:\/\/ratmed.org\/wp-content\/uploads\/2023\/12\/2023-11-07-Uchwala-25-2023-w-spr.-przyjecia-Ceremonialu-Sztandaru-1108x1536.jpg 1108w, https:\/\/ratmed.org\/wp-content\/uploads\/2023\/12\/2023-11-07-Uchwala-25-2023-w-spr.-przyjecia-Ceremonialu-Sztandaru-1478x2048.jpg 1478w, https:\/\/ratmed.org\/wp-content\/uploads\/2023\/12\/2023-11-07-Uchwala-25-2023-w-spr.-przyjecia-Ceremonialu-Sztandaru-scaled.jpg 1847w\" sizes=\"auto, (max-width: 739px) 100vw, 739px\" \/><\/p>\n<p>Ceremonia\u0142 Sztandaru PTRM stanowi za\u0142\u0105cznik do ww. Uchwa\u0142y &#8211; <a href=\"https:\/\/ratmed.org\/wp-content\/uploads\/2023\/12\/CEREMONIAL-SZTANDARU-PTRM.pdf\">CEREMONIA\u0141 SZTANDARU PTRM<\/a><\/p>\n<p>Poni\u017cej prezentujemy fotorelacj\u0119 z uroczysto\u015bci nadania Sztandaru Polskiemu Towarzystwu Ratownik\u00f3w Medycznych.<\/p>\n<p><img loading=\"lazy\" decoding=\"async\" class=\"size-large wp-image-3356 aligncenter\" src=\"https:\/\/ratmed.org\/wp-content\/uploads\/2023\/12\/2023-09-08-Zdjecie-nr-pierwsze-Ceremonia-nadania-sztandaru-dla-PTRM-1024x768.jpg\" alt=\"\" width=\"780\" height=\"585\" srcset=\"https:\/\/ratmed.org\/wp-content\/uploads\/2023\/12\/2023-09-08-Zdjecie-nr-pierwsze-Ceremonia-nadania-sztandaru-dla-PTRM-1024x768.jpg 1024w, https:\/\/ratmed.org\/wp-content\/uploads\/2023\/12\/2023-09-08-Zdjecie-nr-pierwsze-Ceremonia-nadania-sztandaru-dla-PTRM-300x225.jpg 300w, https:\/\/ratmed.org\/wp-content\/uploads\/2023\/12\/2023-09-08-Zdjecie-nr-pierwsze-Ceremonia-nadania-sztandaru-dla-PTRM-768x576.jpg 768w, https:\/\/ratmed.org\/wp-content\/uploads\/2023\/12\/2023-09-08-Zdjecie-nr-pierwsze-Ceremonia-nadania-sztandaru-dla-PTRM-1536x1152.jpg 1536w, https:\/\/ratmed.org\/wp-content\/uploads\/2023\/12\/2023-09-08-Zdjecie-nr-pierwsze-Ceremonia-nadania-sztandaru-dla-PTRM.jpg 1600w\" sizes=\"auto, (max-width: 780px) 100vw, 780px\" \/><\/p>\n<p><img loading=\"lazy\" decoding=\"async\" class=\"size-large wp-image-3354 aligncenter\" src=\"https:\/\/ratmed.org\/wp-content\/uploads\/2023\/12\/2023-09-08-Zdjecie-nr-0-Ceremonia-nadania-sztandaru-dla-PTRM-1024x576.jpg\" alt=\"\" width=\"780\" height=\"439\" srcset=\"https:\/\/ratmed.org\/wp-content\/uploads\/2023\/12\/2023-09-08-Zdjecie-nr-0-Ceremonia-nadania-sztandaru-dla-PTRM-1024x576.jpg 1024w, https:\/\/ratmed.org\/wp-content\/uploads\/2023\/12\/2023-09-08-Zdjecie-nr-0-Ceremonia-nadania-sztandaru-dla-PTRM-300x169.jpg 300w, https:\/\/ratmed.org\/wp-content\/uploads\/2023\/12\/2023-09-08-Zdjecie-nr-0-Ceremonia-nadania-sztandaru-dla-PTRM-768x432.jpg 768w, https:\/\/ratmed.org\/wp-content\/uploads\/2023\/12\/2023-09-08-Zdjecie-nr-0-Ceremonia-nadania-sztandaru-dla-PTRM-1536x864.jpg 1536w, https:\/\/ratmed.org\/wp-content\/uploads\/2023\/12\/2023-09-08-Zdjecie-nr-0-Ceremonia-nadania-sztandaru-dla-PTRM.jpg 1920w\" sizes=\"auto, (max-width: 780px) 100vw, 780px\" \/><\/p>\n<p><img loading=\"lazy\" decoding=\"async\" class=\"size-large wp-image-3355 aligncenter\" src=\"https:\/\/ratmed.org\/wp-content\/uploads\/2023\/12\/2023-09-08-Zdjecie-nr-0a-Ceremonia-nadania-sztandaru-dla-PTRM-1024x576.jpg\" alt=\"\" width=\"780\" height=\"439\" srcset=\"https:\/\/ratmed.org\/wp-content\/uploads\/2023\/12\/2023-09-08-Zdjecie-nr-0a-Ceremonia-nadania-sztandaru-dla-PTRM-1024x576.jpg 1024w, https:\/\/ratmed.org\/wp-content\/uploads\/2023\/12\/2023-09-08-Zdjecie-nr-0a-Ceremonia-nadania-sztandaru-dla-PTRM-300x169.jpg 300w, https:\/\/ratmed.org\/wp-content\/uploads\/2023\/12\/2023-09-08-Zdjecie-nr-0a-Ceremonia-nadania-sztandaru-dla-PTRM-768x432.jpg 768w, https:\/\/ratmed.org\/wp-content\/uploads\/2023\/12\/2023-09-08-Zdjecie-nr-0a-Ceremonia-nadania-sztandaru-dla-PTRM-1536x864.jpg 1536w, https:\/\/ratmed.org\/wp-content\/uploads\/2023\/12\/2023-09-08-Zdjecie-nr-0a-Ceremonia-nadania-sztandaru-dla-PTRM.jpg 1920w\" sizes=\"auto, (max-width: 780px) 100vw, 780px\" \/><\/p>\n<p><img loading=\"lazy\" decoding=\"async\" class=\"size-large wp-image-3353 aligncenter\" src=\"https:\/\/ratmed.org\/wp-content\/uploads\/2023\/12\/2023-09-08-Zdjecie-nr-1-Ceremonia-nadania-sztandaru-dla-PTRM-1024x576.jpg\" alt=\"\" width=\"780\" height=\"439\" srcset=\"https:\/\/ratmed.org\/wp-content\/uploads\/2023\/12\/2023-09-08-Zdjecie-nr-1-Ceremonia-nadania-sztandaru-dla-PTRM-1024x576.jpg 1024w, https:\/\/ratmed.org\/wp-content\/uploads\/2023\/12\/2023-09-08-Zdjecie-nr-1-Ceremonia-nadania-sztandaru-dla-PTRM-300x169.jpg 300w, https:\/\/ratmed.org\/wp-content\/uploads\/2023\/12\/2023-09-08-Zdjecie-nr-1-Ceremonia-nadania-sztandaru-dla-PTRM-768x432.jpg 768w, https:\/\/ratmed.org\/wp-content\/uploads\/2023\/12\/2023-09-08-Zdjecie-nr-1-Ceremonia-nadania-sztandaru-dla-PTRM-1536x864.jpg 1536w, https:\/\/ratmed.org\/wp-content\/uploads\/2023\/12\/2023-09-08-Zdjecie-nr-1-Ceremonia-nadania-sztandaru-dla-PTRM.jpg 1920w\" sizes=\"auto, (max-width: 780px) 100vw, 780px\" \/><\/p>\n<p><img loading=\"lazy\" decoding=\"async\" class=\"size-large wp-image-3357 aligncenter\" src=\"https:\/\/ratmed.org\/wp-content\/uploads\/2023\/12\/2023-09-08-Zdjecie-nr-2-Ceremonia-nadania-sztandaru-dla-PTRM-1024x576.jpg\" alt=\"\" width=\"780\" height=\"439\" srcset=\"https:\/\/ratmed.org\/wp-content\/uploads\/2023\/12\/2023-09-08-Zdjecie-nr-2-Ceremonia-nadania-sztandaru-dla-PTRM-1024x576.jpg 1024w, https:\/\/ratmed.org\/wp-content\/uploads\/2023\/12\/2023-09-08-Zdjecie-nr-2-Ceremonia-nadania-sztandaru-dla-PTRM-300x169.jpg 300w, https:\/\/ratmed.org\/wp-content\/uploads\/2023\/12\/2023-09-08-Zdjecie-nr-2-Ceremonia-nadania-sztandaru-dla-PTRM-768x432.jpg 768w, https:\/\/ratmed.org\/wp-content\/uploads\/2023\/12\/2023-09-08-Zdjecie-nr-2-Ceremonia-nadania-sztandaru-dla-PTRM-1536x864.jpg 1536w, https:\/\/ratmed.org\/wp-content\/uploads\/2023\/12\/2023-09-08-Zdjecie-nr-2-Ceremonia-nadania-sztandaru-dla-PTRM.jpg 1920w\" sizes=\"auto, (max-width: 780px) 100vw, 780px\" \/><\/p>\n<p><img loading=\"lazy\" decoding=\"async\" class=\"size-large wp-image-3358 aligncenter\" src=\"https:\/\/ratmed.org\/wp-content\/uploads\/2023\/12\/2023-09-08-Zdjecie-nr-3-Ceremonia-nadania-sztandaru-dla-PTRM-1024x768.jpg\" alt=\"\" width=\"780\" height=\"585\" srcset=\"https:\/\/ratmed.org\/wp-content\/uploads\/2023\/12\/2023-09-08-Zdjecie-nr-3-Ceremonia-nadania-sztandaru-dla-PTRM-1024x768.jpg 1024w, https:\/\/ratmed.org\/wp-content\/uploads\/2023\/12\/2023-09-08-Zdjecie-nr-3-Ceremonia-nadania-sztandaru-dla-PTRM-300x225.jpg 300w, https:\/\/ratmed.org\/wp-content\/uploads\/2023\/12\/2023-09-08-Zdjecie-nr-3-Ceremonia-nadania-sztandaru-dla-PTRM-768x576.jpg 768w, https:\/\/ratmed.org\/wp-content\/uploads\/2023\/12\/2023-09-08-Zdjecie-nr-3-Ceremonia-nadania-sztandaru-dla-PTRM-1536x1152.jpg 1536w, https:\/\/ratmed.org\/wp-content\/uploads\/2023\/12\/2023-09-08-Zdjecie-nr-3-Ceremonia-nadania-sztandaru-dla-PTRM.jpg 1600w\" sizes=\"auto, (max-width: 780px) 100vw, 780px\" \/><\/p>\n<p><img loading=\"lazy\" decoding=\"async\" class=\"size-large wp-image-3359 aligncenter\" src=\"https:\/\/ratmed.org\/wp-content\/uploads\/2023\/12\/2023-09-08-Zdjecie-nr-4-Ceremonia-nadania-sztandaru-dla-PTRM-1024x768.jpg\" alt=\"\" width=\"780\" height=\"585\" srcset=\"https:\/\/ratmed.org\/wp-content\/uploads\/2023\/12\/2023-09-08-Zdjecie-nr-4-Ceremonia-nadania-sztandaru-dla-PTRM-1024x768.jpg 1024w, https:\/\/ratmed.org\/wp-content\/uploads\/2023\/12\/2023-09-08-Zdjecie-nr-4-Ceremonia-nadania-sztandaru-dla-PTRM-300x225.jpg 300w, https:\/\/ratmed.org\/wp-content\/uploads\/2023\/12\/2023-09-08-Zdjecie-nr-4-Ceremonia-nadania-sztandaru-dla-PTRM-768x576.jpg 768w, https:\/\/ratmed.org\/wp-content\/uploads\/2023\/12\/2023-09-08-Zdjecie-nr-4-Ceremonia-nadania-sztandaru-dla-PTRM-1536x1152.jpg 1536w, https:\/\/ratmed.org\/wp-content\/uploads\/2023\/12\/2023-09-08-Zdjecie-nr-4-Ceremonia-nadania-sztandaru-dla-PTRM.jpg 1600w\" sizes=\"auto, (max-width: 780px) 100vw, 780px\" \/><\/p>\n<p><img loading=\"lazy\" decoding=\"async\" class=\"size-large wp-image-3360 aligncenter\" src=\"https:\/\/ratmed.org\/wp-content\/uploads\/2023\/12\/2023-09-08-Zdjecie-nr-5-Ceremonia-nadania-sztandaru-dla-PTRM-1024x768.jpg\" alt=\"\" width=\"780\" height=\"585\" srcset=\"https:\/\/ratmed.org\/wp-content\/uploads\/2023\/12\/2023-09-08-Zdjecie-nr-5-Ceremonia-nadania-sztandaru-dla-PTRM-1024x768.jpg 1024w, https:\/\/ratmed.org\/wp-content\/uploads\/2023\/12\/2023-09-08-Zdjecie-nr-5-Ceremonia-nadania-sztandaru-dla-PTRM-300x225.jpg 300w, https:\/\/ratmed.org\/wp-content\/uploads\/2023\/12\/2023-09-08-Zdjecie-nr-5-Ceremonia-nadania-sztandaru-dla-PTRM-768x576.jpg 768w, https:\/\/ratmed.org\/wp-content\/uploads\/2023\/12\/2023-09-08-Zdjecie-nr-5-Ceremonia-nadania-sztandaru-dla-PTRM-1536x1152.jpg 1536w, https:\/\/ratmed.org\/wp-content\/uploads\/2023\/12\/2023-09-08-Zdjecie-nr-5-Ceremonia-nadania-sztandaru-dla-PTRM.jpg 1600w\" sizes=\"auto, (max-width: 780px) 100vw, 780px\" \/><\/p>\n<p>&nbsp;<\/p>\n<p>&nbsp;<\/p>\n","protected":false},"excerpt":{"rendered":"<p>Sztandar jest symbolem tradycji, honoru, nauki, etycznego wykonywania zawodu oraz integracji ca\u0142ego \u015brodowiska ratownik\u00f3w medycznych skupionych wok\u00f3\u0142 Polskiego Towarzystwa Ratownik\u00f3w [&hellip;]<\/p>\n","protected":false},"author":1,"featured_media":0,"parent":121,"menu_order":0,"comment_status":"closed","ping_status":"closed","template":"","meta":{"footnotes":"","_links_to":"","_links_to_target":""},"class_list":["post-3346","page","type-page","status-publish","hentry"],"yoast_head":"<!-- This site is optimized with the Yoast SEO plugin v27.5 - https:\/\/yoast.com\/product\/yoast-seo-wordpress\/ -->\n<title>Sztandar PTRM -<\/title>\n<meta name=\"robots\" content=\"index, follow, max-snippet:-1, max-image-preview:large, max-video-preview:-1\" \/>\n<link rel=\"canonical\" href=\"https:\/\/ratmed.org\/index.php\/about\/sztandar-ptrm\/\" \/>\n<meta property=\"og:locale\" content=\"pl_PL\" \/>\n<meta property=\"og:type\" content=\"article\" \/>\n<meta property=\"og:title\" content=\"Sztandar PTRM -\" \/>\n<meta property=\"og:description\" content=\"Sztandar jest symbolem tradycji, honoru, nauki, etycznego wykonywania zawodu oraz integracji ca\u0142ego \u015brodowiska ratownik\u00f3w medycznych skupionych wok\u00f3\u0142 Polskiego Towarzystwa Ratownik\u00f3w [&hellip;]\" \/>\n<meta property=\"og:url\" content=\"https:\/\/ratmed.org\/index.php\/about\/sztandar-ptrm\/\" \/>\n<meta property=\"og:image\" content=\"https:\/\/ratmed.org\/wp-content\/uploads\/2023\/12\/2023-12-04-Sztandar-PTRM-czerwona-strona-1024x461.jpg\" \/>\n<meta name=\"twitter:card\" content=\"summary_large_image\" \/>\n<meta name=\"twitter:label1\" content=\"Szacowany czas czytania\" \/>\n\t<meta name=\"twitter:data1\" content=\"4 minuty\" \/>\n<script type=\"application\/ld+json\" class=\"yoast-schema-graph\">{\"@context\":\"https:\\\/\\\/schema.org\",\"@graph\":[{\"@type\":\"WebPage\",\"@id\":\"https:\\\/\\\/ratmed.org\\\/index.php\\\/about\\\/sztandar-ptrm\\\/\",\"url\":\"https:\\\/\\\/ratmed.org\\\/index.php\\\/about\\\/sztandar-ptrm\\\/\",\"name\":\"Sztandar PTRM -\",\"isPartOf\":{\"@id\":\"https:\\\/\\\/ratmed.org\\\/#website\"},\"primaryImageOfPage\":{\"@id\":\"https:\\\/\\\/ratmed.org\\\/index.php\\\/about\\\/sztandar-ptrm\\\/#primaryimage\"},\"image\":{\"@id\":\"https:\\\/\\\/ratmed.org\\\/index.php\\\/about\\\/sztandar-ptrm\\\/#primaryimage\"},\"thumbnailUrl\":\"https:\\\/\\\/ratmed.org\\\/wp-content\\\/uploads\\\/2023\\\/12\\\/2023-12-04-Sztandar-PTRM-czerwona-strona-1024x461.jpg\",\"datePublished\":\"2023-12-04T16:24:55+00:00\",\"breadcrumb\":{\"@id\":\"https:\\\/\\\/ratmed.org\\\/index.php\\\/about\\\/sztandar-ptrm\\\/#breadcrumb\"},\"inLanguage\":\"pl-PL\",\"potentialAction\":[{\"@type\":\"ReadAction\",\"target\":[\"https:\\\/\\\/ratmed.org\\\/index.php\\\/about\\\/sztandar-ptrm\\\/\"]}]},{\"@type\":\"ImageObject\",\"inLanguage\":\"pl-PL\",\"@id\":\"https:\\\/\\\/ratmed.org\\\/index.php\\\/about\\\/sztandar-ptrm\\\/#primaryimage\",\"url\":\"https:\\\/\\\/ratmed.org\\\/wp-content\\\/uploads\\\/2023\\\/12\\\/2023-12-04-Sztandar-PTRM-czerwona-strona-scaled.jpg\",\"contentUrl\":\"https:\\\/\\\/ratmed.org\\\/wp-content\\\/uploads\\\/2023\\\/12\\\/2023-12-04-Sztandar-PTRM-czerwona-strona-scaled.jpg\",\"width\":2560,\"height\":1152},{\"@type\":\"BreadcrumbList\",\"@id\":\"https:\\\/\\\/ratmed.org\\\/index.php\\\/about\\\/sztandar-ptrm\\\/#breadcrumb\",\"itemListElement\":[{\"@type\":\"ListItem\",\"position\":1,\"name\":\"Strona g\u0142\u00f3wna\",\"item\":\"https:\\\/\\\/ratmed.org\\\/\"},{\"@type\":\"ListItem\",\"position\":2,\"name\":\"O nas:\",\"item\":\"https:\\\/\\\/ratmed.org\\\/index.php\\\/about\\\/\"},{\"@type\":\"ListItem\",\"position\":3,\"name\":\"Sztandar PTRM\"}]},{\"@type\":\"WebSite\",\"@id\":\"https:\\\/\\\/ratmed.org\\\/#website\",\"url\":\"https:\\\/\\\/ratmed.org\\\/\",\"name\":\"\",\"description\":\"Polskie Towarzystwo Ratownik\u00f3w Medycznych\",\"potentialAction\":[{\"@type\":\"SearchAction\",\"target\":{\"@type\":\"EntryPoint\",\"urlTemplate\":\"https:\\\/\\\/ratmed.org\\\/?s={search_term_string}\"},\"query-input\":{\"@type\":\"PropertyValueSpecification\",\"valueRequired\":true,\"valueName\":\"search_term_string\"}}],\"inLanguage\":\"pl-PL\"}]}<\/script>\n<!-- \/ Yoast SEO plugin. -->","yoast_head_json":{"title":"Sztandar PTRM -","robots":{"index":"index","follow":"follow","max-snippet":"max-snippet:-1","max-image-preview":"max-image-preview:large","max-video-preview":"max-video-preview:-1"},"canonical":"https:\/\/ratmed.org\/index.php\/about\/sztandar-ptrm\/","og_locale":"pl_PL","og_type":"article","og_title":"Sztandar PTRM -","og_description":"Sztandar jest symbolem tradycji, honoru, nauki, etycznego wykonywania zawodu oraz integracji ca\u0142ego \u015brodowiska ratownik\u00f3w medycznych skupionych wok\u00f3\u0142 Polskiego Towarzystwa Ratownik\u00f3w [&hellip;]","og_url":"https:\/\/ratmed.org\/index.php\/about\/sztandar-ptrm\/","og_image":[{"url":"https:\/\/ratmed.org\/wp-content\/uploads\/2023\/12\/2023-12-04-Sztandar-PTRM-czerwona-strona-1024x461.jpg","type":"","width":"","height":""}],"twitter_card":"summary_large_image","twitter_misc":{"Szacowany czas czytania":"4 minuty"},"schema":{"@context":"https:\/\/schema.org","@graph":[{"@type":"WebPage","@id":"https:\/\/ratmed.org\/index.php\/about\/sztandar-ptrm\/","url":"https:\/\/ratmed.org\/index.php\/about\/sztandar-ptrm\/","name":"Sztandar PTRM -","isPartOf":{"@id":"https:\/\/ratmed.org\/#website"},"primaryImageOfPage":{"@id":"https:\/\/ratmed.org\/index.php\/about\/sztandar-ptrm\/#primaryimage"},"image":{"@id":"https:\/\/ratmed.org\/index.php\/about\/sztandar-ptrm\/#primaryimage"},"thumbnailUrl":"https:\/\/ratmed.org\/wp-content\/uploads\/2023\/12\/2023-12-04-Sztandar-PTRM-czerwona-strona-1024x461.jpg","datePublished":"2023-12-04T16:24:55+00:00","breadcrumb":{"@id":"https:\/\/ratmed.org\/index.php\/about\/sztandar-ptrm\/#breadcrumb"},"inLanguage":"pl-PL","potentialAction":[{"@type":"ReadAction","target":["https:\/\/ratmed.org\/index.php\/about\/sztandar-ptrm\/"]}]},{"@type":"ImageObject","inLanguage":"pl-PL","@id":"https:\/\/ratmed.org\/index.php\/about\/sztandar-ptrm\/#primaryimage","url":"https:\/\/ratmed.org\/wp-content\/uploads\/2023\/12\/2023-12-04-Sztandar-PTRM-czerwona-strona-scaled.jpg","contentUrl":"https:\/\/ratmed.org\/wp-content\/uploads\/2023\/12\/2023-12-04-Sztandar-PTRM-czerwona-strona-scaled.jpg","width":2560,"height":1152},{"@type":"BreadcrumbList","@id":"https:\/\/ratmed.org\/index.php\/about\/sztandar-ptrm\/#breadcrumb","itemListElement":[{"@type":"ListItem","position":1,"name":"Strona g\u0142\u00f3wna","item":"https:\/\/ratmed.org\/"},{"@type":"ListItem","position":2,"name":"O nas:","item":"https:\/\/ratmed.org\/index.php\/about\/"},{"@type":"ListItem","position":3,"name":"Sztandar PTRM"}]},{"@type":"WebSite","@id":"https:\/\/ratmed.org\/#website","url":"https:\/\/ratmed.org\/","name":"","description":"Polskie Towarzystwo Ratownik\u00f3w Medycznych","potentialAction":[{"@type":"SearchAction","target":{"@type":"EntryPoint","urlTemplate":"https:\/\/ratmed.org\/?s={search_term_string}"},"query-input":{"@type":"PropertyValueSpecification","valueRequired":true,"valueName":"search_term_string"}}],"inLanguage":"pl-PL"}]}},"_links":{"self":[{"href":"https:\/\/ratmed.org\/index.php\/wp-json\/wp\/v2\/pages\/3346","targetHints":{"allow":["GET"]}}],"collection":[{"href":"https:\/\/ratmed.org\/index.php\/wp-json\/wp\/v2\/pages"}],"about":[{"href":"https:\/\/ratmed.org\/index.php\/wp-json\/wp\/v2\/types\/page"}],"author":[{"embeddable":true,"href":"https:\/\/ratmed.org\/index.php\/wp-json\/wp\/v2\/users\/1"}],"replies":[{"embeddable":true,"href":"https:\/\/ratmed.org\/index.php\/wp-json\/wp\/v2\/comments?post=3346"}],"version-history":[{"count":1,"href":"https:\/\/ratmed.org\/index.php\/wp-json\/wp\/v2\/pages\/3346\/revisions"}],"predecessor-version":[{"id":3361,"href":"https:\/\/ratmed.org\/index.php\/wp-json\/wp\/v2\/pages\/3346\/revisions\/3361"}],"up":[{"embeddable":true,"href":"https:\/\/ratmed.org\/index.php\/wp-json\/wp\/v2\/pages\/121"}],"wp:attachment":[{"href":"https:\/\/ratmed.org\/index.php\/wp-json\/wp\/v2\/media?parent=3346"}],"curies":[{"name":"wp","href":"https:\/\/api.w.org\/{rel}","templated":true}]}}