{"id":3449,"date":"2024-01-12T11:13:32","date_gmt":"2024-01-12T10:13:32","guid":{"rendered":"https:\/\/ratmed.org\/?page_id=3449"},"modified":"2024-07-29T19:48:40","modified_gmt":"2024-07-29T18:48:40","slug":"rada-naukowa-ptrm","status":"publish","type":"page","link":"https:\/\/ratmed.org\/index.php\/rada-naukowa-ptrm\/","title":{"rendered":"Rada Naukowa PTRM"},"content":{"rendered":"<p>Zarz\u0105d G\u0142\u00f3wny Polskiego Towarzystwa Ratownik\u00f3w Medycznych (PTRM) powo\u0142uje i odwo\u0142uj\u0119 Rad\u0119 Naukow\u0105 Towarzystwa. Rada Naukowa Towarzystwa dzia\u0142a na podstawie regulaminu, kt\u00f3ry zatwierdza Zarz\u0105d G\u0142\u00f3wny PTRM i powo\u0142any jego uchwa\u0142\u0105.<\/p>\n<p>Rada Naukowa PTRM dzia\u0142a zgodnie z zapisami Regulaminu Rady Naukowej PTRM, kt\u00f3ry zosta\u0142 ustanowiony Uchwa\u0142\u0105 Zarz\u0105du G\u0142\u00f3wnego PTRM z dnia 6 kwietnia 2018 r. <strong>nr 19\/2018<\/strong> r. Regulamin okre\u015bla zasady i tryb dzia\u0142ania Rady Naukowej PTRM.<\/p>\n<p>W sk\u0142ad Rady Naukowej PTRM wchodzi: Przewodnicz\u0105cy, Zast\u0119pca, Sekretarz oraz Cz\u0142onkowie. Przewodnicz\u0105cego Rady powo\u0142uje Zarz\u0105d G\u0142\u00f3wny Towarzystwa na wniosek Prezesa PTRM. Zast\u0119pc\u0119 Przewodnicz\u0105cego, Sekretarza oraz cz\u0142onk\u00f3w Rady Naukowej powo\u0142uje Zarz\u0105d G\u0142\u00f3wny PTRM na wniosek Przewodnicz\u0105cego Rady Naukowej PTRM.<\/p>\n<p><strong>Do zada\u0144<\/strong> Rady Naukowej PTRM nale\u017cy:<\/p>\n<ul>\n<li>wyznaczaniu kierunk\u00f3w i definiowaniu obszar\u00f3w aktywno\u015bci naukowej PTRM;<\/li>\n<li>animowanie i koordynowanie dzia\u0142alno\u015bci naukowej PTRM;<\/li>\n<li>wsparcie merytoryczne i organizacyjne dla wydarze\u0144 naukowych organizowanych lub wsp\u00f3\u0142organizowanych przez PTRM;<\/li>\n<li>dzia\u0142alno\u015bci wydawniczej &#8211; w szczeg\u00f3lno\u015bci publikowanie prac naukowych, w tym materia\u0142\u00f3w prezentowanych na konferencjach organizowanych przez PTRM;<\/li>\n<li>opiniowaniu udzielanych przez Zarz\u0105d G\u0142\u00f3wny patronat\u00f3w naukowych, na wniosek Zarz\u0105du G\u0142\u00f3wnego PTRM;<\/li>\n<li>recenzowaniu prac naukowych Cz\u0142onk\u00f3w i Sympatyk\u00f3w PTRM i wydawnictw PTRM.<\/li>\n<\/ul>\n<p><strong>W sk\u0142ad<\/strong> Rady Naukowej PTRM wchodz\u0105:<\/p>\n<ul>\n<li><strong><em>dr n. med. Ireneusz Barziej<\/em><\/strong> \u2013 Przewodnicz\u0105cy<\/li>\n<li><em><strong>dr hab. n. med. i n. o zdr. Patryk Rzo\u0144ca<\/strong><\/em> &#8211; Cz\u0142onek<\/li>\n<li><strong><em>dr n. o zdr. Jaros\u0142aw Madowicz<\/em><\/strong> &#8211; Cz\u0142onek<\/li>\n<li><em><strong>dr n. med. Jacek Wawrzynek<\/strong><\/em> &#8211; Cz\u0142onek<\/li>\n<li><em><strong>dr n. med. Marcin Koszowski<\/strong><\/em> &#8211; Cz\u0142onek<\/li>\n<li><em><strong>dr n. spo\u0142. Adam Bernert<\/strong><\/em> &#8211; Cz\u0142onek<\/li>\n<li><em><strong>dr n. o kult. fiz. Beata Zysiak-Christ<\/strong><\/em> &#8211; Cz\u0142onek<\/li>\n<li><em><strong>mgr Ireneusz Szafraniec<\/strong><\/em> &#8211; Cz\u0142onek<\/li>\n<li><em><strong>mgr Piotr Szwedzi\u0144ski<\/strong><\/em> &#8211; Cz\u0142onek<\/li>\n<\/ul>\n<p>Informacja o dost\u0119pnych formach kontaktu z Przewodnicz\u0105cym Rady Naukowej Polskiego Towarzystwa Ratownik\u00f3w Medycznych jest dost\u0119pna w zak\u0142adce: \u201c<a href=\"https:\/\/ratmed.org\/index.php\/kontakt\/\"><strong>Kontakt<\/strong><\/a>\u201c.<\/p>\n<p><img loading=\"lazy\" decoding=\"async\" class=\" wp-image-3450 aligncenter\" src=\"https:\/\/ratmed.org\/wp-content\/uploads\/2024\/01\/2024-01-11-Zdjecie-Ireneusz-Barziej.jpg\" alt=\"\" width=\"221\" height=\"295\" srcset=\"https:\/\/ratmed.org\/wp-content\/uploads\/2024\/01\/2024-01-11-Zdjecie-Ireneusz-Barziej.jpg 355w, https:\/\/ratmed.org\/wp-content\/uploads\/2024\/01\/2024-01-11-Zdjecie-Ireneusz-Barziej-225x300.jpg 225w\" sizes=\"auto, (max-width: 221px) 100vw, 221px\" \/><\/p>\n<p style=\"text-align: center;\"><strong>Przewodnicz\u0105cy Rady Naukowej PTRM<\/strong><br \/>\n<strong>dr n. med. Ireneusz Barziej<\/strong><\/p>\n<p>Ireneusz Barziej (ur. 06.05.1968 w Nysie); \u017cona Lidia, c\u00f3rka Kinga; piel\u0119gniarz, ratownik medyczny, nauczyciel akademicki.<\/p>\n<p>Uko\u0144czy\u0142 Pa\u0144stwow\u0105 Wy\u017csz\u0105 Szko\u0142\u0119 Zawodow\u0105 w Nysie (2005) oraz Studium Doktoranckie Wydzia\u0142u Lekarskiego \u015al\u0105skiego Uniwersytetu Medycznego w Katowicach (2014).<\/p>\n<p>Od 1993 zatrudniony w ZOZ Nysa: Oddzia\u0142 Anestezjologii i Intensywnej Terapii, Pogotowie Ratunkowe, Szpitalny Oddzia\u0142 Ratunkowy. W 2007 podj\u0105\u0142 obowi\u0105zki nauczyciela w Pa\u0144stwowej Wy\u017cszej Szkole Zawodowej w Nysie (obecnie Pa\u0144stwowa Akademia Nauk Stosowanych w Nysie). Jako nauczyciel akademicki opiekuje si\u0119 Studenckim Ko\u0142em Naukowej Medycyny Ratunkowej COR, koordynuje liczne akcje propaguj\u0105ce ide\u0119 podniesienia poziomu wiedzy spo\u0142ecze\u0144stwa z zakresu pierwszej pomocy m.in. Przedszkolak Ratuje; autor dw\u00f3ch podr\u0119cznik\u00f3w wydanych nak\u0142adem Oficyny Wydawniczej PANS w Nysie oraz licznych artyku\u0142\u00f3w naukowych. Prezes Stowarzyszenia Sympatyk\u00f3w SKNMR COR \u201eCOR CORDIS\u201d.<\/p>\n<p>Zainteresowania: praca naukowa, szeroko poj\u0119ta literatura, turystyka rowerowa, turystyka g\u00f3rska.<\/p>\n<p>Z Polskim Towarzystwem Ratownik\u00f3w Medycznych zwi\u0105zany od pocz\u0105tku jego dzia\u0142alno\u015bci, obecnie przewodnicz\u0105cy Rady Naukowej PTRM<\/p>\n<div class=\"wp-block-image\">\n<figure class=\"aligncenter\"><img loading=\"lazy\" decoding=\"async\" class=\"wp-image-455 aligncenter\" src=\"https:\/\/ratmed.org\/wp-content\/uploads\/2018\/01\/Jarek-M-org-%E2%80%94-kopia.jpeg\" alt=\"\" width=\"227\" height=\"289\" \/><\/figure>\n<\/div>\n<p class=\"has-text-align-center\" style=\"text-align: center;\"><em><strong>dr n. o zdr. Jaros\u0142aw Madowicz<\/strong><\/em><br \/>\nCz\u0142onek Rady Naukowej PTRM<\/p>\n<p>Absolwent G\u00f3rno\u015bl\u0105skiej Wy\u017cszej Szko\u0142a Pedagogiczna w Mys\u0142owicach \u2013 licencjat z ratownictwa medycznego oraz \u015al\u0105skiego Uniwersytet Medyczny w Katowicach \u2013 magister zdrowia publicznego.<\/p>\n<p>Uko\u0144czy\u0142 studia podyplomowe:\u00a0 Akademia WSB w D\u0105browie G\u00f3rniczej \u2013 MBA w ochronie zdrowia, Wydzia\u0142 Prawa i Administracji Uniwersytetu Warszawskiego \u2013 \u201cPrawo medyczne, bioetyka i socjologia medycyny\u201d, Uniwersytet Ekonomicznym w Katowicach \u2013 \u201cZarz\u0105dzanie bezpiecze\u0144stwem i higien\u0105 pracy\u201d, Uniwersytet \u015al\u0105ski \u2013 \u201cZarz\u0105dzanie sytuacj\u0105 kryzysow\u0105\u201d, Uniwersytet Ekonomiczny w Katowicach \u2013 \u201cWsparcie menad\u017cerskie dla kadry zarz\u0105dzaj\u0105cej podmiotami leczniczymi\u201d, Uniwersytet Medycznym w Poznaniu \u2013 \u201cZio\u0142a w profilaktyce i terapii\u201d.<\/p>\n<p>Kilkunastoletni sta\u017c pracy w pogotowiu ratunkowym, nast\u0119pnie dyrektor Pogotowia Ratunkowego, Wojew\u00f3dzkiego Szpitala Specjalistycznego nr 1 w Tychach, Wojew\u00f3dzkiego Szpitala Specjalistycznego im. Naj\u015bwi\u0119tszej Maryi Panny w Cz\u0119stochowie. Naczelnik Wydzia\u0142u ds. S\u0142u\u017cb Mundurowych \u015al\u0105skiego Oddzia\u0142u Wojew\u00f3dzkiego NFZ. Wiceprezes Zarz\u0105du i dyrektor ds. medycznych Wojew\u00f3dzkiego Szpitala Specjalistycznego MEGREZ Sp. z o. o.<br \/>\nBieg\u0142y s\u0105dowy w sprawach z zakresu ratownictwa medycznego i transportu sanitarnego. Obecnie pe\u0142ni funkcj\u0119 dyrektora Wojew\u00f3dzkiego Szpitala Specjalistycznego nr 3 w Rybniku.<\/p>\n<p>Do\u015bwiadczenie akademickie i naukowe: Ekspert ds. zdrowia w zespole powo\u0142anym przez Rzecznika Praw Obywatelskich. By\u0142y prodziekan ds. ratownictwa medycznego w WSPS w D\u0105browie G\u00f3rniczej, obecnie adiunkt na Wydziale Fizjoterapii WSB w D\u0105browie G\u00f3rniczej. Promotor i recenzent kilkudziesi\u0119ciu prac dyplomowych. Autor i wsp\u00f3\u0142autor kilkunastu artyku\u0142\u00f3w.<\/p>\n<p><img loading=\"lazy\" decoding=\"async\" class=\"wp-image-3451 aligncenter\" src=\"https:\/\/ratmed.org\/wp-content\/uploads\/2024\/01\/2024-01-12-Zdjecie-Jacek-Wawrzynek-po-obrobce.jpg\" alt=\"\" width=\"232\" height=\"234\" srcset=\"https:\/\/ratmed.org\/wp-content\/uploads\/2024\/01\/2024-01-12-Zdjecie-Jacek-Wawrzynek-po-obrobce.jpg 644w, https:\/\/ratmed.org\/wp-content\/uploads\/2024\/01\/2024-01-12-Zdjecie-Jacek-Wawrzynek-po-obrobce-298x300.jpg 298w, https:\/\/ratmed.org\/wp-content\/uploads\/2024\/01\/2024-01-12-Zdjecie-Jacek-Wawrzynek-po-obrobce-150x150.jpg 150w\" sizes=\"auto, (max-width: 232px) 100vw, 232px\" \/><\/p>\n<p style=\"text-align: center;\"><em><strong>dr n. med. Jacek Wawrzynek<br \/>\n<\/strong><\/em>Cz\u0142onek Rady Naukowej PTRM<\/p>\n<p>Kierownik Zak\u0142adu Ratownictwa Medycznego przy Wydziale Nauk Medycznych w Zabrzu \u015al\u0105skiego Uniwersytetu Medycznego w Katowicach.<\/p>\n<p>Recenzent w bran\u017cowym czasopi\u015bmie \u201eNa Ratunek\u201d, autor publikacji, rozdzia\u0142\u00f3w w podr\u0119cznikach i dw\u00f3ch edycji praktycznych standard\u00f3w post\u0119powania.<\/p>\n<p>Finalista mistrzostw w ratownictwie medycznym, m.in. mistrz \u015bl\u0105ska, wicemistrz Polski i wicemistrz Europy, a w 2022 lider zwyci\u0119skiej dru\u017cyny na mistrzostwach Rallye Rejviz w Czechach.<\/p>\n<p>Odznaczony \u201eMedalem za ofiarno\u015b\u0107 i odwag\u0119\u201d przez Prezydenta RP oraz z\u0142ot\u0105 odznak\u0105 \u201eZas\u0142u\u017cony dla wojew\u00f3dztwa \u015bl\u0105skiego\u201d przez Marsza\u0142ka wojew\u00f3dztwa.<\/p>\n<p><img loading=\"lazy\" decoding=\"async\" class=\" wp-image-3549 aligncenter\" src=\"https:\/\/ratmed.org\/wp-content\/uploads\/2024\/01\/2024-01-25-Zdjecie-Michal-Koszowski-683x1024.jpeg\" alt=\"\" width=\"211\" height=\"316\" srcset=\"https:\/\/ratmed.org\/wp-content\/uploads\/2024\/01\/2024-01-25-Zdjecie-Michal-Koszowski-683x1024.jpeg 683w, https:\/\/ratmed.org\/wp-content\/uploads\/2024\/01\/2024-01-25-Zdjecie-Michal-Koszowski-200x300.jpeg 200w, https:\/\/ratmed.org\/wp-content\/uploads\/2024\/01\/2024-01-25-Zdjecie-Michal-Koszowski.jpeg 703w\" sizes=\"auto, (max-width: 211px) 100vw, 211px\" \/><\/p>\n<p style=\"text-align: center;\"><em><strong>dr n. med. Marcin Koszowski<br \/>\n<\/strong>Cz\u0142onek Rady Naukowej PTRM<strong><br \/>\n<\/strong><\/em><\/p>\n<p>Ratownik medyczny w Powiatowej Stacji Ratownictwa medycznego Powiatu Warszawskiego Zachodniego w B\u0142oniu.<\/p>\n<p>Absolwent kierunku \u201eZarz\u0105dzanie kryzysowe\u201d Szko\u0142y Zarz\u0105dzania Uniwersytetu \u015al\u0105skiego w Katowicach.<\/p>\n<p>Autor artyku\u0142\u00f3w naukowych i wsp\u00f3\u0142autor rozdzia\u0142\u00f3w w podr\u0119cznikach.<\/p>\n<p>Wyk\u0142adowca CM Uniwersytetu Jagiello\u0144skiego.<\/p>\n<p>Wielokrotny uczestnik i s\u0119dzia mistrzostw w ratownictwie medycznym w kraju i za granic\u0105 (Czechy, Litwa, Izrael, USA).<\/p>\n<p><img decoding=\"async\" class=\"aligncenter\" src=\"https:\/\/ratmed.org\/wp-content\/uploads\/2018\/11\/Ireneusz-Szafraniec-2018-200x300.jpg\" \/><\/p>\n<p style=\"text-align: center;\"><em><strong>mgr Ireneusz Szafraniec<\/strong><\/em><br \/>\nCz\u0142onek Rady Naukowej PTRM<\/p>\n<p>Absolwent: Pa\u0144stwowej Wy\u017cszej Szko\u0142y Zawodowej w Nysie \u2013 licencjat z ratownictwa medycznego, Instytutu Zdrowia Publicznego na kierunku Zdrowie Publiczne w zakresie Ratownictwo Medyczne<br \/>\n\u015al\u0105skiego Uniwersytetu Medycznego w Katowicach, Wydzia\u0142u Zdrowia Publicznego na kierunku Zdrowie Publiczne\u2013 magister zdrowia publicznego.<\/p>\n<p>Uko\u0144czy\u0142 studia podyplomowe: Akademia WSB w D\u0105browie G\u00f3rniczej \u2013 MBA w ochronie zdrowia, Wy\u017csza Szko\u0142a Zarz\u0105dzania i Administracji w Opolu, Wydzia\u0142 Ekonomiczny, Studia Podyplomowe w zakresie \u2013 Zarz\u0105dzanie i Administracja w Jednostkach Ochrony Zdrowia, Wy\u017csza Szko\u0142a Zarz\u0105dzania i Administracji w Opolu, Wydzia\u0142 Ekonomiczny, Studia Podyplomowe w Zakresie \u2013 Logistyka i Zarz\u0105dzanie Kryzysowe.<\/p>\n<p>Koordynator zespo\u0142\u00f3w ratownictwa medycznego w ZOZ Nysa.<\/p>\n<p>Wyk\u0142adowca w PWSZ w Nysie w Instytucie Nauk Medycznych na kierunku ratownictwo medyczne. Autor i wsp\u00f3\u0142autor kilkunastu artyku\u0142\u00f3w.<\/p>\n<p><img loading=\"lazy\" decoding=\"async\" class=\"aligncenter\" src=\"https:\/\/ratmed.org\/wp-content\/uploads\/2018\/01\/Piotr-Sz.-%E2%80%94-kopia.jpg\" width=\"193\" height=\"277\" \/><\/p>\n<p style=\"text-align: center;\"><strong><em>mgr Piotr Szwedzi\u0144ski<\/em><\/strong><\/p>\n<p style=\"text-align: center;\">Cz\u0142onek Rady Naukowej PTRM<\/p>\n<p>Absolwent: \u015al\u0105skiego Uniwersytetu Medycznego w Katowicach \u2013 licencjat z ratownictwa medycznego oraz magister zdrowia publicznego.<\/p>\n<p>Uko\u0144czy\u0142 studia podyplomowe: Akademia WSB w D\u0105browie G\u00f3rniczej \u2013 MBA w ochronie zdrowia, Uniwersytet Ekonomiczny w Katowicach \u2013 \u201cZarz\u0105dzanie w ochronie zdrowia\u201d.<\/p>\n<p>Pe\u0142nomocnik dyrektora ds. Ratownictw Medycznego i Organizacji w Rejonowym Pogotowiu Ratunkowym w Sosnowcu. Ratownik Medyczny ZRM w stacji w D\u0105browie G\u00f3rniczej. Wojew\u00f3dzkie Pogotowie Ratunkowe w Katowicach \u2013 zast\u0119pca kierownika stacji Katowice. Zwyci\u0119zca X Mi\u0119dzynarodowych Zimowych Mistrzostw w Ratownictwie Medycznym w Bielsku-Bia\u0142ej w 2015 r.<\/p>\n<p>Wy\u017csza Szko\u0142a Planowania Strategicznego w D\u0105browie G\u00f3rniczej \u2013 prodziekan ds. organizacji i ratownictwa medycznego. Autor i wsp\u00f3\u0142autor kilkunastu artyku\u0142\u00f3w.<\/p>\n","protected":false},"excerpt":{"rendered":"<p>Zarz\u0105d G\u0142\u00f3wny Polskiego Towarzystwa Ratownik\u00f3w Medycznych (PTRM) powo\u0142uje i odwo\u0142uj\u0119 Rad\u0119 Naukow\u0105 Towarzystwa. Rada Naukowa Towarzystwa dzia\u0142a na podstawie regulaminu, [&hellip;]<\/p>\n","protected":false},"author":1,"featured_media":0,"parent":0,"menu_order":0,"comment_status":"closed","ping_status":"closed","template":"","meta":{"footnotes":"","_links_to":"","_links_to_target":""},"class_list":["post-3449","page","type-page","status-publish","hentry"],"yoast_head":"<!-- This site is optimized with the Yoast SEO plugin v27.4 - https:\/\/yoast.com\/product\/yoast-seo-wordpress\/ -->\n<title>Rada Naukowa PTRM -<\/title>\n<meta name=\"robots\" content=\"index, follow, max-snippet:-1, max-image-preview:large, max-video-preview:-1\" \/>\n<link rel=\"canonical\" href=\"https:\/\/ratmed.org\/index.php\/rada-naukowa-ptrm\/\" \/>\n<meta property=\"og:locale\" content=\"pl_PL\" \/>\n<meta property=\"og:type\" content=\"article\" \/>\n<meta property=\"og:title\" content=\"Rada Naukowa PTRM -\" \/>\n<meta property=\"og:description\" content=\"Zarz\u0105d G\u0142\u00f3wny Polskiego Towarzystwa Ratownik\u00f3w Medycznych (PTRM) powo\u0142uje i odwo\u0142uj\u0119 Rad\u0119 Naukow\u0105 Towarzystwa. Rada Naukowa Towarzystwa dzia\u0142a na podstawie regulaminu, [&hellip;]\" \/>\n<meta property=\"og:url\" content=\"https:\/\/ratmed.org\/index.php\/rada-naukowa-ptrm\/\" \/>\n<meta property=\"article:modified_time\" content=\"2024-07-29T18:48:40+00:00\" \/>\n<meta property=\"og:image\" content=\"https:\/\/ratmed.org\/wp-content\/uploads\/2024\/01\/2024-01-11-Zdjecie-Ireneusz-Barziej.jpg\" \/>\n<meta name=\"twitter:card\" content=\"summary_large_image\" \/>\n<meta name=\"twitter:label1\" content=\"Szacowany czas czytania\" \/>\n\t<meta name=\"twitter:data1\" content=\"8 minut\" \/>\n<script type=\"application\/ld+json\" class=\"yoast-schema-graph\">{\"@context\":\"https:\\\/\\\/schema.org\",\"@graph\":[{\"@type\":\"WebPage\",\"@id\":\"https:\\\/\\\/ratmed.org\\\/index.php\\\/rada-naukowa-ptrm\\\/\",\"url\":\"https:\\\/\\\/ratmed.org\\\/index.php\\\/rada-naukowa-ptrm\\\/\",\"name\":\"Rada Naukowa PTRM -\",\"isPartOf\":{\"@id\":\"https:\\\/\\\/ratmed.org\\\/#website\"},\"primaryImageOfPage\":{\"@id\":\"https:\\\/\\\/ratmed.org\\\/index.php\\\/rada-naukowa-ptrm\\\/#primaryimage\"},\"image\":{\"@id\":\"https:\\\/\\\/ratmed.org\\\/index.php\\\/rada-naukowa-ptrm\\\/#primaryimage\"},\"thumbnailUrl\":\"https:\\\/\\\/ratmed.org\\\/wp-content\\\/uploads\\\/2024\\\/01\\\/2024-01-11-Zdjecie-Ireneusz-Barziej.jpg\",\"datePublished\":\"2024-01-12T10:13:32+00:00\",\"dateModified\":\"2024-07-29T18:48:40+00:00\",\"breadcrumb\":{\"@id\":\"https:\\\/\\\/ratmed.org\\\/index.php\\\/rada-naukowa-ptrm\\\/#breadcrumb\"},\"inLanguage\":\"pl-PL\",\"potentialAction\":[{\"@type\":\"ReadAction\",\"target\":[\"https:\\\/\\\/ratmed.org\\\/index.php\\\/rada-naukowa-ptrm\\\/\"]}]},{\"@type\":\"ImageObject\",\"inLanguage\":\"pl-PL\",\"@id\":\"https:\\\/\\\/ratmed.org\\\/index.php\\\/rada-naukowa-ptrm\\\/#primaryimage\",\"url\":\"https:\\\/\\\/ratmed.org\\\/wp-content\\\/uploads\\\/2024\\\/01\\\/2024-01-11-Zdjecie-Ireneusz-Barziej.jpg\",\"contentUrl\":\"https:\\\/\\\/ratmed.org\\\/wp-content\\\/uploads\\\/2024\\\/01\\\/2024-01-11-Zdjecie-Ireneusz-Barziej.jpg\",\"width\":355,\"height\":474},{\"@type\":\"BreadcrumbList\",\"@id\":\"https:\\\/\\\/ratmed.org\\\/index.php\\\/rada-naukowa-ptrm\\\/#breadcrumb\",\"itemListElement\":[{\"@type\":\"ListItem\",\"position\":1,\"name\":\"Strona g\u0142\u00f3wna\",\"item\":\"https:\\\/\\\/ratmed.org\\\/\"},{\"@type\":\"ListItem\",\"position\":2,\"name\":\"Rada Naukowa PTRM\"}]},{\"@type\":\"WebSite\",\"@id\":\"https:\\\/\\\/ratmed.org\\\/#website\",\"url\":\"https:\\\/\\\/ratmed.org\\\/\",\"name\":\"\",\"description\":\"Polskie Towarzystwo Ratownik\u00f3w Medycznych\",\"potentialAction\":[{\"@type\":\"SearchAction\",\"target\":{\"@type\":\"EntryPoint\",\"urlTemplate\":\"https:\\\/\\\/ratmed.org\\\/?s={search_term_string}\"},\"query-input\":{\"@type\":\"PropertyValueSpecification\",\"valueRequired\":true,\"valueName\":\"search_term_string\"}}],\"inLanguage\":\"pl-PL\"}]}<\/script>\n<!-- \/ Yoast SEO plugin. -->","yoast_head_json":{"title":"Rada Naukowa PTRM -","robots":{"index":"index","follow":"follow","max-snippet":"max-snippet:-1","max-image-preview":"max-image-preview:large","max-video-preview":"max-video-preview:-1"},"canonical":"https:\/\/ratmed.org\/index.php\/rada-naukowa-ptrm\/","og_locale":"pl_PL","og_type":"article","og_title":"Rada Naukowa PTRM -","og_description":"Zarz\u0105d G\u0142\u00f3wny Polskiego Towarzystwa Ratownik\u00f3w Medycznych (PTRM) powo\u0142uje i odwo\u0142uj\u0119 Rad\u0119 Naukow\u0105 Towarzystwa. Rada Naukowa Towarzystwa dzia\u0142a na podstawie regulaminu, [&hellip;]","og_url":"https:\/\/ratmed.org\/index.php\/rada-naukowa-ptrm\/","article_modified_time":"2024-07-29T18:48:40+00:00","og_image":[{"url":"https:\/\/ratmed.org\/wp-content\/uploads\/2024\/01\/2024-01-11-Zdjecie-Ireneusz-Barziej.jpg","type":"","width":"","height":""}],"twitter_card":"summary_large_image","twitter_misc":{"Szacowany czas czytania":"8 minut"},"schema":{"@context":"https:\/\/schema.org","@graph":[{"@type":"WebPage","@id":"https:\/\/ratmed.org\/index.php\/rada-naukowa-ptrm\/","url":"https:\/\/ratmed.org\/index.php\/rada-naukowa-ptrm\/","name":"Rada Naukowa PTRM -","isPartOf":{"@id":"https:\/\/ratmed.org\/#website"},"primaryImageOfPage":{"@id":"https:\/\/ratmed.org\/index.php\/rada-naukowa-ptrm\/#primaryimage"},"image":{"@id":"https:\/\/ratmed.org\/index.php\/rada-naukowa-ptrm\/#primaryimage"},"thumbnailUrl":"https:\/\/ratmed.org\/wp-content\/uploads\/2024\/01\/2024-01-11-Zdjecie-Ireneusz-Barziej.jpg","datePublished":"2024-01-12T10:13:32+00:00","dateModified":"2024-07-29T18:48:40+00:00","breadcrumb":{"@id":"https:\/\/ratmed.org\/index.php\/rada-naukowa-ptrm\/#breadcrumb"},"inLanguage":"pl-PL","potentialAction":[{"@type":"ReadAction","target":["https:\/\/ratmed.org\/index.php\/rada-naukowa-ptrm\/"]}]},{"@type":"ImageObject","inLanguage":"pl-PL","@id":"https:\/\/ratmed.org\/index.php\/rada-naukowa-ptrm\/#primaryimage","url":"https:\/\/ratmed.org\/wp-content\/uploads\/2024\/01\/2024-01-11-Zdjecie-Ireneusz-Barziej.jpg","contentUrl":"https:\/\/ratmed.org\/wp-content\/uploads\/2024\/01\/2024-01-11-Zdjecie-Ireneusz-Barziej.jpg","width":355,"height":474},{"@type":"BreadcrumbList","@id":"https:\/\/ratmed.org\/index.php\/rada-naukowa-ptrm\/#breadcrumb","itemListElement":[{"@type":"ListItem","position":1,"name":"Strona g\u0142\u00f3wna","item":"https:\/\/ratmed.org\/"},{"@type":"ListItem","position":2,"name":"Rada Naukowa PTRM"}]},{"@type":"WebSite","@id":"https:\/\/ratmed.org\/#website","url":"https:\/\/ratmed.org\/","name":"","description":"Polskie Towarzystwo Ratownik\u00f3w Medycznych","potentialAction":[{"@type":"SearchAction","target":{"@type":"EntryPoint","urlTemplate":"https:\/\/ratmed.org\/?s={search_term_string}"},"query-input":{"@type":"PropertyValueSpecification","valueRequired":true,"valueName":"search_term_string"}}],"inLanguage":"pl-PL"}]}},"_links":{"self":[{"href":"https:\/\/ratmed.org\/index.php\/wp-json\/wp\/v2\/pages\/3449","targetHints":{"allow":["GET"]}}],"collection":[{"href":"https:\/\/ratmed.org\/index.php\/wp-json\/wp\/v2\/pages"}],"about":[{"href":"https:\/\/ratmed.org\/index.php\/wp-json\/wp\/v2\/types\/page"}],"author":[{"embeddable":true,"href":"https:\/\/ratmed.org\/index.php\/wp-json\/wp\/v2\/users\/1"}],"replies":[{"embeddable":true,"href":"https:\/\/ratmed.org\/index.php\/wp-json\/wp\/v2\/comments?post=3449"}],"version-history":[{"count":5,"href":"https:\/\/ratmed.org\/index.php\/wp-json\/wp\/v2\/pages\/3449\/revisions"}],"predecessor-version":[{"id":3995,"href":"https:\/\/ratmed.org\/index.php\/wp-json\/wp\/v2\/pages\/3449\/revisions\/3995"}],"wp:attachment":[{"href":"https:\/\/ratmed.org\/index.php\/wp-json\/wp\/v2\/media?parent=3449"}],"curies":[{"name":"wp","href":"https:\/\/api.w.org\/{rel}","templated":true}]}}