{"id":3538,"date":"2024-01-23T10:08:41","date_gmt":"2024-01-23T09:08:41","guid":{"rendered":"https:\/\/ratmed.org\/?page_id=3538"},"modified":"2024-01-23T10:08:41","modified_gmt":"2024-01-23T09:08:41","slug":"rzecznik-etyki-zawodowej-ratownikow-medycznych-ptrm","status":"publish","type":"page","link":"https:\/\/ratmed.org\/index.php\/rzecznik-etyki-zawodowej-ratownikow-medycznych-ptrm\/","title":{"rendered":"Rzecznik Etyki Zawodowej Ratownik\u00f3w Medycznych PTRM"},"content":{"rendered":"<p>Wyb\u00f3r <strong>Rzecznika Etyki Zawodowej Ratownik\u00f3w Medycznych Polskiego Towarzystwa Ratownik\u00f3w Medycznych<\/strong>\u00a0nale\u017cy do uprawnie\u0144 zwyczajnego Walnego Zebrania Cz\u0142onk\u00f3w Towarzystwa. Wyb\u00f3r jest dokonywany w g\u0142osowaniu tajnym. W przypadku nie wybrania przez Walne Zebranie Cz\u0142onk\u00f3w Towarzystwa, osoby na funkcj\u0119 Rzecznika Etyki Zawodowej Ratownik\u00f3w Medycznych, na wniosek Prezesa, Zarz\u0105d G\u0142\u00f3wny Towarzystwa mo\u017ce w drodze uchwa\u0142y powierzy\u0107 pe\u0142nienie takiej funkcji wskazanej osobie, na czas do najbli\u017cszego Walnego Zebrania Cz\u0142onk\u00f3w Towarzystwa. Tryb taki dotyczy r\u00f3wnie\u017c sytuacji rezygnacji lub odwo\u0142ania osoby z takiej funkcji.<\/p>\n<p>Rzecznik Etyki Zawodowej Ratownik\u00f3w Medycznych Polskiego Towarzystwa Ratownik\u00f3w Medycznych wchodzi z g\u0142osem doradczym w sk\u0142ad Zarz\u0105du G\u0142\u00f3wnego Towarzystwa.<\/p>\n<p>W uzasadnionych przypadkach mo\u017cna \u0142\u0105czy\u0107 funkcje Prezesa Elekta lub Past Prezesa z funkcj\u0105: Rzecznika Etyki Zawodowej Ratownik\u00f3w Medycznych, Krajowego Eksperta do spraw ratownictwa medycznego lub Rzecznika Prasowego.<\/p>\n<p><strong>Rzecznikiem Etyki Zawodowej Ratownik\u00f3w Medycznych mo\u017ce by\u0107 osoba, kt\u00f3ra<\/strong>:<\/p>\n<ul>\n<li>jest cz\u0142onkiem Polskiego Towarzystwa Ratownik\u00f3w Medycznych;<\/li>\n<li>posiada wa\u017cny zaw\u00f3d ratownika medycznego;<\/li>\n<li>posiada, co najmniej wykszta\u0142cenie wy\u017csze magisterskie w dziedzinie zwi\u0105zanej z ochron\u0105 zdrowia;<\/li>\n<li>posiada, co najmniej 5 letni sta\u017c pracy w zawodzie ratownika medycznego potwierdzony z\u0142o\u017conym o\u015bwiadczeniem;<\/li>\n<li>daje r\u0119kojmi\u0119 nale\u017cytego sprawowania tej funkcji.<\/li>\n<\/ul>\n<p><strong>Kadencja<\/strong> Rzecznika Etyki Zawodowej Ratownik\u00f3w Medycznych trwa 5 lat.<\/p>\n<p><strong>Odwo\u0142ani<\/strong>e z funkcji Rzecznika Etyki Zawodowej Ratownik\u00f3w Medycznych Polskiego Towarzystwa Ratownik\u00f3w Medycznych przed up\u0142ywem jego kadencji, na kt\u00f3r\u0105 zosta\u0142 wybrany, mo\u017ce nast\u0105pi\u0107 w g\u0142osowaniu na wniosek uchwa\u0142y Zarz\u0105du G\u0142\u00f3wnego Towarzystwa lub co najmniej 25 Cz\u0142onk\u00f3w Zwyczajnych lub\/i Honorowych &#8211; z\u0142o\u017cony do Walnego Zebrania Cz\u0142onk\u00f3w Towarzystwa.<\/p>\n<p>Uchwa\u0142\u0119 o odwo\u0142aniu Rzecznika Etyki Zawodowej Ratownik\u00f3w Medycznych Polskiego Towarzystwa Ratownik\u00f3w Medycznych przed up\u0142ywem jego kadencji podejmuje si\u0119 bezwzgl\u0119dn\u0105 wi\u0119kszo\u015bci\u0105 g\u0142os\u00f3w (liczba os\u00f3b g\u0142osuj\u0105cych stanowi, co najmniej po\u0142ow\u0119 + 1 liczby uprawnionych Cz\u0142onk\u00f3w obecnych na Walnym Zebraniu Cz\u0142onk\u00f3w Towarzystwa odnotowanych na li\u015bcie obecno\u015bci).<\/p>\n<p><strong>Zadaniem<\/strong> Rzecznika Etyki Zawodowej Ratownik\u00f3w Medycznych Polskiego Towarzystwa Ratownik\u00f3w Medycznych jest:<\/p>\n<ul>\n<li>podejmowanie dzia\u0142a\u0144 w kierunku propagowania etycznego wykonywania zawodu ratownika medycznego przez \u015brodowisko ratownik\u00f3w medycznych;<\/li>\n<li>zajmowanie stanowiska w sprawach budz\u0105cych w\u0105tpliwo\u015bci, co do etycznego zachowania si\u0119 ratownik\u00f3w medycznych podczas wykonywania zawodu ratownika medycznego;<\/li>\n<li>podejmowanie inicjatyw lub branie udzia\u0142u w procesach legislacyjnych akt\u00f3w prawnych zwi\u0105zanych z wykonywaniem zawodu ratownika medycznego;<\/li>\n<li>kierowanie do S\u0105du Kole\u017ce\u0144skiego wniosk\u00f3w w przypadku stwierdzenia naruszenia zasad, o kt\u00f3rych mowa w \u00a7 15 ust. 3 Statutu PTRM przez Cz\u0142onka Towarzystwa.<\/li>\n<\/ul>\n<p>Obecnie funkcj\u0119 Rzecznika Etyki Zawodowej Ratownik\u00f3w Medycznych w Polskim Towarzystwie Ratownik\u00f3w Medycznych pe\u0142ni Pan <strong><em>Micha\u0142 <\/em><em>Rupi<\/em><em>k.<\/em><\/strong><\/p>\n<p><img loading=\"lazy\" decoding=\"async\" class=\" wp-image-3539 aligncenter\" src=\"https:\/\/ratmed.org\/wp-content\/uploads\/2024\/01\/2024-01-23-Michal-Rupik-683x1024.jpg\" alt=\"\" width=\"217\" height=\"326\" srcset=\"https:\/\/ratmed.org\/wp-content\/uploads\/2024\/01\/2024-01-23-Michal-Rupik-683x1024.jpg 683w, https:\/\/ratmed.org\/wp-content\/uploads\/2024\/01\/2024-01-23-Michal-Rupik-200x300.jpg 200w, https:\/\/ratmed.org\/wp-content\/uploads\/2024\/01\/2024-01-23-Michal-Rupik-768x1152.jpg 768w, https:\/\/ratmed.org\/wp-content\/uploads\/2024\/01\/2024-01-23-Michal-Rupik-1024x1536.jpg 1024w, https:\/\/ratmed.org\/wp-content\/uploads\/2024\/01\/2024-01-23-Michal-Rupik-1365x2048.jpg 1365w, https:\/\/ratmed.org\/wp-content\/uploads\/2024\/01\/2024-01-23-Michal-Rupik-scaled.jpg 1706w\" sizes=\"auto, (max-width: 217px) 100vw, 217px\" \/><\/p>\n<p style=\"text-align: center;\"><strong><em>P<\/em><em>an Micha\u0142 Rupik<br \/>\nRzecznik Etyki Zawodowej Ratownik\u00f3w Medycznych<br \/>\nPolskiego Towarzystwa Ratownik\u00f3w Medycznych<\/em><\/strong><\/p>\n<p>Od 1992 roku zwi\u0105zany z ratownictwem medycznym. Czynny zawodowo ratownik medyczny, obecnie pracuj\u0105cy na stanowisku Wojew\u00f3dzkiego Koordynatora Ratownictwa Medycznego w \u015al\u0105skim Urz\u0119dzie Wojew\u00f3dzkim oraz jako ratownik medyczny w zespole ratownictwa medycznego.<\/p>\n<p>Pracowa\u0142 r\u00f3wnie\u017c na stanowiskach: dyspozytora medycznego, dyspozytora transportu sanitarnego i\u00a0ratownika medycznego w zespole transportu medycznego. W latach 2003-2021 pe\u0142ni\u0142 funkcje kierownicze w Wojew\u00f3dzkim Pogotowiu Ratunkowym w Katowicach. Posiada du\u017ce do\u015bwiadczenie samorz\u0105dowe, radny rady miejskiej Miko\u0142owa od 2006 roku. Audytor wewn\u0119trzny systemu ISO w latach 2010-2018.<\/p>\n<p>W 1995 roku uzyska\u0142 tytu\u0142 zawodowy ratownika medycznego w Zespole Szk\u00f3\u0142 Medycznych w\u00a0Katowicach. W kolejnych latach uko\u0144czy\u0142 studia na Wydziale Ekonomiczno-In\u017cynieryjnym, Wy\u017cszej Szko\u0142y Zarz\u0105dzania Marketingowego i J\u0119zyk\u00f3w Obcych w Katowicach na kierunkach: zarz\u0105dzania firm\u0105 na rynkach krajowych i zagranicznych oraz zarz\u0105dzania kadrami. Uko\u0144czy\u0142 studia podyplomowe na Wydziale Nauk o Zdrowiu Uniwersytetu Jagiello\u0144skiego w Krakowie \u2013 zarz\u0105dzanie jednostkami opieki zdrowotnej.<\/p>\n<p>Informacja o dost\u0119pnych formach kontaktu z Rzecznikiem Etyki Zawodowej Polskiego Towarzystwa Ratownik\u00f3w Medycznych jest dost\u0119pna w zak\u0142adce: \u201c<a href=\"https:\/\/ratmed.org\/index.php\/contact\/\"><em><strong>Kontakt<\/strong><\/em><\/a>\u201c.<\/p>\n","protected":false},"excerpt":{"rendered":"<p>Wyb\u00f3r Rzecznika Etyki Zawodowej Ratownik\u00f3w Medycznych Polskiego Towarzystwa Ratownik\u00f3w Medycznych\u00a0nale\u017cy do uprawnie\u0144 zwyczajnego Walnego Zebrania Cz\u0142onk\u00f3w Towarzystwa. Wyb\u00f3r jest dokonywany [&hellip;]<\/p>\n","protected":false},"author":1,"featured_media":0,"parent":0,"menu_order":0,"comment_status":"closed","ping_status":"closed","template":"","meta":{"footnotes":"","_links_to":"","_links_to_target":""},"class_list":["post-3538","page","type-page","status-publish","hentry"],"yoast_head":"<!-- This site is optimized with the Yoast SEO plugin v27.4 - https:\/\/yoast.com\/product\/yoast-seo-wordpress\/ -->\n<title>Rzecznik Etyki Zawodowej Ratownik\u00f3w Medycznych PTRM -<\/title>\n<meta name=\"robots\" content=\"index, follow, max-snippet:-1, max-image-preview:large, max-video-preview:-1\" \/>\n<link rel=\"canonical\" href=\"https:\/\/ratmed.org\/index.php\/rzecznik-etyki-zawodowej-ratownikow-medycznych-ptrm\/\" \/>\n<meta property=\"og:locale\" content=\"pl_PL\" \/>\n<meta property=\"og:type\" content=\"article\" \/>\n<meta property=\"og:title\" content=\"Rzecznik Etyki Zawodowej Ratownik\u00f3w Medycznych PTRM -\" \/>\n<meta property=\"og:description\" content=\"Wyb\u00f3r Rzecznika Etyki Zawodowej Ratownik\u00f3w Medycznych Polskiego Towarzystwa Ratownik\u00f3w Medycznych\u00a0nale\u017cy do uprawnie\u0144 zwyczajnego Walnego Zebrania Cz\u0142onk\u00f3w Towarzystwa. Wyb\u00f3r jest dokonywany [&hellip;]\" \/>\n<meta property=\"og:url\" content=\"https:\/\/ratmed.org\/index.php\/rzecznik-etyki-zawodowej-ratownikow-medycznych-ptrm\/\" \/>\n<meta property=\"og:image\" content=\"https:\/\/ratmed.org\/wp-content\/uploads\/2024\/01\/2024-01-23-Michal-Rupik-683x1024.jpg\" \/>\n<meta name=\"twitter:card\" content=\"summary_large_image\" \/>\n<meta name=\"twitter:label1\" content=\"Szacowany czas czytania\" \/>\n\t<meta name=\"twitter:data1\" content=\"4 minuty\" \/>\n<script type=\"application\/ld+json\" class=\"yoast-schema-graph\">{\"@context\":\"https:\\\/\\\/schema.org\",\"@graph\":[{\"@type\":\"WebPage\",\"@id\":\"https:\\\/\\\/ratmed.org\\\/index.php\\\/rzecznik-etyki-zawodowej-ratownikow-medycznych-ptrm\\\/\",\"url\":\"https:\\\/\\\/ratmed.org\\\/index.php\\\/rzecznik-etyki-zawodowej-ratownikow-medycznych-ptrm\\\/\",\"name\":\"Rzecznik Etyki Zawodowej Ratownik\u00f3w Medycznych PTRM -\",\"isPartOf\":{\"@id\":\"https:\\\/\\\/ratmed.org\\\/#website\"},\"primaryImageOfPage\":{\"@id\":\"https:\\\/\\\/ratmed.org\\\/index.php\\\/rzecznik-etyki-zawodowej-ratownikow-medycznych-ptrm\\\/#primaryimage\"},\"image\":{\"@id\":\"https:\\\/\\\/ratmed.org\\\/index.php\\\/rzecznik-etyki-zawodowej-ratownikow-medycznych-ptrm\\\/#primaryimage\"},\"thumbnailUrl\":\"https:\\\/\\\/ratmed.org\\\/wp-content\\\/uploads\\\/2024\\\/01\\\/2024-01-23-Michal-Rupik-683x1024.jpg\",\"datePublished\":\"2024-01-23T09:08:41+00:00\",\"breadcrumb\":{\"@id\":\"https:\\\/\\\/ratmed.org\\\/index.php\\\/rzecznik-etyki-zawodowej-ratownikow-medycznych-ptrm\\\/#breadcrumb\"},\"inLanguage\":\"pl-PL\",\"potentialAction\":[{\"@type\":\"ReadAction\",\"target\":[\"https:\\\/\\\/ratmed.org\\\/index.php\\\/rzecznik-etyki-zawodowej-ratownikow-medycznych-ptrm\\\/\"]}]},{\"@type\":\"ImageObject\",\"inLanguage\":\"pl-PL\",\"@id\":\"https:\\\/\\\/ratmed.org\\\/index.php\\\/rzecznik-etyki-zawodowej-ratownikow-medycznych-ptrm\\\/#primaryimage\",\"url\":\"https:\\\/\\\/ratmed.org\\\/wp-content\\\/uploads\\\/2024\\\/01\\\/2024-01-23-Michal-Rupik-scaled.jpg\",\"contentUrl\":\"https:\\\/\\\/ratmed.org\\\/wp-content\\\/uploads\\\/2024\\\/01\\\/2024-01-23-Michal-Rupik-scaled.jpg\",\"width\":1706,\"height\":2560},{\"@type\":\"BreadcrumbList\",\"@id\":\"https:\\\/\\\/ratmed.org\\\/index.php\\\/rzecznik-etyki-zawodowej-ratownikow-medycznych-ptrm\\\/#breadcrumb\",\"itemListElement\":[{\"@type\":\"ListItem\",\"position\":1,\"name\":\"Strona g\u0142\u00f3wna\",\"item\":\"https:\\\/\\\/ratmed.org\\\/\"},{\"@type\":\"ListItem\",\"position\":2,\"name\":\"Rzecznik Etyki Zawodowej Ratownik\u00f3w Medycznych PTRM\"}]},{\"@type\":\"WebSite\",\"@id\":\"https:\\\/\\\/ratmed.org\\\/#website\",\"url\":\"https:\\\/\\\/ratmed.org\\\/\",\"name\":\"\",\"description\":\"Polskie Towarzystwo Ratownik\u00f3w Medycznych\",\"potentialAction\":[{\"@type\":\"SearchAction\",\"target\":{\"@type\":\"EntryPoint\",\"urlTemplate\":\"https:\\\/\\\/ratmed.org\\\/?s={search_term_string}\"},\"query-input\":{\"@type\":\"PropertyValueSpecification\",\"valueRequired\":true,\"valueName\":\"search_term_string\"}}],\"inLanguage\":\"pl-PL\"}]}<\/script>\n<!-- \/ Yoast SEO plugin. -->","yoast_head_json":{"title":"Rzecznik Etyki Zawodowej Ratownik\u00f3w Medycznych PTRM -","robots":{"index":"index","follow":"follow","max-snippet":"max-snippet:-1","max-image-preview":"max-image-preview:large","max-video-preview":"max-video-preview:-1"},"canonical":"https:\/\/ratmed.org\/index.php\/rzecznik-etyki-zawodowej-ratownikow-medycznych-ptrm\/","og_locale":"pl_PL","og_type":"article","og_title":"Rzecznik Etyki Zawodowej Ratownik\u00f3w Medycznych PTRM -","og_description":"Wyb\u00f3r Rzecznika Etyki Zawodowej Ratownik\u00f3w Medycznych Polskiego Towarzystwa Ratownik\u00f3w Medycznych\u00a0nale\u017cy do uprawnie\u0144 zwyczajnego Walnego Zebrania Cz\u0142onk\u00f3w Towarzystwa. Wyb\u00f3r jest dokonywany [&hellip;]","og_url":"https:\/\/ratmed.org\/index.php\/rzecznik-etyki-zawodowej-ratownikow-medycznych-ptrm\/","og_image":[{"url":"https:\/\/ratmed.org\/wp-content\/uploads\/2024\/01\/2024-01-23-Michal-Rupik-683x1024.jpg","type":"","width":"","height":""}],"twitter_card":"summary_large_image","twitter_misc":{"Szacowany czas czytania":"4 minuty"},"schema":{"@context":"https:\/\/schema.org","@graph":[{"@type":"WebPage","@id":"https:\/\/ratmed.org\/index.php\/rzecznik-etyki-zawodowej-ratownikow-medycznych-ptrm\/","url":"https:\/\/ratmed.org\/index.php\/rzecznik-etyki-zawodowej-ratownikow-medycznych-ptrm\/","name":"Rzecznik Etyki Zawodowej Ratownik\u00f3w Medycznych PTRM -","isPartOf":{"@id":"https:\/\/ratmed.org\/#website"},"primaryImageOfPage":{"@id":"https:\/\/ratmed.org\/index.php\/rzecznik-etyki-zawodowej-ratownikow-medycznych-ptrm\/#primaryimage"},"image":{"@id":"https:\/\/ratmed.org\/index.php\/rzecznik-etyki-zawodowej-ratownikow-medycznych-ptrm\/#primaryimage"},"thumbnailUrl":"https:\/\/ratmed.org\/wp-content\/uploads\/2024\/01\/2024-01-23-Michal-Rupik-683x1024.jpg","datePublished":"2024-01-23T09:08:41+00:00","breadcrumb":{"@id":"https:\/\/ratmed.org\/index.php\/rzecznik-etyki-zawodowej-ratownikow-medycznych-ptrm\/#breadcrumb"},"inLanguage":"pl-PL","potentialAction":[{"@type":"ReadAction","target":["https:\/\/ratmed.org\/index.php\/rzecznik-etyki-zawodowej-ratownikow-medycznych-ptrm\/"]}]},{"@type":"ImageObject","inLanguage":"pl-PL","@id":"https:\/\/ratmed.org\/index.php\/rzecznik-etyki-zawodowej-ratownikow-medycznych-ptrm\/#primaryimage","url":"https:\/\/ratmed.org\/wp-content\/uploads\/2024\/01\/2024-01-23-Michal-Rupik-scaled.jpg","contentUrl":"https:\/\/ratmed.org\/wp-content\/uploads\/2024\/01\/2024-01-23-Michal-Rupik-scaled.jpg","width":1706,"height":2560},{"@type":"BreadcrumbList","@id":"https:\/\/ratmed.org\/index.php\/rzecznik-etyki-zawodowej-ratownikow-medycznych-ptrm\/#breadcrumb","itemListElement":[{"@type":"ListItem","position":1,"name":"Strona g\u0142\u00f3wna","item":"https:\/\/ratmed.org\/"},{"@type":"ListItem","position":2,"name":"Rzecznik Etyki Zawodowej Ratownik\u00f3w Medycznych PTRM"}]},{"@type":"WebSite","@id":"https:\/\/ratmed.org\/#website","url":"https:\/\/ratmed.org\/","name":"","description":"Polskie Towarzystwo Ratownik\u00f3w Medycznych","potentialAction":[{"@type":"SearchAction","target":{"@type":"EntryPoint","urlTemplate":"https:\/\/ratmed.org\/?s={search_term_string}"},"query-input":{"@type":"PropertyValueSpecification","valueRequired":true,"valueName":"search_term_string"}}],"inLanguage":"pl-PL"}]}},"_links":{"self":[{"href":"https:\/\/ratmed.org\/index.php\/wp-json\/wp\/v2\/pages\/3538","targetHints":{"allow":["GET"]}}],"collection":[{"href":"https:\/\/ratmed.org\/index.php\/wp-json\/wp\/v2\/pages"}],"about":[{"href":"https:\/\/ratmed.org\/index.php\/wp-json\/wp\/v2\/types\/page"}],"author":[{"embeddable":true,"href":"https:\/\/ratmed.org\/index.php\/wp-json\/wp\/v2\/users\/1"}],"replies":[{"embeddable":true,"href":"https:\/\/ratmed.org\/index.php\/wp-json\/wp\/v2\/comments?post=3538"}],"version-history":[{"count":2,"href":"https:\/\/ratmed.org\/index.php\/wp-json\/wp\/v2\/pages\/3538\/revisions"}],"predecessor-version":[{"id":3541,"href":"https:\/\/ratmed.org\/index.php\/wp-json\/wp\/v2\/pages\/3538\/revisions\/3541"}],"wp:attachment":[{"href":"https:\/\/ratmed.org\/index.php\/wp-json\/wp\/v2\/media?parent=3538"}],"curies":[{"name":"wp","href":"https:\/\/api.w.org\/{rel}","templated":true}]}}