{"id":3608,"date":"2024-02-09T15:29:57","date_gmt":"2024-02-09T14:29:57","guid":{"rendered":"https:\/\/ratmed.org\/?page_id=3608"},"modified":"2024-02-19T10:19:58","modified_gmt":"2024-02-19T09:19:58","slug":"polskie-korpus-ratownictwa-medycznego","status":"publish","type":"page","link":"https:\/\/ratmed.org\/index.php\/polskie-korpus-ratownictwa-medycznego\/","title":{"rendered":"Polski Korpus Ratownictwa Medycznego"},"content":{"rendered":"<p>Zarz\u0105d G\u0142\u00f3wny Polskiego Towarzystwa Ratownik\u00f3w Medycznych na podstawie \u00a729 ust. 14 w drodze uchwa\u0142y nr 12\/2020 z dnia 27 czerwca 2020 r. powo\u0142a\u0142 do \u017cycia Polski Korpus Ratownictwa Medycznego.<\/p>\n<p><img loading=\"lazy\" decoding=\"async\" class=\"alignnone size-full wp-image-1767 aligncenter\" src=\"https:\/\/ratmed.org\/wp-content\/uploads\/2020\/04\/200x222_PKRM_Logo.jpg\" alt=\"\" width=\"200\" height=\"222\" \/><\/p>\n<p style=\"text-align: center;\"><img loading=\"lazy\" decoding=\"async\" class=\"size-large wp-image-3681 aligncenter\" src=\"https:\/\/ratmed.org\/wp-content\/uploads\/2024\/02\/2020-06-27-Uchwala-PTRM-12-2020-w-spr.-powolania-Korpusu-739x1024.jpg\" alt=\"\" width=\"739\" height=\"1024\" srcset=\"https:\/\/ratmed.org\/wp-content\/uploads\/2024\/02\/2020-06-27-Uchwala-PTRM-12-2020-w-spr.-powolania-Korpusu-739x1024.jpg 739w, https:\/\/ratmed.org\/wp-content\/uploads\/2024\/02\/2020-06-27-Uchwala-PTRM-12-2020-w-spr.-powolania-Korpusu-216x300.jpg 216w, https:\/\/ratmed.org\/wp-content\/uploads\/2024\/02\/2020-06-27-Uchwala-PTRM-12-2020-w-spr.-powolania-Korpusu-768x1064.jpg 768w, https:\/\/ratmed.org\/wp-content\/uploads\/2024\/02\/2020-06-27-Uchwala-PTRM-12-2020-w-spr.-powolania-Korpusu-1108x1536.jpg 1108w, https:\/\/ratmed.org\/wp-content\/uploads\/2024\/02\/2020-06-27-Uchwala-PTRM-12-2020-w-spr.-powolania-Korpusu-1478x2048.jpg 1478w, https:\/\/ratmed.org\/wp-content\/uploads\/2024\/02\/2020-06-27-Uchwala-PTRM-12-2020-w-spr.-powolania-Korpusu-scaled.jpg 1847w\" sizes=\"auto, (max-width: 739px) 100vw, 739px\" \/><br \/>\n<strong><em>Uchwa\u0142a Zarz\u0105du PTRM w sprawie powo\u0142ania Polskiego Korpusu Ratownictwa Medycznego.<\/em><\/strong><\/p>\n<p>Polski Korpus Ratownictwa Medycznego jest jednostk\u0105 organizacyjn\u0105 Polskiego Towarzystwa Ratownik\u00f3w Medycznych, nie posiada osobowo\u015bci prawnej i podlega Zarz\u0105dowi G\u0142\u00f3wnemu Towarzystwa.<\/p>\n<p><strong>Polski Korpus Ratownictwa Medycznego zosta\u0142 powo\u0142any w celu podejmowania dzia\u0142a\u0144 w zakresi<\/strong>e:<\/p>\n<ul style=\"list-style-type: disc;\">\n<li>misji medycznych;<\/li>\n<li>akcji zdrowotnych;<\/li>\n<li>dzia\u0142a\u0144 ratowniczych;<\/li>\n<li>wsparcia lub podejmowania dzia\u0142a\u0144 medycznych;<\/li>\n<li>udzielania \u015bwiadcze\u0144 zdrowotnych;<\/li>\n<li>edukacji.<\/li>\n<\/ul>\n<p>Korpus dzia\u0142a na podstawie regulaminu, kt\u00f3ry podlega zatwierdzeniu przez Zarz\u0105d G\u0142\u00f3wny Polskiego Towarzystwa Ratownik\u00f3w Medycznych i musi zosta\u0107 powo\u0142any w drodze uchwa\u0142y.<\/p>\n<p>Korpusem dowodzi Komendant, kt\u00f3ry zostaje powo\u0142any w drodze uchwa\u0142y Zarz\u0105du G\u0142\u00f3wnego Polskiego Towarzystwa Ratownik\u00f3w Medycznych na wniosek Prezesa.<\/p>\n<p><strong>Do obowi\u0105zk\u00f3w Komendanta nale\u017cy<\/strong>:<\/p>\n<ul style=\"list-style-type: disc;\">\n<li>podejmowanie dzia\u0142a\u0144, kt\u00f3re prowadz\u0105 do realizacji cel\u00f3w utworzenia Polskiego Korpusu Ratownictwa Medycznego;<\/li>\n<li>budowanie kadry;<\/li>\n<li>pozyskiwanie \u015brodk\u00f3w finansowych w celu sprawnego funkcjonowania Korpusu;<\/li>\n<li>prowadzenie dzia\u0142a\u0144 informacyjnych dotycz\u0105cych dzia\u0142alno\u015bci Korpusu;<\/li>\n<li>zarz\u0105dzanie dzia\u0142alno\u015bci\u0105 Korpusu;<\/li>\n<li>dbania o dobre imi\u0119 Polskiego Towarzystwa Ratownik\u00f3w Medycznych i Korpusu.<\/li>\n<\/ul>\n<p>Pierwszym Komendantem Polskiego Korpusu Ratownictwa Medycznego zosta\u0142 powo\u0142any Pan Piotr Taraszko, kt\u00f3ry pe\u0142ni\u0142 swoj\u0105 funkcj\u0119 do dnia 4 marca 2022 r.<br \/>\nDrugim i obecnym Komendantem Polskiego Korpusu Ratownictwa Medycznego w drodze uchwa\u0142y nr 2\/2022 Zarz\u0105du G\u0142\u00f3wnego Polskiego Towarzystwa Ratownik\u00f3w Medycznych z dnia 4 marca 2022 roku zosta\u0142 powo\u0142any Pan Andrzej Wojnarowski.<\/p>\n<p><img loading=\"lazy\" decoding=\"async\" class=\"wp-image-3612 size-full aligncenter\" src=\"https:\/\/ratmed.org\/wp-content\/uploads\/2024\/02\/2024-02-09-Zdjecie-Andrzej-Wojnarowski-1.jpeg\" alt=\"\" width=\"239\" height=\"290\" \/><\/p>\n<p style=\"text-align: center;\"><em><strong>mgr Andrzej Wojnarowski<\/strong><\/em> &#8211; <em>Komendant Polskiego Korpusu Ratownictwa Medycznego<\/em><\/p>\n<p style=\"text-align: center;\"><strong>Wykszta\u0142cenie<\/strong>:<br \/>\nLiceum Medyczne w Brzegu \u2013 piel\u0119gniarz dyplomowany<br \/>\nPa\u0144stwowa Wy\u017csza Szko\u0142a Zawodowa w Nysie \u2013 licencjat z ratownictwa medycznego<\/p>\n<p style=\"text-align: center;\"><strong>Studia podyplomowe<\/strong>:<br \/>\nWy\u017csza Szko\u0142a Zarz\u0105dzania i Administracji w Opolu \u2013 \u201cZarz\u0105dzanie w s\u0142u\u017cbie zdrowia\u201d<\/p>\n<p style=\"text-align: center;\"><strong>Do\u015bwiadczenie zawodowe<\/strong>:<br \/>\nBrzeskie Centrum Medyczne \u2013 piel\u0119gniarz, kierownik izby przyj\u0119\u0107, ratownik medyczny koordynuj\u0105cy w dziale ratownictwa medycznego<br \/>\nPogotowie Ratunkowe we Wroc\u0142awiu \u2013 ratownik medyczny \u2013 kierowca<br \/>\nZOZ w O\u0142awie (SOR) \u2013 ratownik medyczny<br \/>\nNauczyciel w Policealnym Studium Medycznym KADRA we Wroc\u0142awiu oraz Zespole Szk\u00f3\u0142 Medycznych w Brzegu<br \/>\nOkr\u0119gowa Komisja Egzaminacyjna (Wroc\u0142aw) \u2013 autor zada\u0144 egzaminacyjnych, egzaminator, recenzent<br \/>\nWy\u017csza Szko\u0142a Medyczna w K\u0142odzku &#8211; promotor i recenzent prac dyplomowych<br \/>\nStobrawskie Centrum Medyczne &#8211; dyrektor d\/s lecznictwa<\/p>\n<p><img loading=\"lazy\" decoding=\"async\" class=\"size-large wp-image-3683 aligncenter\" src=\"https:\/\/ratmed.org\/wp-content\/uploads\/2024\/02\/2022-03-04-Uchwala-PTRM-2-2022-w-spr.-zmianu-komendanta-739x1024.jpg\" alt=\"\" width=\"739\" height=\"1024\" srcset=\"https:\/\/ratmed.org\/wp-content\/uploads\/2024\/02\/2022-03-04-Uchwala-PTRM-2-2022-w-spr.-zmianu-komendanta-739x1024.jpg 739w, https:\/\/ratmed.org\/wp-content\/uploads\/2024\/02\/2022-03-04-Uchwala-PTRM-2-2022-w-spr.-zmianu-komendanta-216x300.jpg 216w, https:\/\/ratmed.org\/wp-content\/uploads\/2024\/02\/2022-03-04-Uchwala-PTRM-2-2022-w-spr.-zmianu-komendanta-768x1064.jpg 768w, https:\/\/ratmed.org\/wp-content\/uploads\/2024\/02\/2022-03-04-Uchwala-PTRM-2-2022-w-spr.-zmianu-komendanta-1108x1536.jpg 1108w, https:\/\/ratmed.org\/wp-content\/uploads\/2024\/02\/2022-03-04-Uchwala-PTRM-2-2022-w-spr.-zmianu-komendanta-1478x2048.jpg 1478w, https:\/\/ratmed.org\/wp-content\/uploads\/2024\/02\/2022-03-04-Uchwala-PTRM-2-2022-w-spr.-zmianu-komendanta-scaled.jpg 1847w\" sizes=\"auto, (max-width: 739px) 100vw, 739px\" \/><\/p>\n<p style=\"text-align: center;\"><strong><em>Uchwa\u0142a Zarz\u0105du PTRM w sprawie powo\u0142ania obecnego Komendanta Polskiego Korpusu Ratownictwa Medycznego.<\/em><\/strong><\/p>\n<p><strong>Cz\u0142onkiem Korpusu mo\u017ce zosta\u0107 osoba<\/strong>, kt\u00f3ra:<\/p>\n<ul style=\"list-style-type: disc;\">\n<li>posiada zaw\u00f3d: lekarza, lekarza dentysty, ratownika medycznego, piel\u0119gniarki, po\u0142o\u017cnej, fizjoterapeuty, diagnosty laboratoryjnego, opiekuna medycznego;<\/li>\n<li>posiada status ratownika;<\/li>\n<li>jest studentem uczelni wy\u017cszej na kierunku medycznym, zgodnie z zawodami wymienionymi powy\u017cej;<\/li>\n<li>posiada zaw\u00f3d lub certyfikowane umiej\u0119tno\u015bci przydatne do realizacji dzia\u0142a\u0144 podejmowanych przez Korpus;<\/li>\n<li>zapozna\u0142a si\u0119 z Regulaminem Korpusu i z\u0142o\u017cy\u0142a deklaracj\u0119 wst\u0105pienia do Korpusu.<\/li>\n<\/ul>\n<p>Cz\u0142onkowie Korpusu nosz\u0105 umundurowanie, kt\u00f3rego wz\u00f3r stanowi za\u0142\u0105cznik nr 4 do Regulaminu Korpusu.<\/p>\n<p>Cz\u0142onkowie Korpusu maj\u0105 obowi\u0105zek do wzajemnego szacunku. Cz\u0142onk\u00f3w Korpusu obowi\u0105zuje zachowywanie tajemnicy s\u0142u\u017cbowej zwi\u0105zanej z udzielaniem \u015bwiadcze\u0144 medycznych.<\/p>\n<p>Dzia\u0142alno\u015b\u0107 Cz\u0142onk\u00f3w w Korpusie dzieli si\u0119 na nieodp\u0142atn\u0105 i odp\u0142atn\u0105.<\/p>\n<p>O ewentualnym wynagrodzeniu za poszczeg\u00f3lne aktywno\u015bci, w kt\u00f3rych bior\u0105 udzia\u0142 Cz\u0142onkowie Korpusu decyduje Komendant Korpusu w drodze wydanego rozkazu pisemnego, po wcze\u015bniejszej zgodzie Prezesa Zarz\u0105du G\u0142\u00f3wnego Polskiego Towarzystwa Ratownik\u00f3w Medycznych.<\/p>\n<p><strong>Podleg\u0142o\u015b\u0107 s\u0142u\u017cbowa<\/strong><\/p>\n<p>Komendant Korpusu podlega Prezesowi zarz\u0105du G\u0142\u00f3wnego Polskiego Towarzystwa Ratownik\u00f3w Medycznych.<br \/>\nKadra Korpusu podlega Komendantowi Korpusu. W Korpusie obowi\u0105zuje hierarchiczna podleg\u0142o\u015b\u0107 s\u0142u\u017cbowa. Cz\u0142onkowie Korpusu otrzymuj\u0105 stopnie, kt\u00f3re s\u0105 nadawane przez Komendanta Korpusu. Podstaw\u0105 do przyporz\u0105dkowania stopnia do osoby i funkcji stanowi za\u0142\u0105cznik nr 3 do Regulaminu Korpusu.<\/p>\n<p style=\"text-align: center;\"><img loading=\"lazy\" decoding=\"async\" class=\"wp-image-3685 size-full aligncenter\" src=\"https:\/\/ratmed.org\/wp-content\/uploads\/2024\/02\/2024-02-19-Struktura-Polskiego-Korpusu-Ratownictwa-Medycznego-1.jpg\" alt=\"\" width=\"844\" height=\"717\" srcset=\"https:\/\/ratmed.org\/wp-content\/uploads\/2024\/02\/2024-02-19-Struktura-Polskiego-Korpusu-Ratownictwa-Medycznego-1.jpg 844w, https:\/\/ratmed.org\/wp-content\/uploads\/2024\/02\/2024-02-19-Struktura-Polskiego-Korpusu-Ratownictwa-Medycznego-1-300x255.jpg 300w, https:\/\/ratmed.org\/wp-content\/uploads\/2024\/02\/2024-02-19-Struktura-Polskiego-Korpusu-Ratownictwa-Medycznego-1-768x652.jpg 768w\" sizes=\"auto, (max-width: 844px) 100vw, 844px\" \/><strong><em>Struktura organizacyjna Polskiego Korpusu Ratownictwa Medycznego.<\/em><\/strong><\/p>\n<p><strong>Mo\u017cliwo\u015bci i podejmowane dzia\u0142ania<br \/>\n<\/strong><br \/>\nPolski Korpus Ratownictwa Medycznego posiada zasoby by tworzy\u0107 punkty medyczne w sytuacji nadzwyczajnych.<br \/>\nMia\u0142o to sw\u00f3j szczeg\u00f3lny wymiar kiedy dzia\u0142aj\u0105c jako podmiot leczniczy Polski Korpus Ratownictwa Medycznego prowadzi\u0142 punkty medyczne dla uchod\u017ac\u00f3w uciekaj\u0105cych przed wojn\u0105 w Ukrainie.<br \/>\nPolski Korpus Ratownictwa Medycznego opiera si\u0119 na wolontariuszach. W zasobach Korpusu mamy deklaracj\u0119 wsp\u00f3\u0142pracy oko\u0142o 200 os\u00f3b, w tym lekarzy, ratownik\u00f3w medycznych, ratownik\u00f3w KPP oraz innych os\u00f3b kt\u00f3rych kwalifikacje mog\u0105 si\u0119 przyda\u0107 w organizacji zada\u0144 przez Korpus.<strong><br \/>\n<\/strong><\/p>\n<div><\/div>\n<div>\u00a0<span style=\"color: #ffffff;\">a<\/span><\/div>\n<div><strong>DO POBRANIA<\/strong> &#8211; <a href=\"https:\/\/ratmed.org\/wp-content\/uploads\/2024\/02\/2024-02-09-REGULAMIN-KORPUS.pdf\">Regulamin Polskiego Korpusu Ratownictwa Medycznego<\/a><\/div>\n<div><\/div>\n<div><span style=\"color: #ffffff;\">\u00a0a<\/span><\/div>\n<div><img loading=\"lazy\" decoding=\"async\" class=\"size-full wp-image-3618 aligncenter\" src=\"https:\/\/ratmed.org\/wp-content\/uploads\/2024\/02\/2024-02-09-Zdjecie-dla-korpusu-nr-1.jpg\" alt=\"\" width=\"240\" height=\"320\" srcset=\"https:\/\/ratmed.org\/wp-content\/uploads\/2024\/02\/2024-02-09-Zdjecie-dla-korpusu-nr-1.jpg 240w, https:\/\/ratmed.org\/wp-content\/uploads\/2024\/02\/2024-02-09-Zdjecie-dla-korpusu-nr-1-225x300.jpg 225w\" sizes=\"auto, (max-width: 240px) 100vw, 240px\" \/><img loading=\"lazy\" decoding=\"async\" class=\"size-full wp-image-3619 aligncenter\" src=\"https:\/\/ratmed.org\/wp-content\/uploads\/2024\/02\/2024-02-09-Zdjecie-dla-korpusu-nr-2.jpg\" alt=\"\" width=\"240\" height=\"320\" srcset=\"https:\/\/ratmed.org\/wp-content\/uploads\/2024\/02\/2024-02-09-Zdjecie-dla-korpusu-nr-2.jpg 240w, https:\/\/ratmed.org\/wp-content\/uploads\/2024\/02\/2024-02-09-Zdjecie-dla-korpusu-nr-2-225x300.jpg 225w\" sizes=\"auto, (max-width: 240px) 100vw, 240px\" \/><img loading=\"lazy\" decoding=\"async\" class=\"size-full wp-image-3621 aligncenter\" src=\"https:\/\/ratmed.org\/wp-content\/uploads\/2024\/02\/2024-02-09-Zdjecie-dla-korpusu-nr-4.jpg\" alt=\"\" width=\"320\" height=\"240\" srcset=\"https:\/\/ratmed.org\/wp-content\/uploads\/2024\/02\/2024-02-09-Zdjecie-dla-korpusu-nr-4.jpg 320w, https:\/\/ratmed.org\/wp-content\/uploads\/2024\/02\/2024-02-09-Zdjecie-dla-korpusu-nr-4-300x225.jpg 300w\" sizes=\"auto, (max-width: 320px) 100vw, 320px\" \/><\/p>\n<p><img loading=\"lazy\" decoding=\"async\" class=\"size-full wp-image-3620 aligncenter\" src=\"https:\/\/ratmed.org\/wp-content\/uploads\/2024\/02\/2024-02-09-Zdjecie-dla-korpusu-nr-3.jpg\" alt=\"\" width=\"320\" height=\"213\" srcset=\"https:\/\/ratmed.org\/wp-content\/uploads\/2024\/02\/2024-02-09-Zdjecie-dla-korpusu-nr-3.jpg 320w, https:\/\/ratmed.org\/wp-content\/uploads\/2024\/02\/2024-02-09-Zdjecie-dla-korpusu-nr-3-300x200.jpg 300w\" sizes=\"auto, (max-width: 320px) 100vw, 320px\" \/><\/p>\n<\/div>\n<div><\/div>\n","protected":false},"excerpt":{"rendered":"<p>Zarz\u0105d G\u0142\u00f3wny Polskiego Towarzystwa Ratownik\u00f3w Medycznych na podstawie \u00a729 ust. 14 w drodze uchwa\u0142y nr 12\/2020 z dnia 27 czerwca [&hellip;]<\/p>\n","protected":false},"author":1,"featured_media":0,"parent":0,"menu_order":0,"comment_status":"closed","ping_status":"closed","template":"","meta":{"footnotes":"","_links_to":"","_links_to_target":""},"class_list":["post-3608","page","type-page","status-publish","hentry"],"yoast_head":"<!-- This site is optimized with the Yoast SEO plugin v27.5 - https:\/\/yoast.com\/product\/yoast-seo-wordpress\/ -->\n<title>Polski Korpus Ratownictwa Medycznego -<\/title>\n<meta name=\"robots\" content=\"index, follow, max-snippet:-1, max-image-preview:large, max-video-preview:-1\" \/>\n<link rel=\"canonical\" href=\"https:\/\/ratmed.org\/index.php\/polskie-korpus-ratownictwa-medycznego\/\" \/>\n<meta property=\"og:locale\" content=\"pl_PL\" \/>\n<meta property=\"og:type\" content=\"article\" \/>\n<meta property=\"og:title\" content=\"Polski Korpus Ratownictwa Medycznego -\" \/>\n<meta property=\"og:description\" content=\"Zarz\u0105d G\u0142\u00f3wny Polskiego Towarzystwa Ratownik\u00f3w Medycznych na podstawie \u00a729 ust. 14 w drodze uchwa\u0142y nr 12\/2020 z dnia 27 czerwca [&hellip;]\" \/>\n<meta property=\"og:url\" content=\"https:\/\/ratmed.org\/index.php\/polskie-korpus-ratownictwa-medycznego\/\" \/>\n<meta property=\"article:modified_time\" content=\"2024-02-19T09:19:58+00:00\" \/>\n<meta property=\"og:image\" content=\"https:\/\/ratmed.org\/wp-content\/uploads\/2020\/04\/200x222_PKRM_Logo.jpg\" \/>\n<meta name=\"twitter:card\" content=\"summary_large_image\" \/>\n<meta name=\"twitter:label1\" content=\"Szacowany czas czytania\" \/>\n\t<meta name=\"twitter:data1\" content=\"6 minut\" \/>\n<script type=\"application\/ld+json\" class=\"yoast-schema-graph\">{\"@context\":\"https:\\\/\\\/schema.org\",\"@graph\":[{\"@type\":\"WebPage\",\"@id\":\"https:\\\/\\\/ratmed.org\\\/index.php\\\/polskie-korpus-ratownictwa-medycznego\\\/\",\"url\":\"https:\\\/\\\/ratmed.org\\\/index.php\\\/polskie-korpus-ratownictwa-medycznego\\\/\",\"name\":\"Polski Korpus Ratownictwa Medycznego -\",\"isPartOf\":{\"@id\":\"https:\\\/\\\/ratmed.org\\\/#website\"},\"primaryImageOfPage\":{\"@id\":\"https:\\\/\\\/ratmed.org\\\/index.php\\\/polskie-korpus-ratownictwa-medycznego\\\/#primaryimage\"},\"image\":{\"@id\":\"https:\\\/\\\/ratmed.org\\\/index.php\\\/polskie-korpus-ratownictwa-medycznego\\\/#primaryimage\"},\"thumbnailUrl\":\"https:\\\/\\\/ratmed.org\\\/wp-content\\\/uploads\\\/2020\\\/04\\\/200x222_PKRM_Logo.jpg\",\"datePublished\":\"2024-02-09T14:29:57+00:00\",\"dateModified\":\"2024-02-19T09:19:58+00:00\",\"breadcrumb\":{\"@id\":\"https:\\\/\\\/ratmed.org\\\/index.php\\\/polskie-korpus-ratownictwa-medycznego\\\/#breadcrumb\"},\"inLanguage\":\"pl-PL\",\"potentialAction\":[{\"@type\":\"ReadAction\",\"target\":[\"https:\\\/\\\/ratmed.org\\\/index.php\\\/polskie-korpus-ratownictwa-medycznego\\\/\"]}]},{\"@type\":\"ImageObject\",\"inLanguage\":\"pl-PL\",\"@id\":\"https:\\\/\\\/ratmed.org\\\/index.php\\\/polskie-korpus-ratownictwa-medycznego\\\/#primaryimage\",\"url\":\"https:\\\/\\\/ratmed.org\\\/wp-content\\\/uploads\\\/2020\\\/04\\\/200x222_PKRM_Logo.jpg\",\"contentUrl\":\"https:\\\/\\\/ratmed.org\\\/wp-content\\\/uploads\\\/2020\\\/04\\\/200x222_PKRM_Logo.jpg\",\"width\":200,\"height\":222},{\"@type\":\"BreadcrumbList\",\"@id\":\"https:\\\/\\\/ratmed.org\\\/index.php\\\/polskie-korpus-ratownictwa-medycznego\\\/#breadcrumb\",\"itemListElement\":[{\"@type\":\"ListItem\",\"position\":1,\"name\":\"Strona g\u0142\u00f3wna\",\"item\":\"https:\\\/\\\/ratmed.org\\\/\"},{\"@type\":\"ListItem\",\"position\":2,\"name\":\"Polski Korpus Ratownictwa Medycznego\"}]},{\"@type\":\"WebSite\",\"@id\":\"https:\\\/\\\/ratmed.org\\\/#website\",\"url\":\"https:\\\/\\\/ratmed.org\\\/\",\"name\":\"\",\"description\":\"Polskie Towarzystwo Ratownik\u00f3w Medycznych\",\"potentialAction\":[{\"@type\":\"SearchAction\",\"target\":{\"@type\":\"EntryPoint\",\"urlTemplate\":\"https:\\\/\\\/ratmed.org\\\/?s={search_term_string}\"},\"query-input\":{\"@type\":\"PropertyValueSpecification\",\"valueRequired\":true,\"valueName\":\"search_term_string\"}}],\"inLanguage\":\"pl-PL\"}]}<\/script>\n<!-- \/ Yoast SEO plugin. -->","yoast_head_json":{"title":"Polski Korpus Ratownictwa Medycznego -","robots":{"index":"index","follow":"follow","max-snippet":"max-snippet:-1","max-image-preview":"max-image-preview:large","max-video-preview":"max-video-preview:-1"},"canonical":"https:\/\/ratmed.org\/index.php\/polskie-korpus-ratownictwa-medycznego\/","og_locale":"pl_PL","og_type":"article","og_title":"Polski Korpus Ratownictwa Medycznego -","og_description":"Zarz\u0105d G\u0142\u00f3wny Polskiego Towarzystwa Ratownik\u00f3w Medycznych na podstawie \u00a729 ust. 14 w drodze uchwa\u0142y nr 12\/2020 z dnia 27 czerwca [&hellip;]","og_url":"https:\/\/ratmed.org\/index.php\/polskie-korpus-ratownictwa-medycznego\/","article_modified_time":"2024-02-19T09:19:58+00:00","og_image":[{"url":"https:\/\/ratmed.org\/wp-content\/uploads\/2020\/04\/200x222_PKRM_Logo.jpg","type":"","width":"","height":""}],"twitter_card":"summary_large_image","twitter_misc":{"Szacowany czas czytania":"6 minut"},"schema":{"@context":"https:\/\/schema.org","@graph":[{"@type":"WebPage","@id":"https:\/\/ratmed.org\/index.php\/polskie-korpus-ratownictwa-medycznego\/","url":"https:\/\/ratmed.org\/index.php\/polskie-korpus-ratownictwa-medycznego\/","name":"Polski Korpus Ratownictwa Medycznego -","isPartOf":{"@id":"https:\/\/ratmed.org\/#website"},"primaryImageOfPage":{"@id":"https:\/\/ratmed.org\/index.php\/polskie-korpus-ratownictwa-medycznego\/#primaryimage"},"image":{"@id":"https:\/\/ratmed.org\/index.php\/polskie-korpus-ratownictwa-medycznego\/#primaryimage"},"thumbnailUrl":"https:\/\/ratmed.org\/wp-content\/uploads\/2020\/04\/200x222_PKRM_Logo.jpg","datePublished":"2024-02-09T14:29:57+00:00","dateModified":"2024-02-19T09:19:58+00:00","breadcrumb":{"@id":"https:\/\/ratmed.org\/index.php\/polskie-korpus-ratownictwa-medycznego\/#breadcrumb"},"inLanguage":"pl-PL","potentialAction":[{"@type":"ReadAction","target":["https:\/\/ratmed.org\/index.php\/polskie-korpus-ratownictwa-medycznego\/"]}]},{"@type":"ImageObject","inLanguage":"pl-PL","@id":"https:\/\/ratmed.org\/index.php\/polskie-korpus-ratownictwa-medycznego\/#primaryimage","url":"https:\/\/ratmed.org\/wp-content\/uploads\/2020\/04\/200x222_PKRM_Logo.jpg","contentUrl":"https:\/\/ratmed.org\/wp-content\/uploads\/2020\/04\/200x222_PKRM_Logo.jpg","width":200,"height":222},{"@type":"BreadcrumbList","@id":"https:\/\/ratmed.org\/index.php\/polskie-korpus-ratownictwa-medycznego\/#breadcrumb","itemListElement":[{"@type":"ListItem","position":1,"name":"Strona g\u0142\u00f3wna","item":"https:\/\/ratmed.org\/"},{"@type":"ListItem","position":2,"name":"Polski Korpus Ratownictwa Medycznego"}]},{"@type":"WebSite","@id":"https:\/\/ratmed.org\/#website","url":"https:\/\/ratmed.org\/","name":"","description":"Polskie Towarzystwo Ratownik\u00f3w Medycznych","potentialAction":[{"@type":"SearchAction","target":{"@type":"EntryPoint","urlTemplate":"https:\/\/ratmed.org\/?s={search_term_string}"},"query-input":{"@type":"PropertyValueSpecification","valueRequired":true,"valueName":"search_term_string"}}],"inLanguage":"pl-PL"}]}},"_links":{"self":[{"href":"https:\/\/ratmed.org\/index.php\/wp-json\/wp\/v2\/pages\/3608","targetHints":{"allow":["GET"]}}],"collection":[{"href":"https:\/\/ratmed.org\/index.php\/wp-json\/wp\/v2\/pages"}],"about":[{"href":"https:\/\/ratmed.org\/index.php\/wp-json\/wp\/v2\/types\/page"}],"author":[{"embeddable":true,"href":"https:\/\/ratmed.org\/index.php\/wp-json\/wp\/v2\/users\/1"}],"replies":[{"embeddable":true,"href":"https:\/\/ratmed.org\/index.php\/wp-json\/wp\/v2\/comments?post=3608"}],"version-history":[{"count":10,"href":"https:\/\/ratmed.org\/index.php\/wp-json\/wp\/v2\/pages\/3608\/revisions"}],"predecessor-version":[{"id":3688,"href":"https:\/\/ratmed.org\/index.php\/wp-json\/wp\/v2\/pages\/3608\/revisions\/3688"}],"wp:attachment":[{"href":"https:\/\/ratmed.org\/index.php\/wp-json\/wp\/v2\/media?parent=3608"}],"curies":[{"name":"wp","href":"https:\/\/api.w.org\/{rel}","templated":true}]}}