{"id":3892,"date":"2024-07-02T11:44:25","date_gmt":"2024-07-02T10:44:25","guid":{"rendered":"https:\/\/ratmed.org\/?page_id=3892"},"modified":"2024-07-03T08:41:02","modified_gmt":"2024-07-03T07:41:02","slug":"patronaty","status":"publish","type":"page","link":"https:\/\/ratmed.org\/index.php\/patronaty\/","title":{"rendered":"Patronaty"},"content":{"rendered":"<p>(Strona w budowie)<\/p>\n<p>Na stronie dowiesz si\u0119 w jaki spos\u00f3b mo\u017cna uzyska\u0107 patronat Polskiego Towarzystwa Ratownik\u00f3w Medycznych dla reprezentowanych wydarze\u0144 naukowych i naukowo-dydaktycznych.<\/p>\n<p><a href=\"https:\/\/ratmed.org\/wp-content\/uploads\/2024\/07\/Regulamin-przynawania-patronatu-PTRM.docx\">Regulamin przynawania patronatu PTRM<\/a><\/p>\n<p><a href=\"https:\/\/ratmed.org\/wp-content\/uploads\/2024\/07\/Wniosek-patronat-PTRM.docx\">Wniosek-patronat PTRM<\/a><\/p>\n","protected":false},"excerpt":{"rendered":"<p>(Strona w budowie) Na stronie dowiesz si\u0119 w jaki spos\u00f3b mo\u017cna uzyska\u0107 patronat Polskiego Towarzystwa Ratownik\u00f3w Medycznych dla reprezentowanych wydarze\u0144 [&hellip;]<\/p>\n","protected":false},"author":1,"featured_media":0,"parent":0,"menu_order":0,"comment_status":"closed","ping_status":"closed","template":"","meta":{"footnotes":"","_links_to":"","_links_to_target":""},"class_list":["post-3892","page","type-page","status-publish","hentry"],"yoast_head":"<!-- This site is optimized with the Yoast SEO plugin v27.4 - https:\/\/yoast.com\/product\/yoast-seo-wordpress\/ -->\n<title>Patronaty -<\/title>\n<meta name=\"robots\" content=\"index, follow, max-snippet:-1, max-image-preview:large, max-video-preview:-1\" \/>\n<link rel=\"canonical\" href=\"https:\/\/ratmed.org\/index.php\/patronaty\/\" \/>\n<meta property=\"og:locale\" content=\"pl_PL\" \/>\n<meta property=\"og:type\" content=\"article\" \/>\n<meta property=\"og:title\" content=\"Patronaty -\" \/>\n<meta property=\"og:description\" content=\"(Strona w budowie) Na stronie dowiesz si\u0119 w jaki spos\u00f3b mo\u017cna uzyska\u0107 patronat Polskiego Towarzystwa Ratownik\u00f3w Medycznych dla reprezentowanych wydarze\u0144 [&hellip;]\" \/>\n<meta property=\"og:url\" content=\"https:\/\/ratmed.org\/index.php\/patronaty\/\" \/>\n<meta property=\"article:modified_time\" content=\"2024-07-03T07:41:02+00:00\" \/>\n<meta name=\"twitter:card\" content=\"summary_large_image\" \/>\n<meta name=\"twitter:label1\" content=\"Szacowany czas czytania\" \/>\n\t<meta name=\"twitter:data1\" content=\"1 minuta\" \/>\n<script type=\"application\/ld+json\" class=\"yoast-schema-graph\">{\"@context\":\"https:\\\/\\\/schema.org\",\"@graph\":[{\"@type\":\"WebPage\",\"@id\":\"https:\\\/\\\/ratmed.org\\\/index.php\\\/patronaty\\\/\",\"url\":\"https:\\\/\\\/ratmed.org\\\/index.php\\\/patronaty\\\/\",\"name\":\"Patronaty -\",\"isPartOf\":{\"@id\":\"https:\\\/\\\/ratmed.org\\\/#website\"},\"datePublished\":\"2024-07-02T10:44:25+00:00\",\"dateModified\":\"2024-07-03T07:41:02+00:00\",\"breadcrumb\":{\"@id\":\"https:\\\/\\\/ratmed.org\\\/index.php\\\/patronaty\\\/#breadcrumb\"},\"inLanguage\":\"pl-PL\",\"potentialAction\":[{\"@type\":\"ReadAction\",\"target\":[\"https:\\\/\\\/ratmed.org\\\/index.php\\\/patronaty\\\/\"]}]},{\"@type\":\"BreadcrumbList\",\"@id\":\"https:\\\/\\\/ratmed.org\\\/index.php\\\/patronaty\\\/#breadcrumb\",\"itemListElement\":[{\"@type\":\"ListItem\",\"position\":1,\"name\":\"Strona g\u0142\u00f3wna\",\"item\":\"https:\\\/\\\/ratmed.org\\\/\"},{\"@type\":\"ListItem\",\"position\":2,\"name\":\"Patronaty\"}]},{\"@type\":\"WebSite\",\"@id\":\"https:\\\/\\\/ratmed.org\\\/#website\",\"url\":\"https:\\\/\\\/ratmed.org\\\/\",\"name\":\"\",\"description\":\"Polskie Towarzystwo Ratownik\u00f3w Medycznych\",\"potentialAction\":[{\"@type\":\"SearchAction\",\"target\":{\"@type\":\"EntryPoint\",\"urlTemplate\":\"https:\\\/\\\/ratmed.org\\\/?s={search_term_string}\"},\"query-input\":{\"@type\":\"PropertyValueSpecification\",\"valueRequired\":true,\"valueName\":\"search_term_string\"}}],\"inLanguage\":\"pl-PL\"}]}<\/script>\n<!-- \/ Yoast SEO plugin. -->","yoast_head_json":{"title":"Patronaty -","robots":{"index":"index","follow":"follow","max-snippet":"max-snippet:-1","max-image-preview":"max-image-preview:large","max-video-preview":"max-video-preview:-1"},"canonical":"https:\/\/ratmed.org\/index.php\/patronaty\/","og_locale":"pl_PL","og_type":"article","og_title":"Patronaty -","og_description":"(Strona w budowie) Na stronie dowiesz si\u0119 w jaki spos\u00f3b mo\u017cna uzyska\u0107 patronat Polskiego Towarzystwa Ratownik\u00f3w Medycznych dla reprezentowanych wydarze\u0144 [&hellip;]","og_url":"https:\/\/ratmed.org\/index.php\/patronaty\/","article_modified_time":"2024-07-03T07:41:02+00:00","twitter_card":"summary_large_image","twitter_misc":{"Szacowany czas czytania":"1 minuta"},"schema":{"@context":"https:\/\/schema.org","@graph":[{"@type":"WebPage","@id":"https:\/\/ratmed.org\/index.php\/patronaty\/","url":"https:\/\/ratmed.org\/index.php\/patronaty\/","name":"Patronaty -","isPartOf":{"@id":"https:\/\/ratmed.org\/#website"},"datePublished":"2024-07-02T10:44:25+00:00","dateModified":"2024-07-03T07:41:02+00:00","breadcrumb":{"@id":"https:\/\/ratmed.org\/index.php\/patronaty\/#breadcrumb"},"inLanguage":"pl-PL","potentialAction":[{"@type":"ReadAction","target":["https:\/\/ratmed.org\/index.php\/patronaty\/"]}]},{"@type":"BreadcrumbList","@id":"https:\/\/ratmed.org\/index.php\/patronaty\/#breadcrumb","itemListElement":[{"@type":"ListItem","position":1,"name":"Strona g\u0142\u00f3wna","item":"https:\/\/ratmed.org\/"},{"@type":"ListItem","position":2,"name":"Patronaty"}]},{"@type":"WebSite","@id":"https:\/\/ratmed.org\/#website","url":"https:\/\/ratmed.org\/","name":"","description":"Polskie Towarzystwo Ratownik\u00f3w Medycznych","potentialAction":[{"@type":"SearchAction","target":{"@type":"EntryPoint","urlTemplate":"https:\/\/ratmed.org\/?s={search_term_string}"},"query-input":{"@type":"PropertyValueSpecification","valueRequired":true,"valueName":"search_term_string"}}],"inLanguage":"pl-PL"}]}},"_links":{"self":[{"href":"https:\/\/ratmed.org\/index.php\/wp-json\/wp\/v2\/pages\/3892","targetHints":{"allow":["GET"]}}],"collection":[{"href":"https:\/\/ratmed.org\/index.php\/wp-json\/wp\/v2\/pages"}],"about":[{"href":"https:\/\/ratmed.org\/index.php\/wp-json\/wp\/v2\/types\/page"}],"author":[{"embeddable":true,"href":"https:\/\/ratmed.org\/index.php\/wp-json\/wp\/v2\/users\/1"}],"replies":[{"embeddable":true,"href":"https:\/\/ratmed.org\/index.php\/wp-json\/wp\/v2\/comments?post=3892"}],"version-history":[{"count":3,"href":"https:\/\/ratmed.org\/index.php\/wp-json\/wp\/v2\/pages\/3892\/revisions"}],"predecessor-version":[{"id":3900,"href":"https:\/\/ratmed.org\/index.php\/wp-json\/wp\/v2\/pages\/3892\/revisions\/3900"}],"wp:attachment":[{"href":"https:\/\/ratmed.org\/index.php\/wp-json\/wp\/v2\/media?parent=3892"}],"curies":[{"name":"wp","href":"https:\/\/api.w.org\/{rel}","templated":true}]}}