{"id":4209,"date":"2025-12-01T09:56:58","date_gmt":"2025-12-01T08:56:58","guid":{"rendered":"https:\/\/ratmed.org\/?page_id=4209"},"modified":"2025-12-01T09:57:06","modified_gmt":"2025-12-01T08:57:06","slug":"wyklad-pana-mateusza-majchrzaka-dotyczacy-znaczenia-snu-w-kontekscie-pracy-zmianowej","status":"publish","type":"page","link":"https:\/\/ratmed.org\/index.php\/wyklad-pana-mateusza-majchrzaka-dotyczacy-znaczenia-snu-w-kontekscie-pracy-zmianowej\/","title":{"rendered":"WYK\u0141AD PANA MATEUSZA MAJCHRZAKA DOTYCZ\u0104CY ZNACZENIA SNU W KONTEK\u015aCIE PRACY ZMIANOWEJ"},"content":{"rendered":"<p align=\"JUSTIFY\">SEN W KONTEK\u015aCIE PRACY ZMIANOWEJ<\/p>\n<p align=\"JUSTIFY\">Ratownictwo medyczne to bardzo rozleg\u0142a dziedzina. Jako ratownicy medyczni zwracamy przede wszystkim uwag\u0119 na standardy post\u0119powania, leki, coraz nowocze\u015bniejszy sprz\u0119t\u2026<\/p>\n<p align=\"JUSTIFY\">Ratownictwo medyczne to tak\u017ce pasja, w kt\u00f3rej czasami si\u0119 zatracamy, kt\u00f3ra staje si\u0119 dla nas najwa\u017cniejsza, wa\u017cniejsza ni\u017c rodzina czy zdrowie\u2026<\/p>\n<p align=\"JUSTIFY\">No w\u0142a\u015bnie, czy zastanawiali\u015bmy si\u0119 kiedy\u015b, ile zdrowia ta pasja nas kosztuje?<br \/>\nZ pewno\u015bci\u0105 dopiero wtedy, gdy zaczyna szwankowa\u0107. Takie aspekty jak prawid\u0142owe od\u017cywianie, czy zdrowy sen jako\u015b nie maj\u0105 dla nas (w kontek\u015bcie obowi\u0105zk\u00f3w zawodowych) znaczenia. Zdajemy sobie spraw\u0119, \u017ce nie powinno tak by\u0107, obiecujemy zmian\u0119, ale jak zwykle nic z tego nie wychodzi.<\/p>\n<p align=\"JUSTIFY\">W za\u0142o\u017ceniu zak\u0142adka Wiedza mia\u0142a by\u0107 przeznaczona do publikowania tre\u015bci merytorycznych bezpo\u015brednio zwi\u0105zanych z naszym zawodem, ale celem PTRM jest troska o ratownik\u00f3w medycznych w ka\u017cdym wymiarze, dlatego zach\u0119cam Pa\u0144stwa do wys\u0142uchania wyk\u0142adu pana Mateusza Majchrzaka (link poni\u017cej) na temat znaczenia snu. To temat mam wra\u017cenie lekcewa\u017cony, szczeg\u00f3lnie w naszym \u015brodowisku, ale jak mo\u017cna si\u0119 dowiedzie\u0107 z materia\u0142u bardzo wa\u017cny. To tak\u017ce Wiedza, kt\u00f3ra z pewno\u015bci\u0105 przyda nam si\u0119 w naszej pracy.<\/p>\n<p align=\"RIGHT\">dr Ireneusz Barziej<\/p>\n<p align=\"RIGHT\">przewodnicz\u0105cy Rady Naukowej PTRM<\/p>\n<p><span style=\"color: #212121;\"><span style=\"font-family: Aptos, serif;\">Sen jest bardzo wa\u017cny w zawodach medycznych &#8211; nie tylko, \u017ceby si\u0119 dobrze czu\u0107, ale r\u00f3wnie\u017c by nie pope\u0142nia\u0107 b\u0142\u0119d\u00f3w. W tym podca\u015bcie stara\u0142em da\u0107 troch\u0119 porad odno\u015bnie snu u pracownik\u00f3w zmianowych.<\/span><\/span><\/p>\n<p align=\"RIGHT\">Mateusz Majchrzak<\/p>\n<p>LINK DO WYK\u0141ADU: <a href=\"https:\/\/www.youtube.com\/watch?v=GwkMvDzb6SA&amp;t=649s\"><span style=\"color: #0078d4;\"><span style=\"font-family: Aptos, serif;\">https:\/\/www.youtube.com\/watch?v=GwkMvDzb6SA&amp;t=649s<\/span><\/span><\/a><\/p>\n","protected":false},"excerpt":{"rendered":"<p>SEN W KONTEK\u015aCIE PRACY ZMIANOWEJ Ratownictwo medyczne to bardzo rozleg\u0142a dziedzina. Jako ratownicy medyczni zwracamy przede wszystkim uwag\u0119 na standardy [&hellip;]<\/p>\n","protected":false},"author":1,"featured_media":0,"parent":0,"menu_order":0,"comment_status":"closed","ping_status":"closed","template":"","meta":{"footnotes":"","_links_to":"","_links_to_target":""},"class_list":["post-4209","page","type-page","status-publish","hentry"],"yoast_head":"<!-- This site is optimized with the Yoast SEO plugin v27.4 - https:\/\/yoast.com\/product\/yoast-seo-wordpress\/ -->\n<title>WYK\u0141AD PANA MATEUSZA MAJCHRZAKA DOTYCZ\u0104CY ZNACZENIA SNU W KONTEK\u015aCIE PRACY ZMIANOWEJ -<\/title>\n<meta name=\"robots\" content=\"index, follow, max-snippet:-1, max-image-preview:large, max-video-preview:-1\" \/>\n<link rel=\"canonical\" href=\"https:\/\/ratmed.org\/index.php\/wyklad-pana-mateusza-majchrzaka-dotyczacy-znaczenia-snu-w-kontekscie-pracy-zmianowej\/\" \/>\n<meta property=\"og:locale\" content=\"pl_PL\" \/>\n<meta property=\"og:type\" content=\"article\" \/>\n<meta property=\"og:title\" content=\"WYK\u0141AD PANA MATEUSZA MAJCHRZAKA DOTYCZ\u0104CY ZNACZENIA SNU W KONTEK\u015aCIE PRACY ZMIANOWEJ -\" \/>\n<meta property=\"og:description\" content=\"SEN W KONTEK\u015aCIE PRACY ZMIANOWEJ Ratownictwo medyczne to bardzo rozleg\u0142a dziedzina. Jako ratownicy medyczni zwracamy przede wszystkim uwag\u0119 na standardy [&hellip;]\" \/>\n<meta property=\"og:url\" content=\"https:\/\/ratmed.org\/index.php\/wyklad-pana-mateusza-majchrzaka-dotyczacy-znaczenia-snu-w-kontekscie-pracy-zmianowej\/\" \/>\n<meta property=\"article:modified_time\" content=\"2025-12-01T08:57:06+00:00\" \/>\n<meta name=\"twitter:card\" content=\"summary_large_image\" \/>\n<script type=\"application\/ld+json\" class=\"yoast-schema-graph\">{\"@context\":\"https:\\\/\\\/schema.org\",\"@graph\":[{\"@type\":\"WebPage\",\"@id\":\"https:\\\/\\\/ratmed.org\\\/index.php\\\/wyklad-pana-mateusza-majchrzaka-dotyczacy-znaczenia-snu-w-kontekscie-pracy-zmianowej\\\/\",\"url\":\"https:\\\/\\\/ratmed.org\\\/index.php\\\/wyklad-pana-mateusza-majchrzaka-dotyczacy-znaczenia-snu-w-kontekscie-pracy-zmianowej\\\/\",\"name\":\"WYK\u0141AD PANA MATEUSZA MAJCHRZAKA DOTYCZ\u0104CY ZNACZENIA SNU W KONTEK\u015aCIE PRACY ZMIANOWEJ -\",\"isPartOf\":{\"@id\":\"https:\\\/\\\/ratmed.org\\\/#website\"},\"datePublished\":\"2025-12-01T08:56:58+00:00\",\"dateModified\":\"2025-12-01T08:57:06+00:00\",\"breadcrumb\":{\"@id\":\"https:\\\/\\\/ratmed.org\\\/index.php\\\/wyklad-pana-mateusza-majchrzaka-dotyczacy-znaczenia-snu-w-kontekscie-pracy-zmianowej\\\/#breadcrumb\"},\"inLanguage\":\"pl-PL\",\"potentialAction\":[{\"@type\":\"ReadAction\",\"target\":[\"https:\\\/\\\/ratmed.org\\\/index.php\\\/wyklad-pana-mateusza-majchrzaka-dotyczacy-znaczenia-snu-w-kontekscie-pracy-zmianowej\\\/\"]}]},{\"@type\":\"BreadcrumbList\",\"@id\":\"https:\\\/\\\/ratmed.org\\\/index.php\\\/wyklad-pana-mateusza-majchrzaka-dotyczacy-znaczenia-snu-w-kontekscie-pracy-zmianowej\\\/#breadcrumb\",\"itemListElement\":[{\"@type\":\"ListItem\",\"position\":1,\"name\":\"Strona g\u0142\u00f3wna\",\"item\":\"https:\\\/\\\/ratmed.org\\\/\"},{\"@type\":\"ListItem\",\"position\":2,\"name\":\"WYK\u0141AD PANA MATEUSZA MAJCHRZAKA DOTYCZ\u0104CY ZNACZENIA SNU W KONTEK\u015aCIE PRACY ZMIANOWEJ\"}]},{\"@type\":\"WebSite\",\"@id\":\"https:\\\/\\\/ratmed.org\\\/#website\",\"url\":\"https:\\\/\\\/ratmed.org\\\/\",\"name\":\"\",\"description\":\"Polskie Towarzystwo Ratownik\u00f3w Medycznych\",\"potentialAction\":[{\"@type\":\"SearchAction\",\"target\":{\"@type\":\"EntryPoint\",\"urlTemplate\":\"https:\\\/\\\/ratmed.org\\\/?s={search_term_string}\"},\"query-input\":{\"@type\":\"PropertyValueSpecification\",\"valueRequired\":true,\"valueName\":\"search_term_string\"}}],\"inLanguage\":\"pl-PL\"}]}<\/script>\n<!-- \/ Yoast SEO plugin. -->","yoast_head_json":{"title":"WYK\u0141AD PANA MATEUSZA MAJCHRZAKA DOTYCZ\u0104CY ZNACZENIA SNU W KONTEK\u015aCIE PRACY ZMIANOWEJ -","robots":{"index":"index","follow":"follow","max-snippet":"max-snippet:-1","max-image-preview":"max-image-preview:large","max-video-preview":"max-video-preview:-1"},"canonical":"https:\/\/ratmed.org\/index.php\/wyklad-pana-mateusza-majchrzaka-dotyczacy-znaczenia-snu-w-kontekscie-pracy-zmianowej\/","og_locale":"pl_PL","og_type":"article","og_title":"WYK\u0141AD PANA MATEUSZA MAJCHRZAKA DOTYCZ\u0104CY ZNACZENIA SNU W KONTEK\u015aCIE PRACY ZMIANOWEJ -","og_description":"SEN W KONTEK\u015aCIE PRACY ZMIANOWEJ Ratownictwo medyczne to bardzo rozleg\u0142a dziedzina. Jako ratownicy medyczni zwracamy przede wszystkim uwag\u0119 na standardy [&hellip;]","og_url":"https:\/\/ratmed.org\/index.php\/wyklad-pana-mateusza-majchrzaka-dotyczacy-znaczenia-snu-w-kontekscie-pracy-zmianowej\/","article_modified_time":"2025-12-01T08:57:06+00:00","twitter_card":"summary_large_image","schema":{"@context":"https:\/\/schema.org","@graph":[{"@type":"WebPage","@id":"https:\/\/ratmed.org\/index.php\/wyklad-pana-mateusza-majchrzaka-dotyczacy-znaczenia-snu-w-kontekscie-pracy-zmianowej\/","url":"https:\/\/ratmed.org\/index.php\/wyklad-pana-mateusza-majchrzaka-dotyczacy-znaczenia-snu-w-kontekscie-pracy-zmianowej\/","name":"WYK\u0141AD PANA MATEUSZA MAJCHRZAKA DOTYCZ\u0104CY ZNACZENIA SNU W KONTEK\u015aCIE PRACY ZMIANOWEJ -","isPartOf":{"@id":"https:\/\/ratmed.org\/#website"},"datePublished":"2025-12-01T08:56:58+00:00","dateModified":"2025-12-01T08:57:06+00:00","breadcrumb":{"@id":"https:\/\/ratmed.org\/index.php\/wyklad-pana-mateusza-majchrzaka-dotyczacy-znaczenia-snu-w-kontekscie-pracy-zmianowej\/#breadcrumb"},"inLanguage":"pl-PL","potentialAction":[{"@type":"ReadAction","target":["https:\/\/ratmed.org\/index.php\/wyklad-pana-mateusza-majchrzaka-dotyczacy-znaczenia-snu-w-kontekscie-pracy-zmianowej\/"]}]},{"@type":"BreadcrumbList","@id":"https:\/\/ratmed.org\/index.php\/wyklad-pana-mateusza-majchrzaka-dotyczacy-znaczenia-snu-w-kontekscie-pracy-zmianowej\/#breadcrumb","itemListElement":[{"@type":"ListItem","position":1,"name":"Strona g\u0142\u00f3wna","item":"https:\/\/ratmed.org\/"},{"@type":"ListItem","position":2,"name":"WYK\u0141AD PANA MATEUSZA MAJCHRZAKA DOTYCZ\u0104CY ZNACZENIA SNU W KONTEK\u015aCIE PRACY ZMIANOWEJ"}]},{"@type":"WebSite","@id":"https:\/\/ratmed.org\/#website","url":"https:\/\/ratmed.org\/","name":"","description":"Polskie Towarzystwo Ratownik\u00f3w Medycznych","potentialAction":[{"@type":"SearchAction","target":{"@type":"EntryPoint","urlTemplate":"https:\/\/ratmed.org\/?s={search_term_string}"},"query-input":{"@type":"PropertyValueSpecification","valueRequired":true,"valueName":"search_term_string"}}],"inLanguage":"pl-PL"}]}},"_links":{"self":[{"href":"https:\/\/ratmed.org\/index.php\/wp-json\/wp\/v2\/pages\/4209","targetHints":{"allow":["GET"]}}],"collection":[{"href":"https:\/\/ratmed.org\/index.php\/wp-json\/wp\/v2\/pages"}],"about":[{"href":"https:\/\/ratmed.org\/index.php\/wp-json\/wp\/v2\/types\/page"}],"author":[{"embeddable":true,"href":"https:\/\/ratmed.org\/index.php\/wp-json\/wp\/v2\/users\/1"}],"replies":[{"embeddable":true,"href":"https:\/\/ratmed.org\/index.php\/wp-json\/wp\/v2\/comments?post=4209"}],"version-history":[{"count":2,"href":"https:\/\/ratmed.org\/index.php\/wp-json\/wp\/v2\/pages\/4209\/revisions"}],"predecessor-version":[{"id":4211,"href":"https:\/\/ratmed.org\/index.php\/wp-json\/wp\/v2\/pages\/4209\/revisions\/4211"}],"wp:attachment":[{"href":"https:\/\/ratmed.org\/index.php\/wp-json\/wp\/v2\/media?parent=4209"}],"curies":[{"name":"wp","href":"https:\/\/api.w.org\/{rel}","templated":true}]}}