{"id":957,"date":"2018-11-27T21:47:59","date_gmt":"2018-11-27T20:47:59","guid":{"rendered":"http:\/\/ratmed.org\/?page_id=957"},"modified":"2019-02-21T18:11:23","modified_gmt":"2019-02-21T17:11:23","slug":"v-miedzynarodowe-paramistrzostwa-pierwszej-pomocy","status":"publish","type":"page","link":"https:\/\/ratmed.org\/index.php\/v-miedzynarodowe-paramistrzostwa-pierwszej-pomocy\/","title":{"rendered":"V Mi\u0119dzynarodowe Paramistrzostwa Pierwszej Pomocy"},"content":{"rendered":"<div id=\"pl-957\"  class=\"panel-layout\" ><div id=\"pg-957-0\"  class=\"panel-grid panel-no-style\" ><div id=\"pgc-957-0-0\"  class=\"panel-grid-cell\" ><div id=\"panel-957-0-0-0\" class=\"so-panel widget widget_text panel-first-child panel-last-child\" data-index=\"0\" ><h3 class=\"widget-title\">PATRONAT HONOROWY<\/h3>\t\t\t<div class=\"textwidget\"><p>Pani Prezydentowa Agata Kornhauser-Duda<\/p>\n<p><img loading=\"lazy\" decoding=\"async\" class=\"alignnone size-large wp-image-1168\" src=\"http:\/\/ratmed.org\/wp-content\/uploads\/2019\/01\/List-Pani-Prezydentowej-724x1024.jpg\" alt=\"\" width=\"724\" height=\"1024\" srcset=\"https:\/\/ratmed.org\/wp-content\/uploads\/2019\/01\/List-Pani-Prezydentowej-724x1024.jpg 724w, https:\/\/ratmed.org\/wp-content\/uploads\/2019\/01\/List-Pani-Prezydentowej-212x300.jpg 212w, https:\/\/ratmed.org\/wp-content\/uploads\/2019\/01\/List-Pani-Prezydentowej-768x1086.jpg 768w, https:\/\/ratmed.org\/wp-content\/uploads\/2019\/01\/List-Pani-Prezydentowej.jpg 827w\" sizes=\"auto, (max-width: 724px) 100vw, 724px\" \/><\/p>\n<\/div>\n\t\t<\/div><\/div><div id=\"pgc-957-0-1\"  class=\"panel-grid-cell\" ><div id=\"panel-957-0-1-0\" class=\"so-panel widget widget_text panel-first-child panel-last-child\" data-index=\"1\" >\t\t\t<div class=\"textwidget\"><p style=\"text-align: center;\"><span style=\"font-size: 18pt;\"><strong>ORGANIZATOR<br \/><\/strong><\/span><\/p>\n<p><img loading=\"lazy\" decoding=\"async\" class=\"alignnone size-full wp-image-394 aligncenter\" src=\"http:\/\/ratmed.org\/wp-content\/uploads\/2018\/01\/Logo_transparent_150x150.png\" alt=\"\" width=\"150\" height=\"150\"><\/p>\n<p>&nbsp;<\/p>\n<\/div>\n\t\t<\/div><\/div><div id=\"pgc-957-0-2\"  class=\"panel-grid-cell\" ><div id=\"panel-957-0-2-0\" class=\"so-panel widget widget_text panel-first-child\" data-index=\"2\" ><h3 class=\"widget-title\">WSP\u00d3\u0141ORGANIZATORZY<\/h3>\t\t\t<div class=\"textwidget\"><p><img loading=\"lazy\" decoding=\"async\" class=\"size-full wp-image-1209 alignnone\" src=\"http:\/\/ratmed.org\/wp-content\/uploads\/2019\/02\/ORLE-GNIAZDO.png\" alt=\"\" width=\"150\" height=\"150\"><img loading=\"lazy\" decoding=\"async\" class=\"size-full wp-image-1210 alignleft\" src=\"http:\/\/ratmed.org\/wp-content\/uploads\/2019\/02\/POWIAT-BIELSKI-\u2014-kopia.png\" alt=\"\" width=\"100\" height=\"100\"><\/p>\n<\/div>\n\t\t<\/div><div id=\"panel-957-0-2-1\" class=\"so-panel widget widget_text panel-last-child\" data-index=\"3\" ><h3 class=\"widget-title\">PARTNERZY<\/h3>\t\t\t<div class=\"textwidget\"><p>&nbsp;<\/p>\n<p><img loading=\"lazy\" decoding=\"async\" class=\"alignnone size-full wp-image-1290\" src=\"http:\/\/ratmed.org\/wp-content\/uploads\/2019\/02\/GOPR-SZCZYRK-\u2014-kopia.png\" alt=\"\" width=\"60\" height=\"60\"><img loading=\"lazy\" decoding=\"async\" class=\"alignnone size-full wp-image-1291\" src=\"http:\/\/ratmed.org\/wp-content\/uploads\/2019\/02\/OSP-SZCZYRK-\u2014-kopia.jpg\" alt=\"\" width=\"60\" height=\"61\"><img loading=\"lazy\" decoding=\"async\" class=\"alignnone size-full wp-image-1292\" src=\"http:\/\/ratmed.org\/wp-content\/uploads\/2019\/02\/policja-\u2014-kopia.jpg\" alt=\"\" width=\"91\" height=\"55\"><\/p>\n<\/div>\n\t\t<\/div><\/div><\/div><div id=\"pg-957-1\"  class=\"panel-grid panel-no-style\" ><div id=\"pgc-957-1-0\"  class=\"panel-grid-cell\" ><div id=\"panel-957-1-0-0\" class=\"so-panel widget widget_text panel-first-child panel-last-child\" data-index=\"4\" >\t\t\t<div class=\"textwidget\"><p><img loading=\"lazy\" decoding=\"async\" class=\"alignleft wp-image-1034 size-thumbnail\" src=\"http:\/\/ratmed.org\/wp-content\/uploads\/2019\/01\/pierwsza-pomoc.maly-\u2014-kopia-150x150.png\" alt=\"\" width=\"150\" height=\"150\" srcset=\"https:\/\/ratmed.org\/wp-content\/uploads\/2019\/01\/pierwsza-pomoc.maly-\u2014-kopia-150x150.png 150w, https:\/\/ratmed.org\/wp-content\/uploads\/2019\/01\/pierwsza-pomoc.maly-\u2014-kopia-300x300.png 300w, https:\/\/ratmed.org\/wp-content\/uploads\/2019\/01\/pierwsza-pomoc.maly-\u2014-kopia.png 591w\" sizes=\"auto, (max-width: 150px) 100vw, 150px\" \/>Udzielanie wsparcia osobom, kt\u00f3re wymagaj\u0105 szczeg\u00f3lnej uwagi ze strony innych jest istot\u0105 naszego funkcjonowania w spo\u0142ecze\u0144stwie. St\u0105d wszelkie dzia\u0142ania ukierunkowane na wsparcie os\u00f3b z niepe\u0142nosprawno\u015bci\u0105, s\u0105 wa\u017cnym gestem wobec tej grupy os\u00f3b.<br \/>Polskie Towarzystwo Ratownik\u00f3w Medycznych, wychodz\u0105c naprzeciw potrzebom os\u00f3b niepe\u0142nosprawnych podj\u0119\u0142o si\u0119 organizacji <strong>V Mi\u0119dzynarodowych Paramistrzostw Pierwszej Pomocy.<\/strong><\/p>\n<p>Podejmuj\u0105c si\u0119 tego wyzwania, chcemy nauczy\u0107 a nast\u0119pnie pozwoli\u0107 uczestnikom na sprawdzenie swoich umiej\u0119tno\u015bci w warunkach symulowanych, oddaj\u0105cych rzeczywist\u0105 sytuacj\u0119 osoby, kt\u00f3ra potrzebuje udzielenia pierwszej pomocy. Taki spos\u00f3b przekazywania wiedzy, a zarazem sprawdzenia umiej\u0119tno\u015bci jest najlepszym sposobem nauki. Dla os\u00f3b z niepe\u0142nosprawno\u015bci\u0105, posiadanie umiej\u0119tno\u015bci udzielania pierwszej pomocy jest bardzo wa\u017cne. Wypracowanie prostych nawyk\u00f3w, kt\u00f3re mog\u0105 innemu cz\u0142owiekowi pom\u00f3c w sytuacji zagro\u017cenia zdrowia b\u0105d\u017a \u017cycia, pozwala skutecznie ratowa\u0107 \u017cycie.<\/p>\n<p>V Mi\u0119dzynarodowe Paramistrzostwa Pierwszej Pomocy b\u0119d\u0105 sk\u0142ada\u0142y si\u0119 z dw\u00f3ch etap\u00f3w. W pierwszej cz\u0119\u015bci uczestnicy bior\u0105 udzia\u0142 w dwudniowych warsztatach, na kt\u00f3rych poznaj\u0105 zasady pierwszej pomocy. Jednocze\u015bnie zdobywaj\u0105 umiej\u0119tno\u015bci praktyczne, pozwalaj\u0105ce wypracowa\u0107 trwa\u0142e nawyki. Nast\u0119pnie w kolejnym terminie, uczestnicy zg\u0142oszeni jako czteroosobowe dru\u017cyny, b\u0119d\u0105 bra\u0107 udzia\u0142 w rywalizacji. Ka\u017cda z dru\u017cyn we\u017amie udzia\u0142 w przygotowanych konkurencjach praktycznych oraz w zadaniu teoretycznym.<\/p>\n<p>Zach\u0119camy \u015brodowiska os\u00f3b z niepe\u0142nosprawno\u015bci\u0105, do zapoznania si\u0119 z regulaminem mistrzostw oraz przes\u0142ania swojego zg\u0142oszenia, za po\u015brednictwem formularza zg\u0142oszeniowego.<br \/>Udzia\u0142 w V Mi\u0119dzynarodowych Paramistrzostwach Pierwszej Pomocy z pewno\u015bci\u0105 przyczyni si\u0119 do lepszej integracji os\u00f3b niepe\u0142nosprawnych.<\/p>\n<\/div>\n\t\t<\/div><\/div><div id=\"pgc-957-1-1\"  class=\"panel-grid-cell\" ><div id=\"panel-957-1-1-0\" class=\"so-panel widget widget_nav_menu panel-first-child panel-last-child\" data-index=\"5\" ><h3 class=\"widget-title\">Informacje<\/h3><div class=\"menu-zawody-container\"><ul id=\"menu-zawody\" class=\"menu\"><li id=\"menu-item-1076\" class=\"menu-item menu-item-type-post_type menu-item-object-page menu-item-1076\"><a href=\"https:\/\/ratmed.org\/index.php\/v-miedzynarodowe-paramistrzostwa-pierwszej-pomocy\/\">Strona g\u0142\u00f3wna mistrzostw<\/a><\/li>\n<li id=\"menu-item-1087\" class=\"menu-item menu-item-type-post_type menu-item-object-page menu-item-1087\"><a href=\"https:\/\/ratmed.org\/index.php\/formularz-zgloszeniowy\/\">Formularz zg\u0142oszeniowy<\/a><\/li>\n<li id=\"menu-item-1118\" class=\"menu-item menu-item-type-post_type menu-item-object-page menu-item-1118\"><a href=\"https:\/\/ratmed.org\/index.php\/regulamin-zawodow-2\/\">Regulamin zawod\u00f3w<\/a><\/li>\n<li id=\"menu-item-1173\" class=\"menu-item menu-item-type-post_type menu-item-object-page menu-item-1173\"><a href=\"https:\/\/ratmed.org\/index.php\/sedziowie-zawodow\/\">S\u0119dziowie<\/a><\/li>\n<\/ul><\/div><\/div><\/div><\/div><div id=\"pg-957-2\"  class=\"panel-grid panel-no-style\" ><div id=\"pgc-957-2-0\"  class=\"panel-grid-cell\" ><div id=\"panel-957-2-0-0\" class=\"so-panel widget widget_text panel-first-child panel-last-child\" data-index=\"6\" >\t\t\t<div class=\"textwidget\"><p>&nbsp;<\/p>\n<\/div>\n\t\t<\/div><\/div><\/div><\/div>","protected":false},"excerpt":{"rendered":"<p>Pani Prezydentowa Agata Kornhauser-Duda ORGANIZATOR&nbsp; &nbsp; Udzielanie wsparcia osobom, kt\u00f3re wymagaj\u0105 szczeg\u00f3lnej uwagi ze strony innych jest istot\u0105 naszego funkcjonowania [&hellip;]<\/p>\n","protected":false},"author":1,"featured_media":0,"parent":0,"menu_order":0,"comment_status":"closed","ping_status":"closed","template":"","meta":{"footnotes":"","_links_to":"","_links_to_target":""},"class_list":["post-957","page","type-page","status-publish","hentry"],"yoast_head":"<!-- This site is optimized with the Yoast SEO plugin v27.3 - https:\/\/yoast.com\/product\/yoast-seo-wordpress\/ -->\n<title>V Mi\u0119dzynarodowe Paramistrzostwa Pierwszej Pomocy -<\/title>\n<meta name=\"robots\" content=\"index, follow, max-snippet:-1, max-image-preview:large, max-video-preview:-1\" \/>\n<link rel=\"canonical\" href=\"https:\/\/ratmed.org\/index.php\/v-miedzynarodowe-paramistrzostwa-pierwszej-pomocy\/\" \/>\n<meta property=\"og:locale\" content=\"pl_PL\" \/>\n<meta property=\"og:type\" content=\"article\" \/>\n<meta property=\"og:title\" content=\"V Mi\u0119dzynarodowe Paramistrzostwa Pierwszej Pomocy -\" \/>\n<meta property=\"og:description\" content=\"Pani Prezydentowa Agata Kornhauser-Duda ORGANIZATOR&nbsp; &nbsp; Udzielanie wsparcia osobom, kt\u00f3re wymagaj\u0105 szczeg\u00f3lnej uwagi ze strony innych jest istot\u0105 naszego funkcjonowania [&hellip;]\" \/>\n<meta property=\"og:url\" content=\"https:\/\/ratmed.org\/index.php\/v-miedzynarodowe-paramistrzostwa-pierwszej-pomocy\/\" \/>\n<meta property=\"article:modified_time\" content=\"2019-02-21T17:11:23+00:00\" \/>\n<meta property=\"og:image\" content=\"http:\/\/ratmed.org\/wp-content\/uploads\/2019\/01\/List-Pani-Prezydentowej-724x1024.jpg\" \/>\n<meta name=\"twitter:card\" content=\"summary_large_image\" \/>\n<meta name=\"twitter:label1\" content=\"Szacowany czas czytania\" \/>\n\t<meta name=\"twitter:data1\" content=\"2 minuty\" \/>\n<script type=\"application\/ld+json\" class=\"yoast-schema-graph\">{\"@context\":\"https:\\\/\\\/schema.org\",\"@graph\":[{\"@type\":\"WebPage\",\"@id\":\"https:\\\/\\\/ratmed.org\\\/index.php\\\/v-miedzynarodowe-paramistrzostwa-pierwszej-pomocy\\\/\",\"url\":\"https:\\\/\\\/ratmed.org\\\/index.php\\\/v-miedzynarodowe-paramistrzostwa-pierwszej-pomocy\\\/\",\"name\":\"V Mi\u0119dzynarodowe Paramistrzostwa Pierwszej Pomocy -\",\"isPartOf\":{\"@id\":\"https:\\\/\\\/ratmed.org\\\/#website\"},\"primaryImageOfPage\":{\"@id\":\"https:\\\/\\\/ratmed.org\\\/index.php\\\/v-miedzynarodowe-paramistrzostwa-pierwszej-pomocy\\\/#primaryimage\"},\"image\":{\"@id\":\"https:\\\/\\\/ratmed.org\\\/index.php\\\/v-miedzynarodowe-paramistrzostwa-pierwszej-pomocy\\\/#primaryimage\"},\"thumbnailUrl\":\"http:\\\/\\\/ratmed.org\\\/wp-content\\\/uploads\\\/2019\\\/01\\\/List-Pani-Prezydentowej-724x1024.jpg\",\"datePublished\":\"2018-11-27T20:47:59+00:00\",\"dateModified\":\"2019-02-21T17:11:23+00:00\",\"breadcrumb\":{\"@id\":\"https:\\\/\\\/ratmed.org\\\/index.php\\\/v-miedzynarodowe-paramistrzostwa-pierwszej-pomocy\\\/#breadcrumb\"},\"inLanguage\":\"pl-PL\",\"potentialAction\":[{\"@type\":\"ReadAction\",\"target\":[\"https:\\\/\\\/ratmed.org\\\/index.php\\\/v-miedzynarodowe-paramistrzostwa-pierwszej-pomocy\\\/\"]}]},{\"@type\":\"ImageObject\",\"inLanguage\":\"pl-PL\",\"@id\":\"https:\\\/\\\/ratmed.org\\\/index.php\\\/v-miedzynarodowe-paramistrzostwa-pierwszej-pomocy\\\/#primaryimage\",\"url\":\"http:\\\/\\\/ratmed.org\\\/wp-content\\\/uploads\\\/2019\\\/01\\\/List-Pani-Prezydentowej-724x1024.jpg\",\"contentUrl\":\"http:\\\/\\\/ratmed.org\\\/wp-content\\\/uploads\\\/2019\\\/01\\\/List-Pani-Prezydentowej-724x1024.jpg\"},{\"@type\":\"BreadcrumbList\",\"@id\":\"https:\\\/\\\/ratmed.org\\\/index.php\\\/v-miedzynarodowe-paramistrzostwa-pierwszej-pomocy\\\/#breadcrumb\",\"itemListElement\":[{\"@type\":\"ListItem\",\"position\":1,\"name\":\"Strona g\u0142\u00f3wna\",\"item\":\"https:\\\/\\\/ratmed.org\\\/\"},{\"@type\":\"ListItem\",\"position\":2,\"name\":\"V Mi\u0119dzynarodowe Paramistrzostwa Pierwszej Pomocy\"}]},{\"@type\":\"WebSite\",\"@id\":\"https:\\\/\\\/ratmed.org\\\/#website\",\"url\":\"https:\\\/\\\/ratmed.org\\\/\",\"name\":\"\",\"description\":\"Polskie Towarzystwo Ratownik\u00f3w Medycznych\",\"potentialAction\":[{\"@type\":\"SearchAction\",\"target\":{\"@type\":\"EntryPoint\",\"urlTemplate\":\"https:\\\/\\\/ratmed.org\\\/?s={search_term_string}\"},\"query-input\":{\"@type\":\"PropertyValueSpecification\",\"valueRequired\":true,\"valueName\":\"search_term_string\"}}],\"inLanguage\":\"pl-PL\"}]}<\/script>\n<!-- \/ Yoast SEO plugin. -->","yoast_head_json":{"title":"V Mi\u0119dzynarodowe Paramistrzostwa Pierwszej Pomocy -","robots":{"index":"index","follow":"follow","max-snippet":"max-snippet:-1","max-image-preview":"max-image-preview:large","max-video-preview":"max-video-preview:-1"},"canonical":"https:\/\/ratmed.org\/index.php\/v-miedzynarodowe-paramistrzostwa-pierwszej-pomocy\/","og_locale":"pl_PL","og_type":"article","og_title":"V Mi\u0119dzynarodowe Paramistrzostwa Pierwszej Pomocy -","og_description":"Pani Prezydentowa Agata Kornhauser-Duda ORGANIZATOR&nbsp; &nbsp; Udzielanie wsparcia osobom, kt\u00f3re wymagaj\u0105 szczeg\u00f3lnej uwagi ze strony innych jest istot\u0105 naszego funkcjonowania [&hellip;]","og_url":"https:\/\/ratmed.org\/index.php\/v-miedzynarodowe-paramistrzostwa-pierwszej-pomocy\/","article_modified_time":"2019-02-21T17:11:23+00:00","og_image":[{"url":"http:\/\/ratmed.org\/wp-content\/uploads\/2019\/01\/List-Pani-Prezydentowej-724x1024.jpg","type":"","width":"","height":""}],"twitter_card":"summary_large_image","twitter_misc":{"Szacowany czas czytania":"2 minuty"},"schema":{"@context":"https:\/\/schema.org","@graph":[{"@type":"WebPage","@id":"https:\/\/ratmed.org\/index.php\/v-miedzynarodowe-paramistrzostwa-pierwszej-pomocy\/","url":"https:\/\/ratmed.org\/index.php\/v-miedzynarodowe-paramistrzostwa-pierwszej-pomocy\/","name":"V Mi\u0119dzynarodowe Paramistrzostwa Pierwszej Pomocy -","isPartOf":{"@id":"https:\/\/ratmed.org\/#website"},"primaryImageOfPage":{"@id":"https:\/\/ratmed.org\/index.php\/v-miedzynarodowe-paramistrzostwa-pierwszej-pomocy\/#primaryimage"},"image":{"@id":"https:\/\/ratmed.org\/index.php\/v-miedzynarodowe-paramistrzostwa-pierwszej-pomocy\/#primaryimage"},"thumbnailUrl":"http:\/\/ratmed.org\/wp-content\/uploads\/2019\/01\/List-Pani-Prezydentowej-724x1024.jpg","datePublished":"2018-11-27T20:47:59+00:00","dateModified":"2019-02-21T17:11:23+00:00","breadcrumb":{"@id":"https:\/\/ratmed.org\/index.php\/v-miedzynarodowe-paramistrzostwa-pierwszej-pomocy\/#breadcrumb"},"inLanguage":"pl-PL","potentialAction":[{"@type":"ReadAction","target":["https:\/\/ratmed.org\/index.php\/v-miedzynarodowe-paramistrzostwa-pierwszej-pomocy\/"]}]},{"@type":"ImageObject","inLanguage":"pl-PL","@id":"https:\/\/ratmed.org\/index.php\/v-miedzynarodowe-paramistrzostwa-pierwszej-pomocy\/#primaryimage","url":"http:\/\/ratmed.org\/wp-content\/uploads\/2019\/01\/List-Pani-Prezydentowej-724x1024.jpg","contentUrl":"http:\/\/ratmed.org\/wp-content\/uploads\/2019\/01\/List-Pani-Prezydentowej-724x1024.jpg"},{"@type":"BreadcrumbList","@id":"https:\/\/ratmed.org\/index.php\/v-miedzynarodowe-paramistrzostwa-pierwszej-pomocy\/#breadcrumb","itemListElement":[{"@type":"ListItem","position":1,"name":"Strona g\u0142\u00f3wna","item":"https:\/\/ratmed.org\/"},{"@type":"ListItem","position":2,"name":"V Mi\u0119dzynarodowe Paramistrzostwa Pierwszej Pomocy"}]},{"@type":"WebSite","@id":"https:\/\/ratmed.org\/#website","url":"https:\/\/ratmed.org\/","name":"","description":"Polskie Towarzystwo Ratownik\u00f3w Medycznych","potentialAction":[{"@type":"SearchAction","target":{"@type":"EntryPoint","urlTemplate":"https:\/\/ratmed.org\/?s={search_term_string}"},"query-input":{"@type":"PropertyValueSpecification","valueRequired":true,"valueName":"search_term_string"}}],"inLanguage":"pl-PL"}]}},"_links":{"self":[{"href":"https:\/\/ratmed.org\/index.php\/wp-json\/wp\/v2\/pages\/957","targetHints":{"allow":["GET"]}}],"collection":[{"href":"https:\/\/ratmed.org\/index.php\/wp-json\/wp\/v2\/pages"}],"about":[{"href":"https:\/\/ratmed.org\/index.php\/wp-json\/wp\/v2\/types\/page"}],"author":[{"embeddable":true,"href":"https:\/\/ratmed.org\/index.php\/wp-json\/wp\/v2\/users\/1"}],"replies":[{"embeddable":true,"href":"https:\/\/ratmed.org\/index.php\/wp-json\/wp\/v2\/comments?post=957"}],"version-history":[{"count":43,"href":"https:\/\/ratmed.org\/index.php\/wp-json\/wp\/v2\/pages\/957\/revisions"}],"predecessor-version":[{"id":1294,"href":"https:\/\/ratmed.org\/index.php\/wp-json\/wp\/v2\/pages\/957\/revisions\/1294"}],"wp:attachment":[{"href":"https:\/\/ratmed.org\/index.php\/wp-json\/wp\/v2\/media?parent=957"}],"curies":[{"name":"wp","href":"https:\/\/api.w.org\/{rel}","templated":true}]}}